{"id":9976,"date":"2026-01-24T08:07:49","date_gmt":"2026-01-24T08:07:49","guid":{"rendered":"https:\/\/e-systemygrzewcze.eu\/sklep\/produkt\/secespol-wymiennik-plytowy-lb-31-30\/"},"modified":"2026-03-30T10:19:01","modified_gmt":"2026-03-30T10:19:01","slug":"secespol-wymiennik-plytowy-lb-31-30","status":"publish","type":"product","link":"https:\/\/e-systemygrzewcze.eu\/sklep\/produkt\/secespol-wymiennik-plytowy-lb-31-30\/","title":{"rendered":"SECESPOL Wymiennik p\u0142ytowy (LB 31-30-1&#8243;)"},"content":{"rendered":"<div class=\"flex max-w-full flex-col grow\">\n<div class=\"min-h-8 text-message relative flex w-full flex-col items-end gap-2 text-start break-words whitespace-normal [.text-message+&amp;]:mt-1\" dir=\"auto\" data-message-author-role=\"assistant\" data-message-id=\"e9c1e2f1-4920-4280-97bb-95d862e1189a\" data-message-model-slug=\"gpt-5-2\">\n<div class=\"flex w-full flex-col gap-1 empty:hidden first:pt-[1px]\">\n<div class=\"markdown prose dark:prose-invert w-full wrap-break-word dark markdown-new-styling\">\n<h3 data-start=\"0\" data-end=\"58\">\ud83d\udd25 <strong data-start=\"7\" data-end=\"58\">SECESPOL Wymiennik p\u0142ytowy LB 31-30 (0203-0063)<\/strong><\/h3>\n<p data-start=\"60\" data-end=\"506\"><strong data-start=\"60\" data-end=\"81\">SECESPOL LB 31-30<\/strong> to <strong data-start=\"85\" data-end=\"123\">lutowany miedzi\u0105 wymiennik p\u0142ytowy<\/strong> z serii <strong data-start=\"132\" data-end=\"142\">L-line<\/strong>, przeznaczony do standardowych instalacji grzewczych i ch\u0142odniczych typu <strong data-start=\"216\" data-end=\"231\">ciecz\u2013ciecz<\/strong>. Dzi\u0119ki zoptymalizowanej geometrii kana\u0142\u00f3w przep\u0142ywowych zapewnia bardzo dobry kompromis pomi\u0119dzy <strong data-start=\"330\" data-end=\"359\">niskimi oporami przep\u0142ywu<\/strong> a <strong data-start=\"362\" data-end=\"401\">wysok\u0105 efektywno\u015bci\u0105 wymiany ciep\u0142a<\/strong>. Sprawdzona konstrukcja czyni go idealnym rozwi\u0105zaniem do instalacji domowych i ma\u0142ych w\u0119z\u0142\u00f3w cieplnych.<\/p>\n<hr data-start=\"508\" data-end=\"511\" \/>\n<h2 data-start=\"513\" data-end=\"532\">\u2705 Cechy produktu<\/h2>\n<ul data-start=\"533\" data-end=\"983\">\n<li data-start=\"533\" data-end=\"621\">\n<p data-start=\"535\" data-end=\"621\"><strong data-start=\"535\" data-end=\"573\">Wysoki wsp\u00f3\u0142czynnik wymiany ciep\u0142a<\/strong> \u2013 efektywna praca przy kompaktowych wymiarach<\/p>\n<\/li>\n<li data-start=\"622\" data-end=\"683\">\n<p data-start=\"624\" data-end=\"683\"><strong data-start=\"624\" data-end=\"659\">Zwarta i kompaktowa konstrukcja<\/strong> \u2013 oszcz\u0119dno\u015b\u0107 miejsca<\/p>\n<\/li>\n<li data-start=\"684\" data-end=\"741\">\n<p data-start=\"686\" data-end=\"741\"><strong data-start=\"686\" data-end=\"706\">Jednoprzep\u0142ywowy<\/strong> \u2013 stabilna i przewidywalna praca<\/p>\n<\/li>\n<li data-start=\"742\" data-end=\"830\">\n<p data-start=\"744\" data-end=\"830\"><strong data-start=\"744\" data-end=\"784\">Lutowanie miedzi\u0105 w piecu pr\u00f3\u017cniowym<\/strong> \u2013 trwa\u0142a szczelno\u015b\u0107 i odporno\u015b\u0107 konstrukcji<\/p>\n<\/li>\n<li data-start=\"831\" data-end=\"882\">\n<p data-start=\"833\" data-end=\"882\"><strong data-start=\"833\" data-end=\"880\">Odporno\u015b\u0107 na wysok\u0105 temperatur\u0119 i ci\u015bnienie<\/strong><\/p>\n<\/li>\n<li data-start=\"883\" data-end=\"914\">\n<p data-start=\"885\" data-end=\"914\"><strong data-start=\"885\" data-end=\"912\">\u0141atwy monta\u017c i demonta\u017c<\/strong><\/p>\n<\/li>\n<li data-start=\"915\" data-end=\"983\">\n<p data-start=\"917\" data-end=\"983\"><strong data-start=\"917\" data-end=\"947\">Materia\u0142y wysokiej jako\u015bci<\/strong> \u2013 stal nierdzewna i lut miedziany<\/p>\n<\/li>\n<\/ul>\n<hr data-start=\"985\" data-end=\"988\" \/>\n<h2 data-start=\"990\" data-end=\"1011\">\u2699\ufe0f Dane techniczne<\/h2>\n<ul data-start=\"1012\" data-end=\"1317\">\n<li data-start=\"1012\" data-end=\"1035\">\n<p data-start=\"1014\" data-end=\"1035\">Model: <strong data-start=\"1021\" data-end=\"1033\">LB 31-30<\/strong><\/p>\n<\/li>\n<li data-start=\"1036\" data-end=\"1084\">\n<p data-start=\"1038\" data-end=\"1084\">Typ: <strong data-start=\"1043\" data-end=\"1082\">wymiennik p\u0142ytowy, lutowany miedzi\u0105<\/strong><\/p>\n<\/li>\n<li data-start=\"1085\" data-end=\"1106\">\n<p data-start=\"1087\" data-end=\"1106\">Seria: <strong data-start=\"1094\" data-end=\"1104\">L-line<\/strong><\/p>\n<\/li>\n<li data-start=\"1107\" data-end=\"1139\">\n<p data-start=\"1109\" data-end=\"1139\">Wersja: <strong data-start=\"1117\" data-end=\"1137\">jednoprzep\u0142ywowa<\/strong><\/p>\n<\/li>\n<li data-start=\"1140\" data-end=\"1168\">\n<p data-start=\"1142\" data-end=\"1168\">Moc nominalna: <strong data-start=\"1157\" data-end=\"1166\">35 kW<\/strong><\/p>\n<\/li>\n<li data-start=\"1169\" data-end=\"1192\">\n<p data-start=\"1171\" data-end=\"1192\">Liczba p\u0142yt: <strong data-start=\"1184\" data-end=\"1190\">30<\/strong><\/p>\n<\/li>\n<li data-start=\"1193\" data-end=\"1221\">\n<p data-start=\"1195\" data-end=\"1221\">Przy\u0142\u0105cza: <strong data-start=\"1206\" data-end=\"1219\">4 \u00d7 1&#8243; GZ<\/strong><\/p>\n<\/li>\n<li data-start=\"1222\" data-end=\"1249\">\n<p data-start=\"1224\" data-end=\"1249\">Medium: <strong data-start=\"1232\" data-end=\"1247\">ciecz\u2013ciecz<\/strong><\/p>\n<\/li>\n<li data-start=\"1250\" data-end=\"1288\">\n<p data-start=\"1252\" data-end=\"1288\">Materia\u0142 p\u0142yt: <strong data-start=\"1267\" data-end=\"1286\">stal nierdzewna<\/strong><\/p>\n<\/li>\n<li data-start=\"1289\" data-end=\"1317\">\n<p data-start=\"1291\" data-end=\"1317\">Materia\u0142 lutu: <strong data-start=\"1306\" data-end=\"1315\">mied\u017a<\/strong><\/p>\n<\/li>\n<\/ul>\n<hr data-start=\"1319\" data-end=\"1322\" \/>\n<h2 data-start=\"1324\" data-end=\"1342\">\ud83c\udfe0 Zastosowanie<\/h2>\n<ul data-start=\"1343\" data-end=\"1556\">\n<li data-start=\"1343\" data-end=\"1384\">\n<p data-start=\"1345\" data-end=\"1384\">instalacje <strong data-start=\"1356\" data-end=\"1382\">centralnego ogrzewania<\/strong><\/p>\n<\/li>\n<li data-start=\"1385\" data-end=\"1406\">\n<p data-start=\"1387\" data-end=\"1406\"><strong data-start=\"1387\" data-end=\"1404\">w\u0119z\u0142y cieplne<\/strong><\/p>\n<\/li>\n<li data-start=\"1407\" data-end=\"1429\">\n<p data-start=\"1409\" data-end=\"1429\"><strong data-start=\"1409\" data-end=\"1427\">kot\u0142y grzewcze<\/strong><\/p>\n<\/li>\n<li data-start=\"1430\" data-end=\"1464\">\n<p data-start=\"1432\" data-end=\"1464\"><strong data-start=\"1432\" data-end=\"1462\">kominki z p\u0142aszczem wodnym<\/strong><\/p>\n<\/li>\n<li data-start=\"1465\" data-end=\"1506\">\n<p data-start=\"1467\" data-end=\"1506\">instalacje <strong data-start=\"1478\" data-end=\"1492\">ch\u0142odnicze<\/strong> ciecz\u2013ciecz<\/p>\n<\/li>\n<li data-start=\"1507\" data-end=\"1556\">\n<p data-start=\"1509\" data-end=\"1556\">systemy hydrauliczne w budynkach mieszkalnych<\/p>\n<\/li>\n<\/ul>\n<hr data-start=\"1558\" data-end=\"1561\" \/>\n<h3 data-start=\"1563\" data-end=\"1582\">\ud83d\udcdd Podsumowanie<\/h3>\n<p data-start=\"1583\" data-end=\"1888\" data-is-last-node=\"\" data-is-only-node=\"\"><strong data-start=\"1583\" data-end=\"1604\">SECESPOL LB 31-30<\/strong> to niezawodny i wydajny wymiennik p\u0142ytowy do szerokiego zakresu zastosowa\u0144 grzewczych i ch\u0142odniczych. Kompaktowa budowa, wysoka sprawno\u015b\u0107 oraz trwa\u0142a konstrukcja lutowana miedzi\u0105 sprawiaj\u0105, \u017ce jest to sprawdzone rozwi\u0105zanie do domowych instalacji oraz ma\u0142ych system\u00f3w energetycznych.<\/p>\n<\/div>\n<\/div>\n<\/div>\n<\/div>\n<div class=\"z-0 flex min-h-[46px] justify-start\"><\/div>\n","protected":false},"excerpt":{"rendered":"<p><strong>SECESPOL LB 31-30 to niezawodny i wydajny wymiennik p\u0142ytowy do szerokiego zakresu zastosowa\u0144 grzewczych i ch\u0142odniczych. Kompaktowa budowa, wysoka sprawno\u015b\u0107 oraz trwa\u0142a konstrukcja lutowana miedzi\u0105 sprawiaj\u0105, \u017ce jest to sprawdzone rozwi\u0105zanie do domowych instalacji oraz ma\u0142ych system\u00f3w energetycznych.<\/strong><\/p>\n","protected":false},"featured_media":9977,"template":"","meta":{"_kad_blocks_custom_css":"","_kad_blocks_head_custom_js":"","_kad_blocks_body_custom_js":"","_kad_blocks_footer_custom_js":"","_kad_post_transparent":"default","_kad_post_title":"","_kad_post_layout":"default","_kad_post_sidebar_id":"","_kad_post_content_style":"default","_kad_post_vertical_padding":"default","_kad_post_feature":"","_kad_post_feature_position":"","_kad_post_header":false,"_kad_post_footer":false,"_kad_post_classname":""},"product_brand":[480],"product_cat":[376],"product_tag":[],"class_list":{"0":"post-9976","1":"product","2":"type-product","3":"status-publish","4":"has-post-thumbnail","6":"product_brand-secespol","7":"product_cat-wezly-cieplne","8":"product_shipping_class-drobnica","10":"first","11":"instock","12":"taxable","13":"shipping-taxable","14":"purchasable","15":"product-type-simple","16":"entry","17":"content-bg","18":"loop-entry"},"taxonomy_info":{"product_brand":[{"value":480,"label":"SECESPOL"}],"product_cat":[{"value":376,"label":"W\u0119z\u0142y cieplne"}]},"featured_image_src_large":["https:\/\/e-systemygrzewcze.eu\/sklep\/wp-content\/uploads\/2026\/01\/Nowy-projekt-60-1.jpg",510,587,false],"author_info":[],"comment_info":"","_links":{"self":[{"href":"https:\/\/e-systemygrzewcze.eu\/sklep\/wp-json\/wp\/v2\/product\/9976","targetHints":{"allow":["GET"]}}],"collection":[{"href":"https:\/\/e-systemygrzewcze.eu\/sklep\/wp-json\/wp\/v2\/product"}],"about":[{"href":"https:\/\/e-systemygrzewcze.eu\/sklep\/wp-json\/wp\/v2\/types\/product"}],"wp:featuredmedia":[{"embeddable":true,"href":"https:\/\/e-systemygrzewcze.eu\/sklep\/wp-json\/wp\/v2\/media\/9977"}],"wp:attachment":[{"href":"https:\/\/e-systemygrzewcze.eu\/sklep\/wp-json\/wp\/v2\/media?parent=9976"}],"wp:term":[{"taxonomy":"product_brand","embeddable":true,"href":"https:\/\/e-systemygrzewcze.eu\/sklep\/wp-json\/wp\/v2\/product_brand?post=9976"},{"taxonomy":"product_cat","embeddable":true,"href":"https:\/\/e-systemygrzewcze.eu\/sklep\/wp-json\/wp\/v2\/product_cat?post=9976"},{"taxonomy":"product_tag","embeddable":true,"href":"https:\/\/e-systemygrzewcze.eu\/sklep\/wp-json\/wp\/v2\/product_tag?post=9976"}],"curies":[{"name":"wp","href":"https:\/\/api.w.org\/{rel}","templated":true}]}}