{"id":9814,"date":"2026-01-22T09:08:06","date_gmt":"2026-01-22T09:08:06","guid":{"rendered":"https:\/\/e-systemygrzewcze.eu\/sklep\/produkt\/lacznik-szyny-40x40mm-srebrny\/"},"modified":"2026-04-10T06:11:05","modified_gmt":"2026-04-10T06:11:05","slug":"lacznik-szyny-40x40mm-srebrny","status":"publish","type":"product","link":"https:\/\/e-systemygrzewcze.eu\/sklep\/produkt\/lacznik-szyny-40x40mm-srebrny\/","title":{"rendered":"\u0141\u0105cznik szyny 40x40mm srebrny"},"content":{"rendered":"","protected":false},"excerpt":{"rendered":"<p><strong>\u0141\u0105cznik szyny srebrny przeznaczony jest do trwa\u0142ego \u0142\u0105czenia profili monta\u017cowych w konstrukcjach fotowoltaicznych. Zapewnia stabilno\u015b\u0107 ca\u0142ego uk\u0142adu oraz u\u0142atwia prawid\u0142owy monta\u017c element\u00f3w no\u015bnych. Produkt sprawdzi si\u0119 w systemach PV montowanych na dachach i konstrukcjach naziemnych.<\/strong><\/p>\n","protected":false},"featured_media":9815,"template":"","meta":{"_kad_blocks_custom_css":"","_kad_blocks_head_custom_js":"","_kad_blocks_body_custom_js":"","_kad_blocks_footer_custom_js":"","_kad_post_transparent":"default","_kad_post_title":"","_kad_post_layout":"default","_kad_post_sidebar_id":"","_kad_post_content_style":"default","_kad_post_vertical_padding":"default","_kad_post_feature":"","_kad_post_feature_position":"","_kad_post_header":false,"_kad_post_footer":false,"_kad_post_classname":""},"product_brand":[],"product_cat":[249],"product_tag":[],"class_list":{"0":"post-9814","1":"product","2":"type-product","3":"status-publish","4":"has-post-thumbnail","6":"product_cat-mocowanie","7":"product_shipping_class-drobnica","9":"first","10":"instock","11":"taxable","12":"shipping-taxable","13":"purchasable","14":"product-type-simple","15":"entry","16":"content-bg","17":"loop-entry"},"taxonomy_info":{"product_cat":[{"value":249,"label":"Mocowania konstrukcji"}]},"featured_image_src_large":["https:\/\/e-systemygrzewcze.eu\/sklep\/wp-content\/uploads\/2026\/01\/Nowy-projekt-2026-01-22T100653.507.jpg",510,587,false],"author_info":[],"comment_info":"","_links":{"self":[{"href":"https:\/\/e-systemygrzewcze.eu\/sklep\/wp-json\/wp\/v2\/product\/9814","targetHints":{"allow":["GET"]}}],"collection":[{"href":"https:\/\/e-systemygrzewcze.eu\/sklep\/wp-json\/wp\/v2\/product"}],"about":[{"href":"https:\/\/e-systemygrzewcze.eu\/sklep\/wp-json\/wp\/v2\/types\/product"}],"wp:featuredmedia":[{"embeddable":true,"href":"https:\/\/e-systemygrzewcze.eu\/sklep\/wp-json\/wp\/v2\/media\/9815"}],"wp:attachment":[{"href":"https:\/\/e-systemygrzewcze.eu\/sklep\/wp-json\/wp\/v2\/media?parent=9814"}],"wp:term":[{"taxonomy":"product_brand","embeddable":true,"href":"https:\/\/e-systemygrzewcze.eu\/sklep\/wp-json\/wp\/v2\/product_brand?post=9814"},{"taxonomy":"product_cat","embeddable":true,"href":"https:\/\/e-systemygrzewcze.eu\/sklep\/wp-json\/wp\/v2\/product_cat?post=9814"},{"taxonomy":"product_tag","embeddable":true,"href":"https:\/\/e-systemygrzewcze.eu\/sklep\/wp-json\/wp\/v2\/product_tag?post=9814"}],"curies":[{"name":"wp","href":"https:\/\/api.w.org\/{rel}","templated":true}]}}