{"id":9741,"date":"2026-01-21T13:29:40","date_gmt":"2026-01-21T13:29:40","guid":{"rendered":"https:\/\/e-systemygrzewcze.eu\/sklep\/produkt\/trytytki-opaski-zaciskowe-czarne-4-8-250mm\/"},"modified":"2026-03-30T10:22:48","modified_gmt":"2026-03-30T10:22:48","slug":"trytytki-opaski-zaciskowe-czarne-4-8-250mm","status":"publish","type":"product","link":"https:\/\/e-systemygrzewcze.eu\/sklep\/produkt\/trytytki-opaski-zaciskowe-czarne-4-8-250mm\/","title":{"rendered":"Trytytki opaski zaciskowe czarne 4.8\/250mm  (100szt.)"},"content":{"rendered":"","protected":false},"excerpt":{"rendered":"<p><strong>Trytytki \u2013 opaski zaciskowe czarne 4,8 \u00d7 250 mm (100 szt.) to solidne akcesoria monta\u017cowe przeznaczone do spinania i organizacji przewod\u00f3w, kabli oraz element\u00f3w instalacyjnych. Wykonane z wytrzyma\u0142ego tworzywa zapewniaj\u0105 trwa\u0142e i pewne mocowanie w instalacjach elektrycznych, domu oraz warsztacie<\/strong><\/p>\n","protected":false},"featured_media":9744,"template":"","meta":{"_kad_blocks_custom_css":"","_kad_blocks_head_custom_js":"","_kad_blocks_body_custom_js":"","_kad_blocks_footer_custom_js":"","_kad_post_transparent":"default","_kad_post_title":"","_kad_post_layout":"default","_kad_post_sidebar_id":"","_kad_post_content_style":"default","_kad_post_vertical_padding":"default","_kad_post_feature":"","_kad_post_feature_position":"","_kad_post_header":false,"_kad_post_footer":false,"_kad_post_classname":""},"product_brand":[],"product_cat":[250],"product_tag":[],"class_list":{"0":"post-9741","1":"product","2":"type-product","3":"status-publish","4":"has-post-thumbnail","6":"product_cat-akcesoria-fotowoltaika","7":"product_shipping_class-drobnica","9":"first","10":"instock","11":"taxable","12":"shipping-taxable","13":"purchasable","14":"product-type-simple","15":"entry","16":"content-bg","17":"loop-entry"},"taxonomy_info":{"product_cat":[{"value":250,"label":"Akcesoria elektryczne"}]},"featured_image_src_large":["https:\/\/e-systemygrzewcze.eu\/sklep\/wp-content\/uploads\/2026\/01\/Nowy-projekt-2026-01-21T142145.209.jpg",759,841,false],"author_info":[],"comment_info":"","_links":{"self":[{"href":"https:\/\/e-systemygrzewcze.eu\/sklep\/wp-json\/wp\/v2\/product\/9741","targetHints":{"allow":["GET"]}}],"collection":[{"href":"https:\/\/e-systemygrzewcze.eu\/sklep\/wp-json\/wp\/v2\/product"}],"about":[{"href":"https:\/\/e-systemygrzewcze.eu\/sklep\/wp-json\/wp\/v2\/types\/product"}],"wp:featuredmedia":[{"embeddable":true,"href":"https:\/\/e-systemygrzewcze.eu\/sklep\/wp-json\/wp\/v2\/media\/9744"}],"wp:attachment":[{"href":"https:\/\/e-systemygrzewcze.eu\/sklep\/wp-json\/wp\/v2\/media?parent=9741"}],"wp:term":[{"taxonomy":"product_brand","embeddable":true,"href":"https:\/\/e-systemygrzewcze.eu\/sklep\/wp-json\/wp\/v2\/product_brand?post=9741"},{"taxonomy":"product_cat","embeddable":true,"href":"https:\/\/e-systemygrzewcze.eu\/sklep\/wp-json\/wp\/v2\/product_cat?post=9741"},{"taxonomy":"product_tag","embeddable":true,"href":"https:\/\/e-systemygrzewcze.eu\/sklep\/wp-json\/wp\/v2\/product_tag?post=9741"}],"curies":[{"name":"wp","href":"https:\/\/api.w.org\/{rel}","templated":true}]}}