{"id":9739,"date":"2026-01-21T13:29:35","date_gmt":"2026-01-21T13:29:35","guid":{"rendered":"https:\/\/e-systemygrzewcze.eu\/sklep\/produkt\/trytytki-opaski-zaciskowe-czarne-7-6-500mm\/"},"modified":"2026-03-30T10:22:51","modified_gmt":"2026-03-30T10:22:51","slug":"trytytki-opaski-zaciskowe-czarne-7-6-500mm","status":"publish","type":"product","link":"https:\/\/e-systemygrzewcze.eu\/sklep\/produkt\/trytytki-opaski-zaciskowe-czarne-7-6-500mm\/","title":{"rendered":"Trytytki opaski zaciskowe czarne 7.6\/500mm  (100szt.)"},"content":{"rendered":"","protected":false},"excerpt":{"rendered":"<p><strong>Trytytki \u2013 opaski zaciskowe czarne 7,6 \u00d7 500 mm (100 szt.) to mocne i trwa\u0142e akcesoria monta\u017cowe, idealne do spinania du\u017cych wi\u0105zek kabli i przewod\u00f3w. Wykonane z wytrzyma\u0142ego tworzywa, zapewniaj\u0105 solidne i bezpieczne mocowanie w instalacjach elektrycznych, warsztacie i pracach przemys\u0142owych. <\/strong><\/p>\n","protected":false},"featured_media":9744,"template":"","meta":{"_kad_blocks_custom_css":"","_kad_blocks_head_custom_js":"","_kad_blocks_body_custom_js":"","_kad_blocks_footer_custom_js":"","_kad_post_transparent":"default","_kad_post_title":"","_kad_post_layout":"default","_kad_post_sidebar_id":"","_kad_post_content_style":"default","_kad_post_vertical_padding":"default","_kad_post_feature":"","_kad_post_feature_position":"","_kad_post_header":false,"_kad_post_footer":false,"_kad_post_classname":""},"product_brand":[],"product_cat":[250],"product_tag":[],"class_list":{"0":"post-9739","1":"product","2":"type-product","3":"status-publish","4":"has-post-thumbnail","6":"product_cat-akcesoria-fotowoltaika","7":"product_shipping_class-drobnica","9":"first","10":"instock","11":"taxable","12":"shipping-taxable","13":"purchasable","14":"product-type-simple","15":"entry","16":"content-bg","17":"loop-entry"},"taxonomy_info":{"product_cat":[{"value":250,"label":"Akcesoria elektryczne"}]},"featured_image_src_large":["https:\/\/e-systemygrzewcze.eu\/sklep\/wp-content\/uploads\/2026\/01\/Nowy-projekt-2026-01-21T142145.209.jpg",759,841,false],"author_info":[],"comment_info":"","_links":{"self":[{"href":"https:\/\/e-systemygrzewcze.eu\/sklep\/wp-json\/wp\/v2\/product\/9739","targetHints":{"allow":["GET"]}}],"collection":[{"href":"https:\/\/e-systemygrzewcze.eu\/sklep\/wp-json\/wp\/v2\/product"}],"about":[{"href":"https:\/\/e-systemygrzewcze.eu\/sklep\/wp-json\/wp\/v2\/types\/product"}],"wp:featuredmedia":[{"embeddable":true,"href":"https:\/\/e-systemygrzewcze.eu\/sklep\/wp-json\/wp\/v2\/media\/9744"}],"wp:attachment":[{"href":"https:\/\/e-systemygrzewcze.eu\/sklep\/wp-json\/wp\/v2\/media?parent=9739"}],"wp:term":[{"taxonomy":"product_brand","embeddable":true,"href":"https:\/\/e-systemygrzewcze.eu\/sklep\/wp-json\/wp\/v2\/product_brand?post=9739"},{"taxonomy":"product_cat","embeddable":true,"href":"https:\/\/e-systemygrzewcze.eu\/sklep\/wp-json\/wp\/v2\/product_cat?post=9739"},{"taxonomy":"product_tag","embeddable":true,"href":"https:\/\/e-systemygrzewcze.eu\/sklep\/wp-json\/wp\/v2\/product_tag?post=9739"}],"curies":[{"name":"wp","href":"https:\/\/api.w.org\/{rel}","templated":true}]}}