{"id":9692,"date":"2026-01-21T10:15:17","date_gmt":"2026-01-21T10:15:17","guid":{"rendered":"https:\/\/e-systemygrzewcze.eu\/sklep\/produkt\/kospel-czujnik-c-w-u-we-019-01-pl\/"},"modified":"2026-04-07T08:59:34","modified_gmt":"2026-04-07T08:59:34","slug":"kospel-czujnik-c-w-u-we-019-01-pl","status":"publish","type":"product","link":"https:\/\/e-systemygrzewcze.eu\/sklep\/produkt\/kospel-czujnik-c-w-u-we-019-01-pl\/","title":{"rendered":"KOSPEL Czujnik C.W.U.  (WE-019\/01.pl)"},"content":{"rendered":"<h4 data-start=\"0\" data-end=\"47\">\ud83d\udd27 <strong data-start=\"3\" data-end=\"45\">KOSPEL \u2013 czujnik C.W.U. (WE-019\/01.pl)<\/strong><\/h4>\n<p data-start=\"49\" data-end=\"431\">Czujnik <strong data-start=\"57\" data-end=\"80\">KOSPEL WE-019\/01.pl<\/strong> to specjalistyczny element pomiarowy przeznaczony do <strong data-start=\"134\" data-end=\"195\">monitorowania temperatury ciep\u0142ej wody u\u017cytkowej (C.W.U.)<\/strong> w instalacjach grzewczych i podgrzewania wody. Jego zadaniem jest precyzyjny pomiar temperatury w zasobniku lub obiegu C.W.U., co umo\u017cliwia efektywne i bezpieczne sterowanie prac\u0105 kot\u0142a, pompy, zabezpiecze\u0144 lub regulator\u00f3w temperatury.<\/p>\n<hr data-start=\"433\" data-end=\"436\" \/>\n<h3 data-start=\"438\" data-end=\"460\">\u2705 <strong data-start=\"444\" data-end=\"460\">Zastosowanie<\/strong><\/h3>\n<p data-start=\"461\" data-end=\"511\">Czujnik WE-019\/01.pl przeznaczony jest do pracy w:<\/p>\n<ul data-start=\"512\" data-end=\"735\">\n<li data-start=\"512\" data-end=\"577\">\n<p data-start=\"514\" data-end=\"577\">zasobnikach ciep\u0142ej wody u\u017cytkowej (bojlerach, podgrzewaczach),<\/p>\n<\/li>\n<li data-start=\"578\" data-end=\"615\">\n<p data-start=\"580\" data-end=\"615\">systemach C.O. z podgrzewem C.W.U.,<\/p>\n<\/li>\n<li data-start=\"616\" data-end=\"660\">\n<p data-start=\"618\" data-end=\"660\">regulatorach i sterownikach kot\u0142\u00f3w Kospel,<\/p>\n<\/li>\n<li data-start=\"661\" data-end=\"735\">\n<p data-start=\"663\" data-end=\"735\">instalacjach wymagaj\u0105cych dok\u0142adnego pomiaru temperatury wody u\u017cytkowej.<\/p>\n<\/li>\n<\/ul>\n<p data-start=\"737\" data-end=\"899\">Jest kompatybilny z urz\u0105dzeniami marki <strong data-start=\"776\" data-end=\"786\">KOSPEL<\/strong>, ale mo\u017ce r\u00f3wnie\u017c wsp\u00f3\u0142pracowa\u0107 z innymi sterownikami i regulatorami akceptuj\u0105cymi analogowy sygna\u0142 temperatury.<\/p>\n<hr data-start=\"901\" data-end=\"904\" \/>\n<h3 data-start=\"906\" data-end=\"935\">\ud83d\udd0d <strong data-start=\"913\" data-end=\"935\">Funkcje i korzy\u015bci<\/strong><\/h3>\n<ul data-start=\"936\" data-end=\"1375\">\n<li data-start=\"936\" data-end=\"1029\">\n<p data-start=\"938\" data-end=\"1029\"><strong data-start=\"938\" data-end=\"978\">Precyzyjny pomiar temperatury C.W.U.<\/strong> \u2013 pozwala na efektywne sterowanie grzaniem wody,<\/p>\n<\/li>\n<li data-start=\"1030\" data-end=\"1115\">\n<p data-start=\"1032\" data-end=\"1115\"><strong data-start=\"1032\" data-end=\"1064\">Poprawa komfortu u\u017cytkowania<\/strong> \u2013 stabilna i w\u0142a\u015bciwa temperatura wody w kranie,<\/p>\n<\/li>\n<li data-start=\"1116\" data-end=\"1190\">\n<p data-start=\"1118\" data-end=\"1190\"><strong data-start=\"1118\" data-end=\"1160\">Optymalizacja pracy systemu grzewczego<\/strong> \u2013 mniejsze zu\u017cycie energii,<\/p>\n<\/li>\n<li data-start=\"1191\" data-end=\"1284\">\n<p data-start=\"1193\" data-end=\"1284\"><strong data-start=\"1193\" data-end=\"1246\">Kompatybilno\u015b\u0107 z elektronik\u0105 kot\u0142a i regulatorami<\/strong> \u2013 integracja z systemem sterowania,<\/p>\n<\/li>\n<li data-start=\"1285\" data-end=\"1375\">\n<p data-start=\"1287\" data-end=\"1375\"><strong data-start=\"1287\" data-end=\"1318\">Prosty monta\u017c i pod\u0142\u0105czenie<\/strong> \u2013 szybka instalacja w zbiorniku lub uk\u0142adzie pomiarowym.<\/p>\n<\/li>\n<\/ul>\n<hr data-start=\"1377\" data-end=\"1380\" \/>\n<h3 data-start=\"1382\" data-end=\"1438\">\ud83d\udcd0 <strong data-start=\"1389\" data-end=\"1438\">Dane techniczne (typowe dla czujnik\u00f3w C.W.U.)<\/strong><\/h3>\n<blockquote data-start=\"1439\" data-end=\"1603\">\n<p data-start=\"1441\" data-end=\"1603\"><em data-start=\"1441\" data-end=\"1603\">Uwaga: dok\u0142adne parametry mog\u0105 si\u0119 r\u00f3\u017cni\u0107 w zale\u017cno\u015bci od wersji czujnika i dokumentacji producenta; poni\u017csze warto\u015bci s\u0105 typowe dla podobnych czujnik\u00f3w Kospel.<\/em><\/p>\n<\/blockquote>\n<ul data-start=\"1605\" data-end=\"1976\">\n<li data-start=\"1605\" data-end=\"1645\">\n<p data-start=\"1607\" data-end=\"1645\"><strong data-start=\"1607\" data-end=\"1624\">Typ czujnika:<\/strong> temperatury C.W.U.<\/p>\n<\/li>\n<li data-start=\"1646\" data-end=\"1673\">\n<p data-start=\"1648\" data-end=\"1673\"><strong data-start=\"1648\" data-end=\"1658\">Model:<\/strong> WE-019\/01.pl<\/p>\n<\/li>\n<li data-start=\"1674\" data-end=\"1738\">\n<p data-start=\"1676\" data-end=\"1738\"><strong data-start=\"1676\" data-end=\"1694\">Przeznaczenie:<\/strong> pomiar temperatury ciep\u0142ej wody u\u017cytkowej<\/p>\n<\/li>\n<li data-start=\"1739\" data-end=\"1807\">\n<p data-start=\"1741\" data-end=\"1807\"><strong data-start=\"1741\" data-end=\"1758\">Zastosowanie:<\/strong> zasobniki C.W.U., podgrzewacze, kot\u0142y grzewcze<\/p>\n<\/li>\n<li data-start=\"1808\" data-end=\"1881\">\n<p data-start=\"1810\" data-end=\"1881\"><strong data-start=\"1810\" data-end=\"1831\">Zakres pomiarowy:<\/strong> standardowo 0\u00b0C \u2013 99\u00b0C (zale\u017cnie od urz\u0105dzenia)<\/p>\n<\/li>\n<li data-start=\"1882\" data-end=\"1976\">\n<p data-start=\"1884\" data-end=\"1976\"><strong data-start=\"1884\" data-end=\"1905\">Sygna\u0142 wyj\u015bciowy:<\/strong> zgodny z wej\u015bciem regulatora (np. PT100\/NTC, w zale\u017cno\u015bci od wersji)<\/p>\n<\/li>\n<\/ul>\n<hr data-start=\"1978\" data-end=\"1981\" \/>\n<h3 data-start=\"1983\" data-end=\"2006\">\ud83e\uddfe <strong data-start=\"1990\" data-end=\"2006\">Podsumowanie<\/strong><\/h3>\n<p data-start=\"2007\" data-end=\"2345\">Czujnik <strong data-start=\"2015\" data-end=\"2038\">KOSPEL WE-019\/01.pl<\/strong> to praktyczne i niezb\u0119dne urz\u0105dzenie do precyzyjnego pomiaru temperatury w instalacjach C.W.U. U\u0142atwia kontrol\u0119 nad temperatur\u0105 wody, wp\u0142ywa na komfort u\u017cytkowania oraz poprawia efektywno\u015b\u0107 systemu grzewczego. Dzi\u0119ki kompatybilno\u015bci z elektronik\u0105 kot\u0142\u00f3w i regulator\u00f3w, jego monta\u017c jest szybki i intuicyjny.<\/p>\n","protected":false},"excerpt":{"rendered":"<p><strong>Czujnik KOSPEL WE-019\/01.pl to praktyczne i niezb\u0119dne urz\u0105dzenie do precyzyjnego pomiaru temperatury w instalacjach C.W.U. U\u0142atwia kontrol\u0119 nad temperatur\u0105 wody, wp\u0142ywa na komfort u\u017cytkowania oraz poprawia efektywno\u015b\u0107 systemu grzewczego. Dzi\u0119ki kompatybilno\u015bci z elektronik\u0105 kot\u0142\u00f3w i regulator\u00f3w, jego monta\u017c jest szybki i intuicyjny.<\/strong><\/p>\n","protected":false},"featured_media":9695,"template":"","meta":{"_kad_blocks_custom_css":"","_kad_blocks_head_custom_js":"","_kad_blocks_body_custom_js":"","_kad_blocks_footer_custom_js":"","_kad_post_transparent":"default","_kad_post_title":"","_kad_post_layout":"default","_kad_post_sidebar_id":"","_kad_post_content_style":"default","_kad_post_vertical_padding":"default","_kad_post_feature":"","_kad_post_feature_position":"","_kad_post_header":false,"_kad_post_footer":false,"_kad_post_classname":""},"product_brand":[364],"product_cat":[316],"product_tag":[],"class_list":{"0":"post-9692","1":"product","2":"type-product","3":"status-publish","4":"has-post-thumbnail","6":"product_brand-kospel","7":"product_cat-akcesoria-do-zbiornikow","8":"product_shipping_class-drobnica","10":"first","11":"instock","12":"taxable","13":"shipping-taxable","14":"purchasable","15":"product-type-simple","16":"entry","17":"content-bg","18":"loop-entry"},"taxonomy_info":{"product_brand":[{"value":364,"label":"Kospel"}],"product_cat":[{"value":316,"label":"Akcesoria do zbiornik\u00f3w"}]},"featured_image_src_large":["https:\/\/e-systemygrzewcze.eu\/sklep\/wp-content\/uploads\/2026\/01\/Nowy-projekt-34-1.jpg",510,587,false],"author_info":[],"comment_info":"","_links":{"self":[{"href":"https:\/\/e-systemygrzewcze.eu\/sklep\/wp-json\/wp\/v2\/product\/9692","targetHints":{"allow":["GET"]}}],"collection":[{"href":"https:\/\/e-systemygrzewcze.eu\/sklep\/wp-json\/wp\/v2\/product"}],"about":[{"href":"https:\/\/e-systemygrzewcze.eu\/sklep\/wp-json\/wp\/v2\/types\/product"}],"wp:featuredmedia":[{"embeddable":true,"href":"https:\/\/e-systemygrzewcze.eu\/sklep\/wp-json\/wp\/v2\/media\/9695"}],"wp:attachment":[{"href":"https:\/\/e-systemygrzewcze.eu\/sklep\/wp-json\/wp\/v2\/media?parent=9692"}],"wp:term":[{"taxonomy":"product_brand","embeddable":true,"href":"https:\/\/e-systemygrzewcze.eu\/sklep\/wp-json\/wp\/v2\/product_brand?post=9692"},{"taxonomy":"product_cat","embeddable":true,"href":"https:\/\/e-systemygrzewcze.eu\/sklep\/wp-json\/wp\/v2\/product_cat?post=9692"},{"taxonomy":"product_tag","embeddable":true,"href":"https:\/\/e-systemygrzewcze.eu\/sklep\/wp-json\/wp\/v2\/product_tag?post=9692"}],"curies":[{"name":"wp","href":"https:\/\/api.w.org\/{rel}","templated":true}]}}