{"id":9685,"date":"2026-01-21T10:01:17","date_gmt":"2026-01-21T10:01:17","guid":{"rendered":"https:\/\/e-systemygrzewcze.eu\/sklep\/produkt\/zlaczka-szynowa-przelotowa-1x15-50-niebieska-ts35\/"},"modified":"2026-04-10T06:03:15","modified_gmt":"2026-04-10T06:03:15","slug":"zlaczka-szynowa-przelotowa-1x15-50-niebieska-ts35","status":"publish","type":"product","link":"https:\/\/e-systemygrzewcze.eu\/sklep\/produkt\/zlaczka-szynowa-przelotowa-1x15-50-niebieska-ts35\/","title":{"rendered":"Z\u0142aczka szynowa przelotowa 1&#215;1,5-50 niebieska TS35"},"content":{"rendered":"","protected":false},"excerpt":{"rendered":"<p><strong>Z\u0142\u0105czka szynowa przelotowa niebieska TS35 przeznaczona jest do wygodnego i bezpiecznego \u0142\u0105czenia przewod\u00f3w w rozdzielnicach oraz instalacjach elektrycznych. Umo\u017cliwia przejrzysty monta\u017c na szynie DIN, u\u0142atwiaj\u0105c organizacj\u0119 i serwisowanie instalacji. Produkt sprawdzi si\u0119 w zastosowaniach domowych, przemys\u0142owych i automatyce.<\/strong><\/p>\n","protected":false},"featured_media":9687,"template":"","meta":{"_kad_blocks_custom_css":"","_kad_blocks_head_custom_js":"","_kad_blocks_body_custom_js":"","_kad_blocks_footer_custom_js":"","_kad_post_transparent":"default","_kad_post_title":"","_kad_post_layout":"default","_kad_post_sidebar_id":"","_kad_post_content_style":"default","_kad_post_vertical_padding":"default","_kad_post_feature":"","_kad_post_feature_position":"","_kad_post_header":false,"_kad_post_footer":false,"_kad_post_classname":""},"product_brand":[],"product_cat":[250],"product_tag":[],"class_list":{"0":"post-9685","1":"product","2":"type-product","3":"status-publish","4":"has-post-thumbnail","6":"product_cat-akcesoria-fotowoltaika","7":"product_shipping_class-drobnica","9":"first","10":"instock","11":"taxable","12":"shipping-taxable","13":"purchasable","14":"product-type-simple","15":"entry","16":"content-bg","17":"loop-entry"},"taxonomy_info":{"product_cat":[{"value":250,"label":"Akcesoria elektryczne"}]},"featured_image_src_large":["https:\/\/e-systemygrzewcze.eu\/sklep\/wp-content\/uploads\/2026\/01\/Nowy-projekt-2026-01-21T110314.389.jpg",510,587,false],"author_info":[],"comment_info":"","_links":{"self":[{"href":"https:\/\/e-systemygrzewcze.eu\/sklep\/wp-json\/wp\/v2\/product\/9685","targetHints":{"allow":["GET"]}}],"collection":[{"href":"https:\/\/e-systemygrzewcze.eu\/sklep\/wp-json\/wp\/v2\/product"}],"about":[{"href":"https:\/\/e-systemygrzewcze.eu\/sklep\/wp-json\/wp\/v2\/types\/product"}],"wp:featuredmedia":[{"embeddable":true,"href":"https:\/\/e-systemygrzewcze.eu\/sklep\/wp-json\/wp\/v2\/media\/9687"}],"wp:attachment":[{"href":"https:\/\/e-systemygrzewcze.eu\/sklep\/wp-json\/wp\/v2\/media?parent=9685"}],"wp:term":[{"taxonomy":"product_brand","embeddable":true,"href":"https:\/\/e-systemygrzewcze.eu\/sklep\/wp-json\/wp\/v2\/product_brand?post=9685"},{"taxonomy":"product_cat","embeddable":true,"href":"https:\/\/e-systemygrzewcze.eu\/sklep\/wp-json\/wp\/v2\/product_cat?post=9685"},{"taxonomy":"product_tag","embeddable":true,"href":"https:\/\/e-systemygrzewcze.eu\/sklep\/wp-json\/wp\/v2\/product_tag?post=9685"}],"curies":[{"name":"wp","href":"https:\/\/api.w.org\/{rel}","templated":true}]}}