{"id":9555,"date":"2026-01-21T06:28:13","date_gmt":"2026-01-21T06:28:13","guid":{"rendered":"https:\/\/e-systemygrzewcze.eu\/sklep\/produkt\/wtyczka-katowa-1f-10-16a-z-wylacznikiem\/"},"modified":"2026-04-10T05:57:46","modified_gmt":"2026-04-10T05:57:46","slug":"wtyczka-katowa-1f-10-16a-z-wylacznikiem","status":"publish","type":"product","link":"https:\/\/e-systemygrzewcze.eu\/sklep\/produkt\/wtyczka-katowa-1f-10-16a-z-wylacznikiem\/","title":{"rendered":"Wtyczka k\u0105towa 1F 10\/16A z wy\u0142\u0105cznikiem"},"content":{"rendered":"","protected":false},"excerpt":{"rendered":"<p><strong>Wtyczka k\u0105towa 1F 10\/16A z wy\u0142\u0105cznikiem to praktyczne akcesorium elektryczne przeznaczone do wygodnego pod\u0142\u0105czania urz\u0105dze\u0144 zasilanych jednofazowo. K\u0105towa konstrukcja u\u0142atwia pod\u0142\u0105czenie w miejscach o ograniczonej przestrzeni, a wbudowany wy\u0142\u0105cznik zwi\u0119ksza komfort i bezpiecze\u0144stwo u\u017cytkowania. Produkt sprawdzi si\u0119 w domu,<\/strong><\/p>\n","protected":false},"featured_media":9557,"template":"","meta":{"_kad_blocks_custom_css":"","_kad_blocks_head_custom_js":"","_kad_blocks_body_custom_js":"","_kad_blocks_footer_custom_js":"","_kad_post_transparent":"default","_kad_post_title":"","_kad_post_layout":"default","_kad_post_sidebar_id":"","_kad_post_content_style":"default","_kad_post_vertical_padding":"default","_kad_post_feature":"","_kad_post_feature_position":"","_kad_post_header":false,"_kad_post_footer":false,"_kad_post_classname":""},"product_brand":[],"product_cat":[250],"product_tag":[],"class_list":{"0":"post-9555","1":"product","2":"type-product","3":"status-publish","4":"has-post-thumbnail","6":"product_cat-akcesoria-fotowoltaika","7":"product_shipping_class-drobnica","9":"first","10":"instock","11":"taxable","12":"shipping-taxable","13":"purchasable","14":"product-type-simple","15":"entry","16":"content-bg","17":"loop-entry"},"taxonomy_info":{"product_cat":[{"value":250,"label":"Akcesoria elektryczne"}]},"featured_image_src_large":["https:\/\/e-systemygrzewcze.eu\/sklep\/wp-content\/uploads\/2026\/01\/Nowy-projekt-2026-01-21T072624.102.jpg",510,587,false],"author_info":[],"comment_info":"","_links":{"self":[{"href":"https:\/\/e-systemygrzewcze.eu\/sklep\/wp-json\/wp\/v2\/product\/9555","targetHints":{"allow":["GET"]}}],"collection":[{"href":"https:\/\/e-systemygrzewcze.eu\/sklep\/wp-json\/wp\/v2\/product"}],"about":[{"href":"https:\/\/e-systemygrzewcze.eu\/sklep\/wp-json\/wp\/v2\/types\/product"}],"wp:featuredmedia":[{"embeddable":true,"href":"https:\/\/e-systemygrzewcze.eu\/sklep\/wp-json\/wp\/v2\/media\/9557"}],"wp:attachment":[{"href":"https:\/\/e-systemygrzewcze.eu\/sklep\/wp-json\/wp\/v2\/media?parent=9555"}],"wp:term":[{"taxonomy":"product_brand","embeddable":true,"href":"https:\/\/e-systemygrzewcze.eu\/sklep\/wp-json\/wp\/v2\/product_brand?post=9555"},{"taxonomy":"product_cat","embeddable":true,"href":"https:\/\/e-systemygrzewcze.eu\/sklep\/wp-json\/wp\/v2\/product_cat?post=9555"},{"taxonomy":"product_tag","embeddable":true,"href":"https:\/\/e-systemygrzewcze.eu\/sklep\/wp-json\/wp\/v2\/product_tag?post=9555"}],"curies":[{"name":"wp","href":"https:\/\/api.w.org\/{rel}","templated":true}]}}