{"id":9548,"date":"2026-01-21T06:10:48","date_gmt":"2026-01-21T06:10:48","guid":{"rendered":"https:\/\/e-systemygrzewcze.eu\/sklep\/produkt\/wysiegnik-wzmocniony-l-150mm\/"},"modified":"2026-04-10T05:57:29","modified_gmt":"2026-04-10T05:57:29","slug":"wysiegnik-wzmocniony-l-150mm","status":"publish","type":"product","link":"https:\/\/e-systemygrzewcze.eu\/sklep\/produkt\/wysiegnik-wzmocniony-l-150mm\/","title":{"rendered":"Wysi\u0119gnik wzmocniony L-150mm"},"content":{"rendered":"","protected":false},"excerpt":{"rendered":"<p><strong>Wysi\u0119gnik wzmocniony przeznaczony jest do solidnego mocowania element\u00f3w instalacyjnych i konstrukcyjnych. Wzmocniona budowa zapewnia wi\u0119ksz\u0105 wytrzyma\u0142o\u015b\u0107 oraz stabilno\u015b\u0107 podczas u\u017cytkowania. Produkt sprawdzi si\u0119 w instalacjach elektrycznych, sanitarnych i technicznych.<\/strong><\/p>\n","protected":false},"featured_media":9553,"template":"","meta":{"_kad_blocks_custom_css":"","_kad_blocks_head_custom_js":"","_kad_blocks_body_custom_js":"","_kad_blocks_footer_custom_js":"","_kad_post_transparent":"default","_kad_post_title":"","_kad_post_layout":"default","_kad_post_sidebar_id":"","_kad_post_content_style":"default","_kad_post_vertical_padding":"default","_kad_post_feature":"","_kad_post_feature_position":"","_kad_post_header":false,"_kad_post_footer":false,"_kad_post_classname":""},"product_brand":[],"product_cat":[250],"product_tag":[],"class_list":{"0":"post-9548","1":"product","2":"type-product","3":"status-publish","4":"has-post-thumbnail","6":"product_cat-akcesoria-fotowoltaika","7":"product_shipping_class-drobnica","9":"first","10":"instock","11":"taxable","12":"shipping-taxable","13":"purchasable","14":"product-type-simple","15":"entry","16":"content-bg","17":"loop-entry"},"taxonomy_info":{"product_cat":[{"value":250,"label":"Akcesoria elektryczne"}]},"featured_image_src_large":["https:\/\/e-systemygrzewcze.eu\/sklep\/wp-content\/uploads\/2026\/01\/Nowy-projekt-2026-01-21T072139.018.jpg",510,587,false],"author_info":[],"comment_info":"","_links":{"self":[{"href":"https:\/\/e-systemygrzewcze.eu\/sklep\/wp-json\/wp\/v2\/product\/9548","targetHints":{"allow":["GET"]}}],"collection":[{"href":"https:\/\/e-systemygrzewcze.eu\/sklep\/wp-json\/wp\/v2\/product"}],"about":[{"href":"https:\/\/e-systemygrzewcze.eu\/sklep\/wp-json\/wp\/v2\/types\/product"}],"wp:featuredmedia":[{"embeddable":true,"href":"https:\/\/e-systemygrzewcze.eu\/sklep\/wp-json\/wp\/v2\/media\/9553"}],"wp:attachment":[{"href":"https:\/\/e-systemygrzewcze.eu\/sklep\/wp-json\/wp\/v2\/media?parent=9548"}],"wp:term":[{"taxonomy":"product_brand","embeddable":true,"href":"https:\/\/e-systemygrzewcze.eu\/sklep\/wp-json\/wp\/v2\/product_brand?post=9548"},{"taxonomy":"product_cat","embeddable":true,"href":"https:\/\/e-systemygrzewcze.eu\/sklep\/wp-json\/wp\/v2\/product_cat?post=9548"},{"taxonomy":"product_tag","embeddable":true,"href":"https:\/\/e-systemygrzewcze.eu\/sklep\/wp-json\/wp\/v2\/product_tag?post=9548"}],"curies":[{"name":"wp","href":"https:\/\/api.w.org\/{rel}","templated":true}]}}