{"id":9524,"date":"2026-01-20T14:30:53","date_gmt":"2026-01-20T14:30:53","guid":{"rendered":"https:\/\/e-systemygrzewcze.eu\/sklep\/produkt\/adapter-zlaczka-do-powietrza-mosiezna-1-2-gz\/"},"modified":"2026-03-30T10:23:33","modified_gmt":"2026-03-30T10:23:33","slug":"adapter-zlaczka-do-powietrza-mosiezna-1-2-gz","status":"publish","type":"product","link":"https:\/\/e-systemygrzewcze.eu\/sklep\/produkt\/adapter-zlaczka-do-powietrza-mosiezna-1-2-gz\/","title":{"rendered":"Adapter z\u0142\u0105czka do powietrza mosi\u0119\u017cna 1\/2&#8243; GZ"},"content":{"rendered":"","protected":false},"excerpt":{"rendered":"<p><strong>Adapter z\u0142\u0105czka mosi\u0119\u017cna 1\/2\u2033 GZ to niezawodny element do \u0142\u0105czenia przewod\u00f3w powietrznych w systemach pneumatycznych. Zapewnia szczelno\u015b\u0107, trwa\u0142o\u015b\u0107 i odporno\u015b\u0107 na korozj\u0119, idealny do profesjonalnych i domowych instalacji spr\u0119\u017conego powietrza.<\/strong><\/p>\n","protected":false},"featured_media":9525,"template":"","meta":{"_kad_blocks_custom_css":"","_kad_blocks_head_custom_js":"","_kad_blocks_body_custom_js":"","_kad_blocks_footer_custom_js":"","_kad_post_transparent":"default","_kad_post_title":"","_kad_post_layout":"default","_kad_post_sidebar_id":"","_kad_post_content_style":"default","_kad_post_vertical_padding":"default","_kad_post_feature":"","_kad_post_feature_position":"","_kad_post_header":false,"_kad_post_footer":false,"_kad_post_classname":""},"product_brand":[],"product_cat":[208],"product_tag":[],"class_list":{"0":"post-9524","1":"product","2":"type-product","3":"status-publish","4":"has-post-thumbnail","6":"product_cat-mosiezne","7":"product_shipping_class-drobnica","9":"first","10":"instock","11":"taxable","12":"shipping-taxable","13":"purchasable","14":"product-type-simple","15":"entry","16":"content-bg","17":"loop-entry"},"taxonomy_info":{"product_cat":[{"value":208,"label":"Mosi\u0119\u017cne"}]},"featured_image_src_large":["https:\/\/e-systemygrzewcze.eu\/sklep\/wp-content\/uploads\/2026\/01\/Nowy-projekt-25-1.jpg",510,587,false],"author_info":[],"comment_info":"","_links":{"self":[{"href":"https:\/\/e-systemygrzewcze.eu\/sklep\/wp-json\/wp\/v2\/product\/9524","targetHints":{"allow":["GET"]}}],"collection":[{"href":"https:\/\/e-systemygrzewcze.eu\/sklep\/wp-json\/wp\/v2\/product"}],"about":[{"href":"https:\/\/e-systemygrzewcze.eu\/sklep\/wp-json\/wp\/v2\/types\/product"}],"wp:featuredmedia":[{"embeddable":true,"href":"https:\/\/e-systemygrzewcze.eu\/sklep\/wp-json\/wp\/v2\/media\/9525"}],"wp:attachment":[{"href":"https:\/\/e-systemygrzewcze.eu\/sklep\/wp-json\/wp\/v2\/media?parent=9524"}],"wp:term":[{"taxonomy":"product_brand","embeddable":true,"href":"https:\/\/e-systemygrzewcze.eu\/sklep\/wp-json\/wp\/v2\/product_brand?post=9524"},{"taxonomy":"product_cat","embeddable":true,"href":"https:\/\/e-systemygrzewcze.eu\/sklep\/wp-json\/wp\/v2\/product_cat?post=9524"},{"taxonomy":"product_tag","embeddable":true,"href":"https:\/\/e-systemygrzewcze.eu\/sklep\/wp-json\/wp\/v2\/product_tag?post=9524"}],"curies":[{"name":"wp","href":"https:\/\/api.w.org\/{rel}","templated":true}]}}