{"id":9493,"date":"2026-01-20T13:08:55","date_gmt":"2026-01-20T13:08:55","guid":{"rendered":"https:\/\/e-systemygrzewcze.eu\/sklep\/produkt\/auraton-s14-wielofunkcyjny-sterownik-do-pomp\/"},"modified":"2026-04-03T06:15:56","modified_gmt":"2026-04-03T06:15:56","slug":"auraton-s14-wielofunkcyjny-sterownik-do-pomp","status":"publish","type":"product","link":"https:\/\/e-systemygrzewcze.eu\/sklep\/produkt\/auraton-s14-wielofunkcyjny-sterownik-do-pomp\/","title":{"rendered":"AURATON S14 Wielofunkcyjny sterownik do pomp"},"content":{"rendered":"<h3 data-start=\"0\" data-end=\"57\">\ud83d\udd27 <strong data-start=\"7\" data-end=\"57\">AURATON S14 \u2013 wielofunkcyjny sterownik do pomp<\/strong><\/h3>\n<p data-start=\"59\" data-end=\"437\">AURATON S14 to zaawansowany, wielofunkcyjny sterownik przeznaczony do sterowania pompami obiegowymi centralnego ogrzewania (C.O.) oraz ciep\u0142ej wody u\u017cytkowej (C.W.U.). Urz\u0105dzenie zosta\u0142o zaprojektowane z my\u015bl\u0105 o instalacjach wsp\u00f3\u0142pracuj\u0105cych z termokominkami oraz nawiewowymi kot\u0142ami na mia\u0142 i w\u0119giel, zapewniaj\u0105c bezpieczn\u0105 i efektywn\u0105 prac\u0119 systemu grzewczego.<\/p>\n<hr data-start=\"439\" data-end=\"442\" \/>\n<h3 data-start=\"444\" data-end=\"475\">\u2705 <strong data-start=\"450\" data-end=\"475\">W\u0142a\u015bciwo\u015bci i funkcje<\/strong><\/h3>\n<ul data-start=\"476\" data-end=\"919\">\n<li data-start=\"476\" data-end=\"573\">\n<p data-start=\"478\" data-end=\"573\">Wielofunkcyjno\u015b\u0107 \u2013 jedno urz\u0105dzenie do obs\u0142ugi r\u00f3\u017cnych konfiguracji instalacji grzewczych<\/p>\n<\/li>\n<li data-start=\"574\" data-end=\"625\">\n<p data-start=\"576\" data-end=\"625\">Wsp\u00f3\u0142praca z termokominkiem w uk\u0142adzie C.O.<\/p>\n<\/li>\n<li data-start=\"626\" data-end=\"682\">\n<p data-start=\"628\" data-end=\"682\">Obs\u0142uga nawiewowych kot\u0142\u00f3w C.O. na mia\u0142 i w\u0119giel<\/p>\n<\/li>\n<li data-start=\"683\" data-end=\"727\">\n<p data-start=\"685\" data-end=\"727\">Funkcja maksymalnej mocy wentylatora<\/p>\n<\/li>\n<li data-start=\"728\" data-end=\"806\">\n<p data-start=\"730\" data-end=\"806\">Funkcja awaryjnego odbioru ciep\u0142a \u2013 zwi\u0119ksza bezpiecze\u0144stwo instalacji<\/p>\n<\/li>\n<li data-start=\"807\" data-end=\"853\">\n<p data-start=\"809\" data-end=\"853\">Funkcja dok\u0142adania paliwa do paleniska<\/p>\n<\/li>\n<li data-start=\"854\" data-end=\"919\">\n<p data-start=\"856\" data-end=\"919\">Pod\u015bwietlany wy\u015bwietlacz LCD \u2013 czytelna i wygodna obs\u0142uga<\/p>\n<\/li>\n<\/ul>\n<hr data-start=\"921\" data-end=\"924\" \/>\n<h3 data-start=\"926\" data-end=\"957\">\u2699\ufe0f <strong data-start=\"933\" data-end=\"957\">Parametry techniczne<\/strong><\/h3>\n<ul data-start=\"958\" data-end=\"1288\">\n<li data-start=\"958\" data-end=\"1008\">\n<p data-start=\"960\" data-end=\"1008\">Zakres ustawianych temperatur: 10\u00b0C \u2013 85\u00b0C<\/p>\n<\/li>\n<li data-start=\"1009\" data-end=\"1055\">\n<p data-start=\"1011\" data-end=\"1055\">Zakres pomiaru temperatury: 0\u00b0C \u2013 99\u00b0C<\/p>\n<\/li>\n<li data-start=\"1056\" data-end=\"1118\">\n<p data-start=\"1058\" data-end=\"1118\">Histereza (za\u0142\u0105cz \/ wy\u0142\u0105cz): regulowana od 2\u00b0C do 10\u00b0C<\/p>\n<\/li>\n<li data-start=\"1119\" data-end=\"1160\">\n<p data-start=\"1121\" data-end=\"1160\">Napi\u0119cie zasilania: 230 V \/ 50 Hz<\/p>\n<\/li>\n<li data-start=\"1161\" data-end=\"1206\">\n<p data-start=\"1163\" data-end=\"1206\">Maksymalne obci\u0105\u017cenie sumy wyj\u015b\u0107: 6 A<\/p>\n<\/li>\n<li data-start=\"1207\" data-end=\"1240\">\n<p data-start=\"1209\" data-end=\"1240\">Czas przedmuchu: 0 \u2013 59 s<\/p>\n<\/li>\n<li data-start=\"1241\" data-end=\"1288\">\n<p data-start=\"1243\" data-end=\"1288\">Przerwa mi\u0119dzy przedmuchami: 1 \u2013 99 min<\/p>\n<\/li>\n<\/ul>\n<hr data-start=\"1290\" data-end=\"1293\" \/>\n<h3 data-start=\"1295\" data-end=\"1318\">\ud83e\uddfe <strong data-start=\"1302\" data-end=\"1318\">Podsumowanie<\/strong><\/h3>\n<p data-start=\"1319\" data-end=\"1679\" data-is-last-node=\"\" data-is-only-node=\"\"><strong data-start=\"1319\" data-end=\"1334\">AURATON S14<\/strong> to niezawodny i wszechstronny sterownik pomp, idealny do instalacji C.O. i C.W.U., szczeg\u00f3lnie w systemach z termokominkami oraz kot\u0142ami na paliwa sta\u0142e. Bogaty zestaw funkcji, wysoki poziom bezpiecze\u0144stwa oraz czytelny wy\u015bwietlacz LCD czyni\u0105 go praktycznym rozwi\u0105zaniem zar\u00f3wno do dom\u00f3w jednorodzinnych, jak i mniejszych instalacji grzewczych.<\/p>\n","protected":false},"excerpt":{"rendered":"<p><strong>AURATON S14 to niezawodny i wszechstronny sterownik pomp, idealny do instalacji C.O. i C.W.U., szczeg\u00f3lnie w systemach z termokominkami oraz kot\u0142ami na paliwa sta\u0142e. Bogaty zestaw funkcji, wysoki poziom bezpiecze\u0144stwa oraz czytelny wy\u015bwietlacz LCD czyni\u0105 go praktycznym rozwi\u0105zaniem zar\u00f3wno do dom\u00f3w jednorodzinnych, jak i mniejszych instalacji grzewczych.<\/strong><\/p>\n","protected":false},"featured_media":9494,"template":"","meta":{"_kad_blocks_custom_css":"","_kad_blocks_head_custom_js":"","_kad_blocks_body_custom_js":"","_kad_blocks_footer_custom_js":"","_kad_post_transparent":"default","_kad_post_title":"","_kad_post_layout":"default","_kad_post_sidebar_id":"","_kad_post_content_style":"default","_kad_post_vertical_padding":"default","_kad_post_feature":"","_kad_post_feature_position":"","_kad_post_header":false,"_kad_post_footer":false,"_kad_post_classname":""},"product_brand":[464],"product_cat":[462],"product_tag":[],"class_list":{"0":"post-9493","1":"product","2":"type-product","3":"status-publish","4":"has-post-thumbnail","6":"product_brand-auraton","7":"product_cat-akcesoria-kotly","8":"product_shipping_class-drobnica","10":"first","11":"instock","12":"taxable","13":"shipping-taxable","14":"purchasable","15":"product-type-simple","16":"entry","17":"content-bg","18":"loop-entry"},"taxonomy_info":{"product_brand":[{"value":464,"label":"Auraton"}],"product_cat":[{"value":462,"label":"Akcesoria"}]},"featured_image_src_large":["https:\/\/e-systemygrzewcze.eu\/sklep\/wp-content\/uploads\/2026\/01\/Nowy-projekt-19.jpg",510,587,false],"author_info":[],"comment_info":"","_links":{"self":[{"href":"https:\/\/e-systemygrzewcze.eu\/sklep\/wp-json\/wp\/v2\/product\/9493","targetHints":{"allow":["GET"]}}],"collection":[{"href":"https:\/\/e-systemygrzewcze.eu\/sklep\/wp-json\/wp\/v2\/product"}],"about":[{"href":"https:\/\/e-systemygrzewcze.eu\/sklep\/wp-json\/wp\/v2\/types\/product"}],"wp:featuredmedia":[{"embeddable":true,"href":"https:\/\/e-systemygrzewcze.eu\/sklep\/wp-json\/wp\/v2\/media\/9494"}],"wp:attachment":[{"href":"https:\/\/e-systemygrzewcze.eu\/sklep\/wp-json\/wp\/v2\/media?parent=9493"}],"wp:term":[{"taxonomy":"product_brand","embeddable":true,"href":"https:\/\/e-systemygrzewcze.eu\/sklep\/wp-json\/wp\/v2\/product_brand?post=9493"},{"taxonomy":"product_cat","embeddable":true,"href":"https:\/\/e-systemygrzewcze.eu\/sklep\/wp-json\/wp\/v2\/product_cat?post=9493"},{"taxonomy":"product_tag","embeddable":true,"href":"https:\/\/e-systemygrzewcze.eu\/sklep\/wp-json\/wp\/v2\/product_tag?post=9493"}],"curies":[{"name":"wp","href":"https:\/\/api.w.org\/{rel}","templated":true}]}}