{"id":9471,"date":"2026-01-20T12:13:57","date_gmt":"2026-01-20T12:13:57","guid":{"rendered":"https:\/\/e-systemygrzewcze.eu\/sklep\/produkt\/puszka-instalacyjna-n-t-s-box-516-240x190x90mm\/"},"modified":"2026-04-10T05:55:06","modified_gmt":"2026-04-10T05:55:06","slug":"puszka-instalacyjna-n-t-s-box-516-240x190x90mm","status":"publish","type":"product","link":"https:\/\/e-systemygrzewcze.eu\/sklep\/produkt\/puszka-instalacyjna-n-t-s-box-516-240x190x90mm\/","title":{"rendered":"Puszka instalacyjna N\/T S-BOX 506 (240x190x90mm)"},"content":{"rendered":"","protected":false},"excerpt":{"rendered":"<p><strong>Puszka instalacyjna N\/T S-BOX 506 (240x190x90 mm) przeznaczona jest do wykonywania i zabezpieczania po\u0142\u0105cze\u0144 elektrycznych w instalacjach natynkowych. Solidna obudowa oraz odpowiednia ilo\u015b\u0107 miejsca wewn\u0105trz u\u0142atwiaj\u0105 organizacj\u0119 przewod\u00f3w i monta\u017c osprz\u0119tu. Produkt sprawdzi si\u0119 w instalacjach domowych, warsztatowych oraz przemys\u0142owych.<\/strong><\/p>\n","protected":false},"featured_media":9488,"template":"","meta":{"_kad_blocks_custom_css":"","_kad_blocks_head_custom_js":"","_kad_blocks_body_custom_js":"","_kad_blocks_footer_custom_js":"","_kad_post_transparent":"default","_kad_post_title":"","_kad_post_layout":"default","_kad_post_sidebar_id":"","_kad_post_content_style":"default","_kad_post_vertical_padding":"default","_kad_post_feature":"","_kad_post_feature_position":"","_kad_post_header":false,"_kad_post_footer":false,"_kad_post_classname":""},"product_brand":[],"product_cat":[250],"product_tag":[],"class_list":{"0":"post-9471","1":"product","2":"type-product","3":"status-publish","4":"has-post-thumbnail","6":"product_cat-akcesoria-fotowoltaika","7":"product_shipping_class-drobnica","9":"first","10":"instock","11":"taxable","12":"shipping-taxable","13":"purchasable","14":"product-type-simple","15":"entry","16":"content-bg","17":"loop-entry"},"taxonomy_info":{"product_cat":[{"value":250,"label":"Akcesoria elektryczne"}]},"featured_image_src_large":["https:\/\/e-systemygrzewcze.eu\/sklep\/wp-content\/uploads\/2026\/01\/Nowy-projekt-2026-01-20T135549.716.jpg",510,587,false],"author_info":[],"comment_info":"","_links":{"self":[{"href":"https:\/\/e-systemygrzewcze.eu\/sklep\/wp-json\/wp\/v2\/product\/9471","targetHints":{"allow":["GET"]}}],"collection":[{"href":"https:\/\/e-systemygrzewcze.eu\/sklep\/wp-json\/wp\/v2\/product"}],"about":[{"href":"https:\/\/e-systemygrzewcze.eu\/sklep\/wp-json\/wp\/v2\/types\/product"}],"wp:featuredmedia":[{"embeddable":true,"href":"https:\/\/e-systemygrzewcze.eu\/sklep\/wp-json\/wp\/v2\/media\/9488"}],"wp:attachment":[{"href":"https:\/\/e-systemygrzewcze.eu\/sklep\/wp-json\/wp\/v2\/media?parent=9471"}],"wp:term":[{"taxonomy":"product_brand","embeddable":true,"href":"https:\/\/e-systemygrzewcze.eu\/sklep\/wp-json\/wp\/v2\/product_brand?post=9471"},{"taxonomy":"product_cat","embeddable":true,"href":"https:\/\/e-systemygrzewcze.eu\/sklep\/wp-json\/wp\/v2\/product_cat?post=9471"},{"taxonomy":"product_tag","embeddable":true,"href":"https:\/\/e-systemygrzewcze.eu\/sklep\/wp-json\/wp\/v2\/product_tag?post=9471"}],"curies":[{"name":"wp","href":"https:\/\/api.w.org\/{rel}","templated":true}]}}