{"id":9468,"date":"2026-01-20T12:07:34","date_gmt":"2026-01-20T12:07:34","guid":{"rendered":"https:\/\/e-systemygrzewcze.eu\/sklep\/produkt\/puszka-hermetyczna-n-t-118x118x60mm-ip55\/"},"modified":"2026-04-10T05:54:46","modified_gmt":"2026-04-10T05:54:46","slug":"puszka-hermetyczna-n-t-118x118x60mm-ip55","status":"publish","type":"product","link":"https:\/\/e-systemygrzewcze.eu\/sklep\/produkt\/puszka-hermetyczna-n-t-118x118x60mm-ip55\/","title":{"rendered":"Puszka hermetyczna N\/T (118x118x60mm) IP55"},"content":{"rendered":"","protected":false},"excerpt":{"rendered":"<p><strong>Puszka hermetyczna N\/T (118x118x60 mm) IP55 przeznaczona jest do zabezpieczania po\u0142\u0105cze\u0144 elektrycznych w miejscach nara\u017conych na wilgo\u0107, kurz i inne czynniki zewn\u0119trzne. Stopie\u0144 ochrony IP55 oraz solidna obudowa zapewniaj\u0105 trwa\u0142o\u015b\u0107 i bezpieczne u\u017cytkowanie w instalacjach natynkowych. Produkt sprawdzi si\u0119 zar\u00f3wno w zastosowaniach domowych, jak i przemys\u0142owych.<\/strong><\/p>\n","protected":false},"featured_media":9481,"template":"","meta":{"_kad_blocks_custom_css":"","_kad_blocks_head_custom_js":"","_kad_blocks_body_custom_js":"","_kad_blocks_footer_custom_js":"","_kad_post_transparent":"default","_kad_post_title":"","_kad_post_layout":"default","_kad_post_sidebar_id":"","_kad_post_content_style":"default","_kad_post_vertical_padding":"default","_kad_post_feature":"","_kad_post_feature_position":"","_kad_post_header":false,"_kad_post_footer":false,"_kad_post_classname":""},"product_brand":[],"product_cat":[250],"product_tag":[],"class_list":{"0":"post-9468","1":"product","2":"type-product","3":"status-publish","4":"has-post-thumbnail","6":"product_cat-akcesoria-fotowoltaika","7":"product_shipping_class-drobnica","9":"first","10":"instock","11":"taxable","12":"shipping-taxable","13":"purchasable","14":"product-type-simple","15":"entry","16":"content-bg","17":"loop-entry"},"taxonomy_info":{"product_cat":[{"value":250,"label":"Akcesoria elektryczne"}]},"featured_image_src_large":["https:\/\/e-systemygrzewcze.eu\/sklep\/wp-content\/uploads\/2026\/01\/Nowy-projekt-2026-01-20T134431.652.jpg",510,587,false],"author_info":[],"comment_info":"","_links":{"self":[{"href":"https:\/\/e-systemygrzewcze.eu\/sklep\/wp-json\/wp\/v2\/product\/9468","targetHints":{"allow":["GET"]}}],"collection":[{"href":"https:\/\/e-systemygrzewcze.eu\/sklep\/wp-json\/wp\/v2\/product"}],"about":[{"href":"https:\/\/e-systemygrzewcze.eu\/sklep\/wp-json\/wp\/v2\/types\/product"}],"wp:featuredmedia":[{"embeddable":true,"href":"https:\/\/e-systemygrzewcze.eu\/sklep\/wp-json\/wp\/v2\/media\/9481"}],"wp:attachment":[{"href":"https:\/\/e-systemygrzewcze.eu\/sklep\/wp-json\/wp\/v2\/media?parent=9468"}],"wp:term":[{"taxonomy":"product_brand","embeddable":true,"href":"https:\/\/e-systemygrzewcze.eu\/sklep\/wp-json\/wp\/v2\/product_brand?post=9468"},{"taxonomy":"product_cat","embeddable":true,"href":"https:\/\/e-systemygrzewcze.eu\/sklep\/wp-json\/wp\/v2\/product_cat?post=9468"},{"taxonomy":"product_tag","embeddable":true,"href":"https:\/\/e-systemygrzewcze.eu\/sklep\/wp-json\/wp\/v2\/product_tag?post=9468"}],"curies":[{"name":"wp","href":"https:\/\/api.w.org\/{rel}","templated":true}]}}