{"id":9432,"date":"2026-01-19T13:24:47","date_gmt":"2026-01-19T13:24:47","guid":{"rendered":"https:\/\/e-systemygrzewcze.eu\/sklep\/produkt\/noark-podstawa-bezpiecznikowa-2p-30a-101767\/"},"modified":"2026-03-31T06:25:33","modified_gmt":"2026-03-31T06:25:33","slug":"noark-podstawa-bezpiecznikowa-2p-30a-101767","status":"publish","type":"product","link":"https:\/\/e-systemygrzewcze.eu\/sklep\/produkt\/noark-podstawa-bezpiecznikowa-2p-30a-101767\/","title":{"rendered":"NOARK Podstawa bezpiecznikowa 2P 30A (101767)"},"content":{"rendered":"<h2 data-start=\"84\" data-end=\"138\">NOARK Podstawa bezpiecznikowa 2P 30A (101767)<\/h2>\n<p data-start=\"160\" data-end=\"608\">NOARK Podstawa bezpiecznikowa Ex9FP 2P 30A przeznaczona jest do zabezpieczenia instalacji szeregowo po\u0142\u0105czonych paneli fotowoltaicznych (string\u00f3w) przed przeci\u0105\u017ceniem i skutkami zwarcia. Mo\u017ce by\u0107 stosowana r\u00f3wnie\u017c w standardowych aplikacjach pr\u0105du sta\u0142ego do napi\u0119cia maksymalnego 1000 V DC. Produkt wsp\u00f3\u0142pracuje z cylindrycznymi wk\u0142adkami bezpiecznikowymi o rozmiarze 10 x 38 mm, zapewniaj\u0105c bezpieczne i niezawodne po\u0142\u0105czenie w instalacjach PV.<\/p>\n<hr data-start=\"610\" data-end=\"613\" \/>\n<h3 data-start=\"615\" data-end=\"648\">\u2699\ufe0f Dzia\u0142anie i zastosowanie<\/h3>\n<p data-start=\"649\" data-end=\"852\">Podstawa bezpiecznikowa umo\u017cliwia skuteczne zabezpieczenie obwod\u00f3w pr\u0105du sta\u0142ego przed przeci\u0105\u017ceniami i zwarciami. Idealna do instalacji fotowoltaicznych, jak i innych system\u00f3w DC o napi\u0119ciu do 1000 V.<\/p>\n<p data-start=\"854\" data-end=\"873\"><strong data-start=\"854\" data-end=\"871\">Zastosowanie:<\/strong><\/p>\n<ul data-start=\"874\" data-end=\"1101\">\n<li data-start=\"874\" data-end=\"926\">\n<p data-start=\"876\" data-end=\"926\">zabezpieczenie string\u00f3w paneli fotowoltaicznych,<\/p>\n<\/li>\n<li data-start=\"927\" data-end=\"987\">\n<p data-start=\"929\" data-end=\"987\">ochrona przed przeci\u0105\u017ceniem i zwarciem w aplikacjach DC,<\/p>\n<\/li>\n<li data-start=\"988\" data-end=\"1041\">\n<p data-start=\"990\" data-end=\"1041\">stosowanie z wk\u0142adkami cylindrycznymi 10 x 38 mm,<\/p>\n<\/li>\n<li data-start=\"1042\" data-end=\"1101\">\n<p data-start=\"1044\" data-end=\"1101\">instalacje fotowoltaiczne i inne systemy pr\u0105du sta\u0142ego.<\/p>\n<\/li>\n<\/ul>\n<hr data-start=\"1103\" data-end=\"1106\" \/>\n<h3 data-start=\"1108\" data-end=\"1132\">\ud83d\udccb Dane techniczne<\/h3>\n<ul data-start=\"1133\" data-end=\"1455\">\n<li data-start=\"1133\" data-end=\"1157\">\n<p data-start=\"1135\" data-end=\"1157\"><strong data-start=\"1135\" data-end=\"1149\">Producent:<\/strong> NOARK<\/p>\n<\/li>\n<li data-start=\"1158\" data-end=\"1197\">\n<p data-start=\"1160\" data-end=\"1197\"><strong data-start=\"1160\" data-end=\"1171\">Rodzaj:<\/strong> podstawa bezpiecznikowa<\/p>\n<\/li>\n<li data-start=\"1198\" data-end=\"1225\">\n<p data-start=\"1200\" data-end=\"1225\"><strong data-start=\"1200\" data-end=\"1220\">Liczba biegun\u00f3w:<\/strong> 2P<\/p>\n<\/li>\n<li data-start=\"1226\" data-end=\"1255\">\n<p data-start=\"1228\" data-end=\"1255\"><strong data-start=\"1228\" data-end=\"1248\">Pr\u0105d maksymalny:<\/strong> 30 A<\/p>\n<\/li>\n<li data-start=\"1256\" data-end=\"1301\">\n<p data-start=\"1258\" data-end=\"1301\"><strong data-start=\"1258\" data-end=\"1288\">Dla rozmiaru bezpiecznika:<\/strong> 10 x 38 mm<\/p>\n<\/li>\n<li data-start=\"1302\" data-end=\"1348\">\n<p data-start=\"1304\" data-end=\"1348\"><strong data-start=\"1304\" data-end=\"1342\">Jednoczesne roz\u0142\u0105czanie biegunu N:<\/strong> NIE<\/p>\n<\/li>\n<li data-start=\"1349\" data-end=\"1395\">\n<p data-start=\"1351\" data-end=\"1395\"><strong data-start=\"1351\" data-end=\"1383\">Maksymalne napi\u0119cie robocze:<\/strong> 1000 V DC<\/p>\n<\/li>\n<li data-start=\"1396\" data-end=\"1455\">\n<p data-start=\"1398\" data-end=\"1455\"><strong data-start=\"1398\" data-end=\"1415\">Zastosowanie:<\/strong> instalacje fotowoltaiczne, systemy DC<\/p>\n<\/li>\n<\/ul>\n","protected":false},"excerpt":{"rendered":"<p><strong>NOARK Podstawa bezpiecznikowa Ex9FP 2P 30A 1000V DC zapewnia niezawodne zabezpieczenie instalacji fotowoltaicznych i system\u00f3w pr\u0105du sta\u0142ego przed przeci\u0105\u017ceniem i zwarciem. Przeznaczona do wk\u0142adek cylindrycznych 10 x 38 mm, gwarantuje bezpieczne i trwa\u0142e po\u0142\u0105czenie w obwodach DC.<\/strong><\/p>\n","protected":false},"featured_media":9433,"template":"","meta":{"_kad_blocks_custom_css":"","_kad_blocks_head_custom_js":"","_kad_blocks_body_custom_js":"","_kad_blocks_footer_custom_js":"","_kad_post_transparent":"default","_kad_post_title":"","_kad_post_layout":"default","_kad_post_sidebar_id":"","_kad_post_content_style":"default","_kad_post_vertical_padding":"default","_kad_post_feature":"","_kad_post_feature_position":"","_kad_post_header":false,"_kad_post_footer":false,"_kad_post_classname":""},"product_brand":[469],"product_cat":[250],"product_tag":[],"class_list":{"0":"post-9432","1":"product","2":"type-product","3":"status-publish","4":"has-post-thumbnail","6":"product_brand-noark","7":"product_cat-akcesoria-fotowoltaika","8":"product_shipping_class-drobnica","10":"first","11":"instock","12":"taxable","13":"shipping-taxable","14":"purchasable","15":"product-type-simple","16":"entry","17":"content-bg","18":"loop-entry"},"taxonomy_info":{"product_brand":[{"value":469,"label":"Noark"}],"product_cat":[{"value":250,"label":"Akcesoria elektryczne"}]},"featured_image_src_large":["https:\/\/e-systemygrzewcze.eu\/sklep\/wp-content\/uploads\/2026\/01\/Nowy-projekt-2026-01-19T142415.102.jpg",510,587,false],"author_info":[],"comment_info":"","_links":{"self":[{"href":"https:\/\/e-systemygrzewcze.eu\/sklep\/wp-json\/wp\/v2\/product\/9432","targetHints":{"allow":["GET"]}}],"collection":[{"href":"https:\/\/e-systemygrzewcze.eu\/sklep\/wp-json\/wp\/v2\/product"}],"about":[{"href":"https:\/\/e-systemygrzewcze.eu\/sklep\/wp-json\/wp\/v2\/types\/product"}],"wp:featuredmedia":[{"embeddable":true,"href":"https:\/\/e-systemygrzewcze.eu\/sklep\/wp-json\/wp\/v2\/media\/9433"}],"wp:attachment":[{"href":"https:\/\/e-systemygrzewcze.eu\/sklep\/wp-json\/wp\/v2\/media?parent=9432"}],"wp:term":[{"taxonomy":"product_brand","embeddable":true,"href":"https:\/\/e-systemygrzewcze.eu\/sklep\/wp-json\/wp\/v2\/product_brand?post=9432"},{"taxonomy":"product_cat","embeddable":true,"href":"https:\/\/e-systemygrzewcze.eu\/sklep\/wp-json\/wp\/v2\/product_cat?post=9432"},{"taxonomy":"product_tag","embeddable":true,"href":"https:\/\/e-systemygrzewcze.eu\/sklep\/wp-json\/wp\/v2\/product_tag?post=9432"}],"curies":[{"name":"wp","href":"https:\/\/api.w.org\/{rel}","templated":true}]}}