{"id":9423,"date":"2026-01-19T13:01:17","date_gmt":"2026-01-19T13:01:17","guid":{"rendered":"https:\/\/e-systemygrzewcze.eu\/sklep\/produkt\/mersen-ogranicznik-przepiec-dc-1000v-3p-1s\/"},"modified":"2026-03-31T06:27:18","modified_gmt":"2026-03-31T06:27:18","slug":"mersen-ogranicznik-przepiec-dc-1000v-3p-1s","status":"publish","type":"product","link":"https:\/\/e-systemygrzewcze.eu\/sklep\/produkt\/mersen-ogranicznik-przepiec-dc-1000v-3p-1s\/","title":{"rendered":"MERSEN Ogranicznik przepi\u0119\u0107 DC 1000V 3P 1S"},"content":{"rendered":"","protected":false},"excerpt":{"rendered":"<p><strong>Ogranicznik przepi\u0119\u0107 MERSEN DC 1000V (3P, 1S) \u2013 skuteczna ochrona instalacji pr\u0105du sta\u0142ego przed przepi\u0119ciami. Zabezpiecza urz\u0105dzenia i okablowanie przed skokami napi\u0119cia.<\/strong><\/p>\n","protected":false},"featured_media":9424,"template":"","meta":{"_kad_blocks_custom_css":"","_kad_blocks_head_custom_js":"","_kad_blocks_body_custom_js":"","_kad_blocks_footer_custom_js":"","_kad_post_transparent":"default","_kad_post_title":"","_kad_post_layout":"default","_kad_post_sidebar_id":"","_kad_post_content_style":"default","_kad_post_vertical_padding":"default","_kad_post_feature":"","_kad_post_feature_position":"","_kad_post_header":false,"_kad_post_footer":false,"_kad_post_classname":""},"product_brand":[471],"product_cat":[250],"product_tag":[],"class_list":{"0":"post-9423","1":"product","2":"type-product","3":"status-publish","4":"has-post-thumbnail","6":"product_brand-mersen","7":"product_cat-akcesoria-fotowoltaika","8":"product_shipping_class-drobnica","10":"first","11":"instock","12":"taxable","13":"shipping-taxable","14":"purchasable","15":"product-type-simple","16":"entry","17":"content-bg","18":"loop-entry"},"taxonomy_info":{"product_brand":[{"value":471,"label":"Mersen"}],"product_cat":[{"value":250,"label":"Akcesoria elektryczne"}]},"featured_image_src_large":["https:\/\/e-systemygrzewcze.eu\/sklep\/wp-content\/uploads\/2026\/01\/Nowy-projekt-2026-01-19T140208.230.jpg",510,587,false],"author_info":[],"comment_info":"","_links":{"self":[{"href":"https:\/\/e-systemygrzewcze.eu\/sklep\/wp-json\/wp\/v2\/product\/9423","targetHints":{"allow":["GET"]}}],"collection":[{"href":"https:\/\/e-systemygrzewcze.eu\/sklep\/wp-json\/wp\/v2\/product"}],"about":[{"href":"https:\/\/e-systemygrzewcze.eu\/sklep\/wp-json\/wp\/v2\/types\/product"}],"wp:featuredmedia":[{"embeddable":true,"href":"https:\/\/e-systemygrzewcze.eu\/sklep\/wp-json\/wp\/v2\/media\/9424"}],"wp:attachment":[{"href":"https:\/\/e-systemygrzewcze.eu\/sklep\/wp-json\/wp\/v2\/media?parent=9423"}],"wp:term":[{"taxonomy":"product_brand","embeddable":true,"href":"https:\/\/e-systemygrzewcze.eu\/sklep\/wp-json\/wp\/v2\/product_brand?post=9423"},{"taxonomy":"product_cat","embeddable":true,"href":"https:\/\/e-systemygrzewcze.eu\/sklep\/wp-json\/wp\/v2\/product_cat?post=9423"},{"taxonomy":"product_tag","embeddable":true,"href":"https:\/\/e-systemygrzewcze.eu\/sklep\/wp-json\/wp\/v2\/product_tag?post=9423"}],"curies":[{"name":"wp","href":"https:\/\/api.w.org\/{rel}","templated":true}]}}