{"id":9325,"date":"2026-01-16T13:10:25","date_gmt":"2026-01-16T13:10:25","guid":{"rendered":"https:\/\/e-systemygrzewcze.eu\/sklep\/produkt\/variovac-szufelka-automatyczna-srebrna-477008\/"},"modified":"2026-04-10T05:49:14","modified_gmt":"2026-04-10T05:49:14","slug":"variovac-szufelka-automatyczna-srebrna-477008","status":"publish","type":"product","link":"https:\/\/e-systemygrzewcze.eu\/sklep\/produkt\/variovac-szufelka-automatyczna-srebrna-477008\/","title":{"rendered":"VARIOVAC Szufelka automatyczna srebrna (477008)"},"content":{"rendered":"","protected":false},"excerpt":{"rendered":"<p><strong>VARIOVAC Szufelka automatyczna srebrna (477008) to praktyczny element systemu centralnego odkurzania, umo\u017cliwiaj\u0105cy szybkie i wygodne usuwanie drobnych zanieczyszcze\u0144. Montowana przy pod\u0142odze pozwala na \u0142atwe zasysanie kurzu i okruch\u00f3w bez potrzeby u\u017cywania tradycyjnego w\u0119\u017ca ss\u0105cego. Estetyczne srebrne wyko\u0144czenie sprawia, \u017ce produkt dobrze komponuje si\u0119 z nowoczesnymi wn\u0119trzami.<\/strong><\/p>\n","protected":false},"featured_media":9327,"template":"","meta":{"_kad_blocks_custom_css":"","_kad_blocks_head_custom_js":"","_kad_blocks_body_custom_js":"","_kad_blocks_footer_custom_js":"","_kad_post_transparent":"default","_kad_post_title":"","_kad_post_layout":"default","_kad_post_sidebar_id":"","_kad_post_content_style":"default","_kad_post_vertical_padding":"default","_kad_post_feature":"","_kad_post_feature_position":"","_kad_post_header":false,"_kad_post_footer":false,"_kad_post_classname":""},"product_brand":[466],"product_cat":[291],"product_tag":[],"class_list":{"0":"post-9325","1":"product","2":"type-product","3":"status-publish","4":"has-post-thumbnail","6":"product_brand-variovac","7":"product_cat-wyprzedaz","8":"product_shipping_class-drobnica","10":"first","11":"instock","12":"taxable","13":"shipping-taxable","14":"purchasable","15":"product-type-simple","16":"entry","17":"content-bg","18":"loop-entry"},"taxonomy_info":{"product_brand":[{"value":466,"label":"Variovac"}],"product_cat":[{"value":291,"label":"Wyprzeda\u017c"}]},"featured_image_src_large":["https:\/\/e-systemygrzewcze.eu\/sklep\/wp-content\/uploads\/2026\/01\/Nowy-projekt-2026-01-16T141110.808.jpg",510,587,false],"author_info":[],"comment_info":"","_links":{"self":[{"href":"https:\/\/e-systemygrzewcze.eu\/sklep\/wp-json\/wp\/v2\/product\/9325","targetHints":{"allow":["GET"]}}],"collection":[{"href":"https:\/\/e-systemygrzewcze.eu\/sklep\/wp-json\/wp\/v2\/product"}],"about":[{"href":"https:\/\/e-systemygrzewcze.eu\/sklep\/wp-json\/wp\/v2\/types\/product"}],"wp:featuredmedia":[{"embeddable":true,"href":"https:\/\/e-systemygrzewcze.eu\/sklep\/wp-json\/wp\/v2\/media\/9327"}],"wp:attachment":[{"href":"https:\/\/e-systemygrzewcze.eu\/sklep\/wp-json\/wp\/v2\/media?parent=9325"}],"wp:term":[{"taxonomy":"product_brand","embeddable":true,"href":"https:\/\/e-systemygrzewcze.eu\/sklep\/wp-json\/wp\/v2\/product_brand?post=9325"},{"taxonomy":"product_cat","embeddable":true,"href":"https:\/\/e-systemygrzewcze.eu\/sklep\/wp-json\/wp\/v2\/product_cat?post=9325"},{"taxonomy":"product_tag","embeddable":true,"href":"https:\/\/e-systemygrzewcze.eu\/sklep\/wp-json\/wp\/v2\/product_tag?post=9325"}],"curies":[{"name":"wp","href":"https:\/\/api.w.org\/{rel}","templated":true}]}}