{"id":9320,"date":"2026-01-16T10:44:57","date_gmt":"2026-01-16T10:44:57","guid":{"rendered":"https:\/\/e-systemygrzewcze.eu\/sklep\/produkt\/variovac-separator-popiolu-17l-z-filtrem-bez-silnika\/"},"modified":"2026-04-07T11:37:49","modified_gmt":"2026-04-07T11:37:49","slug":"variovac-separator-popiolu-17l-z-filtrem-bez-silnika","status":"publish","type":"product","link":"https:\/\/e-systemygrzewcze.eu\/sklep\/produkt\/variovac-separator-popiolu-17l-z-filtrem-bez-silnika\/","title":{"rendered":"VARIOVAC Separator popio\u0142u 17L z filtrem bez silnika"},"content":{"rendered":"","protected":false},"excerpt":{"rendered":"<p><strong>Praktyczny separator popio\u0142u VARIOVAC 17 litr\u00f3w z filtrem, do pracy z odkurzaczem\/instalacj\u0105 ss\u0105c\u0105 (bez wbudowanego silnika). Idealny do komink\u00f3w, piec\u00f3w i grilli.<\/strong><\/p>\n","protected":false},"featured_media":9322,"template":"","meta":{"_kad_blocks_custom_css":"","_kad_blocks_head_custom_js":"","_kad_blocks_body_custom_js":"","_kad_blocks_footer_custom_js":"","_kad_post_transparent":"default","_kad_post_title":"","_kad_post_layout":"default","_kad_post_sidebar_id":"","_kad_post_content_style":"default","_kad_post_vertical_padding":"default","_kad_post_feature":"","_kad_post_feature_position":"","_kad_post_header":false,"_kad_post_footer":false,"_kad_post_classname":""},"product_brand":[466],"product_cat":[291],"product_tag":[],"class_list":{"0":"post-9320","1":"product","2":"type-product","3":"status-publish","4":"has-post-thumbnail","6":"product_brand-variovac","7":"product_cat-wyprzedaz","8":"product_shipping_class-drobnica","10":"first","11":"instock","12":"taxable","13":"shipping-taxable","14":"purchasable","15":"product-type-simple","16":"entry","17":"content-bg","18":"loop-entry"},"taxonomy_info":{"product_brand":[{"value":466,"label":"Variovac"}],"product_cat":[{"value":291,"label":"Wyprzeda\u017c"}]},"featured_image_src_large":["https:\/\/e-systemygrzewcze.eu\/sklep\/wp-content\/uploads\/2026\/01\/Nowy-projekt-2026-01-16T113826.476.jpg",510,587,false],"author_info":[],"comment_info":"","_links":{"self":[{"href":"https:\/\/e-systemygrzewcze.eu\/sklep\/wp-json\/wp\/v2\/product\/9320","targetHints":{"allow":["GET"]}}],"collection":[{"href":"https:\/\/e-systemygrzewcze.eu\/sklep\/wp-json\/wp\/v2\/product"}],"about":[{"href":"https:\/\/e-systemygrzewcze.eu\/sklep\/wp-json\/wp\/v2\/types\/product"}],"wp:featuredmedia":[{"embeddable":true,"href":"https:\/\/e-systemygrzewcze.eu\/sklep\/wp-json\/wp\/v2\/media\/9322"}],"wp:attachment":[{"href":"https:\/\/e-systemygrzewcze.eu\/sklep\/wp-json\/wp\/v2\/media?parent=9320"}],"wp:term":[{"taxonomy":"product_brand","embeddable":true,"href":"https:\/\/e-systemygrzewcze.eu\/sklep\/wp-json\/wp\/v2\/product_brand?post=9320"},{"taxonomy":"product_cat","embeddable":true,"href":"https:\/\/e-systemygrzewcze.eu\/sklep\/wp-json\/wp\/v2\/product_cat?post=9320"},{"taxonomy":"product_tag","embeddable":true,"href":"https:\/\/e-systemygrzewcze.eu\/sklep\/wp-json\/wp\/v2\/product_tag?post=9320"}],"curies":[{"name":"wp","href":"https:\/\/api.w.org\/{rel}","templated":true}]}}