{"id":9019,"date":"2026-01-13T12:23:32","date_gmt":"2026-01-13T12:23:32","guid":{"rendered":"https:\/\/e-systemygrzewcze.eu\/sklep\/produkt\/wspornik-do-klimatyzacji-hl-550\/"},"modified":"2026-04-02T08:51:10","modified_gmt":"2026-04-02T08:51:10","slug":"wspornik-do-klimatyzacji-hl-550","status":"publish","type":"product","link":"https:\/\/e-systemygrzewcze.eu\/sklep\/produkt\/wspornik-do-klimatyzacji-hl-550\/","title":{"rendered":"Wspornik do klimatyzacji HL-550 (200kg)"},"content":{"rendered":"<h2 data-start=\"0\" data-end=\"98\"><strong data-start=\"3\" data-end=\"98\">Wspornik do klimatyzacji HL-550&#215;375 (no\u015bno\u015b\u0107 200 kg) \u2013 wieszak do monta\u017cu jednostki zewn\u0119trznej<\/strong><\/h2>\n<hr data-start=\"100\" data-end=\"103\" \/>\n<h3 data-start=\"105\" data-end=\"130\">\u2b50 Najwa\u017cniejsze cechy<\/h3>\n<p data-start=\"132\" data-end=\"568\"><strong data-start=\"132\" data-end=\"151\">Nazwa produktu:<\/strong> Wspornik do klimatyzacji HL-550<br data-start=\"183\" data-end=\"186\" \/><strong data-start=\"186\" data-end=\"204\">Przeznaczenie:<\/strong> monta\u017c jednostki zewn\u0119trznej klimatyzacji<br data-start=\"246\" data-end=\"249\" \/><strong data-start=\"249\" data-end=\"261\">No\u015bno\u015b\u0107:<\/strong> do 200 kg<br data-start=\"271\" data-end=\"274\" \/><strong data-start=\"274\" data-end=\"290\">Typ monta\u017cu:<\/strong> na\u015bcienny \/ wspornikowy<br data-start=\"314\" data-end=\"317\" \/><strong data-start=\"317\" data-end=\"330\">Materia\u0142:<\/strong> stal (zwykle ocynkowana lub malowana proszkowo \u2014 odporna na korozj\u0119)<br data-start=\"399\" data-end=\"402\" \/><strong data-start=\"402\" data-end=\"412\">Kolor:<\/strong> najcz\u0119\u015bciej czarny lub szary (zale\u017cnie od producenta)<br data-start=\"466\" data-end=\"469\" \/><strong data-start=\"469\" data-end=\"486\">Zastosowanie:<\/strong> mocowanie jednostki zewn\u0119trznej klimatyzatora na elewacji, tarasie lub balkonie<\/p>\n<hr data-start=\"570\" data-end=\"573\" \/>\n<h3 data-start=\"575\" data-end=\"599\">\ud83d\udcd0 <strong data-start=\"582\" data-end=\"599\">Opis produktu<\/strong><\/h3>\n<p data-start=\"601\" data-end=\"881\">Wspornik <strong data-start=\"610\" data-end=\"620\">HL-550<\/strong> to solidny i wytrzyma\u0142y <strong data-start=\"645\" data-end=\"703\">wieszak do monta\u017cu jednostek zewn\u0119trznych klimatyzacji<\/strong>. Zaprojektowany zosta\u0142 tak, aby utrzyma\u0107 ci\u0119\u017ckie urz\u0105dzenia o wadze do <strong data-start=\"775\" data-end=\"785\">200 kg<\/strong>, co czyni go odpowiednim rozwi\u0105zaniem nawet dla wi\u0119kszych i mocniejszych modeli klimatyzator\u00f3w.<\/p>\n<p data-start=\"883\" data-end=\"1213\">Wykonany z wysokiej jako\u015bci stali, zwykle pokrytej pow\u0142ok\u0105 antykorozyjn\u0105 (ocynk lub farba proszkowa), wspornik <strong data-start=\"994\" data-end=\"1004\">HL-550<\/strong> jest odporny na warunki atmosferyczne i uszkodzenia mechaniczne. Dzi\u0119ki temu mo\u017cesz bezpiecznie zamontowa\u0107 jednostk\u0119 zewn\u0119trzn\u0105 na \u015bcianie budynku, balkonie lub tarasie, nie martwi\u0105c si\u0119 o trwa\u0142o\u015b\u0107 mocowania.<\/p>\n<p data-start=\"1215\" data-end=\"1533\">Produkt zaprojektowano z my\u015bl\u0105 o prostym monta\u017cu:<br data-start=\"1264\" data-end=\"1267\" \/>\u2705 solidna konstrukcja no\u015bna,<br data-start=\"1295\" data-end=\"1298\" \/>\u2705 odpowiednia szeroko\u015b\u0107 i g\u0142\u0119boko\u015b\u0107 ramion do stabilnego podparcia jednostki,<br data-start=\"1375\" data-end=\"1378\" \/>\u2705 wytrzyma\u0142e otwory monta\u017cowe do przykr\u0119cenia do \u015bciany,<br data-start=\"1434\" data-end=\"1437\" \/>\u2705 du\u017ca no\u015bno\u015b\u0107 (do 200 kg) zapewnia bezpiecze\u0144stwo nawet przy wi\u0119kszych modelach klimatyzator\u00f3w.<\/p>\n<hr data-start=\"1535\" data-end=\"1538\" \/>\n<h3 data-start=\"1540\" data-end=\"1564\">\ud83d\udee0\ufe0f <strong data-start=\"1548\" data-end=\"1564\">Zastosowanie<\/strong><\/h3>\n<ul data-start=\"1566\" data-end=\"1850\">\n<li data-start=\"1566\" data-end=\"1632\">\n<p data-start=\"1568\" data-end=\"1632\">monta\u017c jednostek zewn\u0119trznych klimatyzacji na elewacji budynku<\/p>\n<\/li>\n<li data-start=\"1633\" data-end=\"1693\">\n<p data-start=\"1635\" data-end=\"1693\">mocowanie na \u015bcianach no\u015bnych, murowanych lub betonowych<\/p>\n<\/li>\n<li data-start=\"1694\" data-end=\"1767\">\n<p data-start=\"1696\" data-end=\"1767\">instalacja w domach jednorodzinnych, biurach lub obiektach us\u0142ugowych<\/p>\n<\/li>\n<li data-start=\"1768\" data-end=\"1850\">\n<p data-start=\"1770\" data-end=\"1850\">zastosowanie tam, gdzie wymagana jest stabilna i bezpieczna podpora urz\u0105dzenia<\/p>\n<\/li>\n<\/ul>\n","protected":false},"excerpt":{"rendered":"<p><strong>Wspornik HL-550 to wytrzyma\u0142y wieszak do monta\u017cu jednostki zewn\u0119trznej klimatyzatora o no\u015bno\u015bci do 200 kg, idealny do stabilnego i bezpiecznego zamocowania na elewacji lub balkonie. Wykonany ze stali i odporny na warunki atmosferyczne zapewnia trwa\u0142e i solidne podparcie dla ci\u0119\u017ckich modeli klimatyzator\u00f3w.<\/strong><\/p>\n","protected":false},"featured_media":9021,"template":"","meta":{"_kad_blocks_custom_css":"","_kad_blocks_head_custom_js":"","_kad_blocks_body_custom_js":"","_kad_blocks_footer_custom_js":"","_kad_post_transparent":"default","_kad_post_title":"","_kad_post_layout":"default","_kad_post_sidebar_id":"","_kad_post_content_style":"default","_kad_post_vertical_padding":"default","_kad_post_feature":"","_kad_post_feature_position":"","_kad_post_header":false,"_kad_post_footer":false,"_kad_post_classname":""},"product_brand":[],"product_cat":[346],"product_tag":[],"class_list":{"0":"post-9019","1":"product","2":"type-product","3":"status-publish","4":"has-post-thumbnail","6":"product_cat-akcesoria-klimatyzacja","7":"product_shipping_class-drobnica","9":"first","10":"instock","11":"taxable","12":"shipping-taxable","13":"purchasable","14":"product-type-simple","15":"entry","16":"content-bg","17":"loop-entry"},"taxonomy_info":{"product_cat":[{"value":346,"label":"Akcesoria"}]},"featured_image_src_large":["https:\/\/e-systemygrzewcze.eu\/sklep\/wp-content\/uploads\/2026\/01\/Nowy-projekt-2026-01-13T132925.014.jpg",510,587,false],"author_info":[],"comment_info":"","_links":{"self":[{"href":"https:\/\/e-systemygrzewcze.eu\/sklep\/wp-json\/wp\/v2\/product\/9019","targetHints":{"allow":["GET"]}}],"collection":[{"href":"https:\/\/e-systemygrzewcze.eu\/sklep\/wp-json\/wp\/v2\/product"}],"about":[{"href":"https:\/\/e-systemygrzewcze.eu\/sklep\/wp-json\/wp\/v2\/types\/product"}],"wp:featuredmedia":[{"embeddable":true,"href":"https:\/\/e-systemygrzewcze.eu\/sklep\/wp-json\/wp\/v2\/media\/9021"}],"wp:attachment":[{"href":"https:\/\/e-systemygrzewcze.eu\/sklep\/wp-json\/wp\/v2\/media?parent=9019"}],"wp:term":[{"taxonomy":"product_brand","embeddable":true,"href":"https:\/\/e-systemygrzewcze.eu\/sklep\/wp-json\/wp\/v2\/product_brand?post=9019"},{"taxonomy":"product_cat","embeddable":true,"href":"https:\/\/e-systemygrzewcze.eu\/sklep\/wp-json\/wp\/v2\/product_cat?post=9019"},{"taxonomy":"product_tag","embeddable":true,"href":"https:\/\/e-systemygrzewcze.eu\/sklep\/wp-json\/wp\/v2\/product_tag?post=9019"}],"curies":[{"name":"wp","href":"https:\/\/api.w.org\/{rel}","templated":true}]}}