{"id":8926,"date":"2026-01-10T10:04:37","date_gmt":"2026-01-10T10:04:37","guid":{"rendered":"https:\/\/e-systemygrzewcze.eu\/sklep\/produkt\/auraton-zawor-przeciwzalaniowy-water-stop-1\/"},"modified":"2026-04-07T11:54:05","modified_gmt":"2026-04-07T11:54:05","slug":"auraton-zawor-przeciwzalaniowy-water-stop-1","status":"publish","type":"product","link":"https:\/\/e-systemygrzewcze.eu\/sklep\/produkt\/auraton-zawor-przeciwzalaniowy-water-stop-1\/","title":{"rendered":"AURATON Zaw\u00f3r przeciwzalaniowy WATER STOP 1&#8243;"},"content":{"rendered":"<h2 data-start=\"0\" data-end=\"133\"><strong data-start=\"3\" data-end=\"80\">AURATON WaterStop \u2013 inteligentny zaw\u00f3r przeciwzalaniowy + czujnik zalania<\/strong><\/h2>\n<p data-start=\"135\" data-end=\"371\">AURATON WaterStop to nowoczesny, inteligentny system przeciwzalaniowy, kt\u00f3ry automatycznie chroni dom lub mieszkanie przed skutkami wyciek\u00f3w wody \u2013 niezale\u017cnie od tego, czy s\u0105 one spowodowane p\u0119kni\u0119ciem rury, awari\u0105 pralki lub zmywarki.<\/p>\n<hr data-start=\"373\" data-end=\"376\" \/>\n<h2 data-start=\"378\" data-end=\"407\">\u2b50 Najwa\u017cniejsze informacje<\/h2>\n<p data-start=\"409\" data-end=\"667\"><strong data-start=\"409\" data-end=\"423\">Producent:<\/strong> AURATON<br data-start=\"431\" data-end=\"434\" \/><strong data-start=\"434\" data-end=\"451\">Typ produktu:<\/strong> Zaw\u00f3r przeciwzalaniowy + czujnik zalania<br data-start=\"492\" data-end=\"495\" \/><strong data-start=\"495\" data-end=\"514\">Rozmiar zaworu:<\/strong> 1\u2033<br data-start=\"517\" data-end=\"520\" \/><strong data-start=\"520\" data-end=\"536\">Komunikacja:<\/strong> bezprzewodowa<br data-start=\"550\" data-end=\"553\" \/><strong data-start=\"553\" data-end=\"568\">Sterowanie:<\/strong> automatyczne \/ aplikacja mobilna (w po\u0142\u0105czeniu z central\u0105 AURATON Pulse)<br data-start=\"641\" data-end=\"644\" \/><strong data-start=\"644\" data-end=\"665\">Zasilanie zaworu:<\/strong><\/p>\n<ul data-start=\"668\" data-end=\"838\">\n<li data-start=\"668\" data-end=\"718\">\n<p data-start=\"670\" data-end=\"718\">akumulator (\u0142adowanie ok. 1 raz na 6 miesi\u0119cy)<\/p>\n<\/li>\n<li data-start=\"719\" data-end=\"838\">\n<p data-start=\"721\" data-end=\"838\">opcjonalnie sta\u0142e zasilanie USB<br data-start=\"752\" data-end=\"755\" \/><strong data-start=\"755\" data-end=\"779\">Mo\u017cliwo\u015b\u0107 rozbudowy:<\/strong> tak \u2013 obs\u0142uga wielu czujnik\u00f3w zalania (sprzedawane osobno)<\/p>\n<\/li>\n<\/ul>\n<hr data-start=\"840\" data-end=\"843\" \/>\n<h2 data-start=\"845\" data-end=\"869\">\u2699\ufe0f Jak dzia\u0142a system?<\/h2>\n<p data-start=\"871\" data-end=\"891\">System sk\u0142ada si\u0119 z:<\/p>\n<ul data-start=\"892\" data-end=\"1044\">\n<li data-start=\"892\" data-end=\"951\">\n<p data-start=\"894\" data-end=\"951\"><strong data-start=\"894\" data-end=\"911\">elektrozaworu<\/strong>, montowanego na g\u0142\u00f3wnym przy\u0142\u0105czu wody,<\/p>\n<\/li>\n<li data-start=\"952\" data-end=\"1044\">\n<p data-start=\"954\" data-end=\"1044\"><strong data-start=\"954\" data-end=\"974\">czujnika zalania<\/strong>, kt\u00f3ry wykrywa obecno\u015b\u0107 wody i bezprzewodowo wysy\u0142a sygna\u0142 do zaworu.<\/p>\n<\/li>\n<\/ul>\n<p data-start=\"1046\" data-end=\"1177\">Po wykryciu wycieku:<br \/>\n\ud83d\udc49 zaw\u00f3r <strong data-start=\"1076\" data-end=\"1126\">automatycznie i natychmiast zamyka dop\u0142yw wody<\/strong>, minimalizuj\u0105c ryzyko zalania i kosztownych szk\u00f3d.<\/p>\n<p data-start=\"1179\" data-end=\"1244\">Czujniki zalania nale\u017cy umie\u015bci\u0107 w newralgicznych miejscach, np.:<\/p>\n<ul data-start=\"1245\" data-end=\"1317\">\n<li data-start=\"1245\" data-end=\"1259\">\n<p data-start=\"1247\" data-end=\"1259\">przy pralce,<\/p>\n<\/li>\n<li data-start=\"1260\" data-end=\"1276\">\n<p data-start=\"1262\" data-end=\"1276\">przy zmywarce,<\/p>\n<\/li>\n<li data-start=\"1277\" data-end=\"1290\">\n<p data-start=\"1279\" data-end=\"1290\">pod zlewem,<\/p>\n<\/li>\n<li data-start=\"1291\" data-end=\"1317\">\n<p data-start=\"1293\" data-end=\"1317\">w kot\u0142owni lub \u0142azience.<\/p>\n<\/li>\n<\/ul>\n<hr data-start=\"1319\" data-end=\"1322\" \/>\n<h2 data-start=\"1324\" data-end=\"1366\">\ud83d\udcf1 Sterowanie inteligentne (opcjonalne)<\/h2>\n<p data-start=\"1368\" data-end=\"1479\">System dzia\u0142a <strong data-start=\"1382\" data-end=\"1399\">autonomicznie<\/strong>, ale po rozbudowie o <strong data-start=\"1421\" data-end=\"1447\">central\u0119 AURATON Pulse<\/strong> zyskujesz dodatkowe mo\u017cliwo\u015bci:<\/p>\n<ul data-start=\"1480\" data-end=\"1711\">\n<li data-start=\"1480\" data-end=\"1550\">\n<p data-start=\"1482\" data-end=\"1550\">zdalne otwieranie i zamykanie zaworu z dowolnego miejsca na \u015bwiecie,<\/p>\n<\/li>\n<li data-start=\"1551\" data-end=\"1596\">\n<p data-start=\"1553\" data-end=\"1596\">podgl\u0105d stanu systemu w aplikacji mobilnej,<\/p>\n<\/li>\n<li data-start=\"1597\" data-end=\"1711\">\n<p data-start=\"1599\" data-end=\"1711\">integracj\u0119 z innymi urz\u0105dzeniami smart home AURATON (ogrzewanie, rolety, o\u015bwietlenie, brama, podlewanie ogrodu).<\/p>\n<\/li>\n<\/ul>\n<hr data-start=\"1713\" data-end=\"1716\" \/>\n<h2 data-start=\"1718\" data-end=\"1753\">\u00a0Bezpiecze\u0144stwo i niezawodno\u015b\u0107<\/h2>\n<p data-start=\"1755\" data-end=\"1839\">AURATON WaterStop zosta\u0142 zaprojektowany tak, aby dzia\u0142a\u0107 nawet w trudnych warunkach:<\/p>\n<ul data-start=\"1841\" data-end=\"2255\">\n<li data-start=\"1841\" data-end=\"1913\">\n<p data-start=\"1843\" data-end=\"1913\"><strong data-start=\"1843\" data-end=\"1856\">DualPower<\/strong> \u2013 mo\u017cliwo\u015b\u0107 pracy na akumulatorze lub zasilaniu sta\u0142ym<\/p>\n<\/li>\n<li data-start=\"1914\" data-end=\"1996\">\n<p data-start=\"1916\" data-end=\"1996\"><strong data-start=\"1916\" data-end=\"1928\">AntiStop<\/strong> \u2013 zabezpieczenie przed osadzaniem si\u0119 kamienia i zatarciem zaworu<\/p>\n<\/li>\n<li data-start=\"1997\" data-end=\"2056\">\n<p data-start=\"1999\" data-end=\"2056\"><strong data-start=\"1999\" data-end=\"2011\">DualPath<\/strong> \u2013 niezawodna komunikacja i reakcja systemu<\/p>\n<\/li>\n<li data-start=\"2057\" data-end=\"2117\">\n<p data-start=\"2059\" data-end=\"2117\">sygna\u0142 d\u017awi\u0119kowy przypominaj\u0105cy o konieczno\u015bci \u0142adowania<\/p>\n<\/li>\n<li data-start=\"2118\" data-end=\"2201\">\n<p data-start=\"2120\" data-end=\"2201\">w przypadku braku energii \u2013 <strong data-start=\"2148\" data-end=\"2199\">automatyczne zamkni\u0119cie wody dla bezpiecze\u0144stwa<\/strong><\/p>\n<\/li>\n<li data-start=\"2202\" data-end=\"2255\">\n<p data-start=\"2204\" data-end=\"2255\">odporno\u015b\u0107 na brak Internetu i przerwy w zasilaniu<\/p>\n<\/li>\n<\/ul>\n<hr data-start=\"2257\" data-end=\"2260\" \/>\n<h2 data-start=\"2262\" data-end=\"2280\">\u2728 Opis produktu<\/h2>\n<p data-start=\"2282\" data-end=\"2616\"><strong data-start=\"2282\" data-end=\"2306\">AURATON WaterStop 1\u2033<\/strong> to inteligentny i w pe\u0142ni bezpieczny system przeciwzalaniowy, kt\u00f3ry samodzielnie chroni Tw\u00f3j dom przed wyciekami wody. Dzi\u0119ki autonomicznej pracy oraz mo\u017cliwo\u015bci zdalnego sterowania przez aplikacj\u0119 (z central\u0105 AURATON Pulse) zapewnia spok\u00f3j i ochron\u0119 zar\u00f3wno na co dzie\u0144, jak i podczas d\u0142u\u017cszych nieobecno\u015bci.<\/p>\n","protected":false},"excerpt":{"rendered":"<p><strong>AURATON WaterStop 1\u2033 to inteligentny zaw\u00f3r przeciwzalaniowy z czujnikiem, kt\u00f3ry automatycznie odcina dop\u0142yw wody w przypadku wykrycia wycieku. System dzia\u0142a autonomicznie, a po rozbudowie o central\u0119 AURATON Pulse umo\u017cliwia pe\u0142ne zdalne sterowanie i integracj\u0119 z inteligentnym domem.<\/strong><\/p>\n","protected":false},"featured_media":8928,"template":"","meta":{"_kad_blocks_custom_css":"","_kad_blocks_head_custom_js":"","_kad_blocks_body_custom_js":"","_kad_blocks_footer_custom_js":"","_kad_post_transparent":"default","_kad_post_title":"","_kad_post_layout":"default","_kad_post_sidebar_id":"","_kad_post_content_style":"default","_kad_post_vertical_padding":"default","_kad_post_feature":"","_kad_post_feature_position":"","_kad_post_header":false,"_kad_post_footer":false,"_kad_post_classname":""},"product_brand":[464],"product_cat":[291],"product_tag":[],"class_list":{"0":"post-8926","1":"product","2":"type-product","3":"status-publish","4":"has-post-thumbnail","6":"product_brand-auraton","7":"product_cat-wyprzedaz","8":"product_shipping_class-drobnica","10":"first","11":"instock","12":"taxable","13":"shipping-taxable","14":"purchasable","15":"product-type-simple","16":"entry","17":"content-bg","18":"loop-entry"},"taxonomy_info":{"product_brand":[{"value":464,"label":"Auraton"}],"product_cat":[{"value":291,"label":"Wyprzeda\u017c"}]},"featured_image_src_large":["https:\/\/e-systemygrzewcze.eu\/sklep\/wp-content\/uploads\/2026\/01\/Nowy-projekt-2026-01-10T111845.150.jpg",510,587,false],"author_info":[],"comment_info":"","_links":{"self":[{"href":"https:\/\/e-systemygrzewcze.eu\/sklep\/wp-json\/wp\/v2\/product\/8926","targetHints":{"allow":["GET"]}}],"collection":[{"href":"https:\/\/e-systemygrzewcze.eu\/sklep\/wp-json\/wp\/v2\/product"}],"about":[{"href":"https:\/\/e-systemygrzewcze.eu\/sklep\/wp-json\/wp\/v2\/types\/product"}],"wp:featuredmedia":[{"embeddable":true,"href":"https:\/\/e-systemygrzewcze.eu\/sklep\/wp-json\/wp\/v2\/media\/8928"}],"wp:attachment":[{"href":"https:\/\/e-systemygrzewcze.eu\/sklep\/wp-json\/wp\/v2\/media?parent=8926"}],"wp:term":[{"taxonomy":"product_brand","embeddable":true,"href":"https:\/\/e-systemygrzewcze.eu\/sklep\/wp-json\/wp\/v2\/product_brand?post=8926"},{"taxonomy":"product_cat","embeddable":true,"href":"https:\/\/e-systemygrzewcze.eu\/sklep\/wp-json\/wp\/v2\/product_cat?post=8926"},{"taxonomy":"product_tag","embeddable":true,"href":"https:\/\/e-systemygrzewcze.eu\/sklep\/wp-json\/wp\/v2\/product_tag?post=8926"}],"curies":[{"name":"wp","href":"https:\/\/api.w.org\/{rel}","templated":true}]}}