{"id":8837,"date":"2026-01-07T08:53:06","date_gmt":"2026-01-07T08:53:06","guid":{"rendered":"https:\/\/e-systemygrzewcze.eu\/sklep\/produkt\/carlo-poletti-zawor-regulacyjny-reczny-prosty-1-2-v10710qcsi\/"},"modified":"2026-04-08T05:19:56","modified_gmt":"2026-04-08T05:19:56","slug":"carlo-poletti-zawor-regulacyjny-reczny-prosty-1-2-v10710qcsi","status":"publish","type":"product","link":"https:\/\/e-systemygrzewcze.eu\/sklep\/produkt\/carlo-poletti-zawor-regulacyjny-reczny-prosty-1-2-v10710qcsi\/","title":{"rendered":"CARLO POLETTI Zaw\u00f3r regulacyjny r\u0119czny prosty 1\/2&#8243; (V10710QCSI)"},"content":{"rendered":"","protected":false},"excerpt":{"rendered":"<p><strong>CARLO POLETTI 1\/2\u2033 zaw\u00f3r r\u0119czny prosty \u2013 funkcjonalne rozwi\u0105zanie do regulacji przep\u0142ywu w instalacji. Prosta konstrukcja u\u0142atwia monta\u017c i u\u017cytkowanie.<\/strong><\/p>\n","protected":false},"featured_media":8841,"template":"","meta":{"_kad_blocks_custom_css":"","_kad_blocks_head_custom_js":"","_kad_blocks_body_custom_js":"","_kad_blocks_footer_custom_js":"","_kad_post_transparent":"default","_kad_post_title":"","_kad_post_layout":"default","_kad_post_sidebar_id":"","_kad_post_content_style":"default","_kad_post_vertical_padding":"default","_kad_post_feature":"","_kad_post_feature_position":"","_kad_post_header":false,"_kad_post_footer":false,"_kad_post_classname":""},"product_brand":[460],"product_cat":[291],"product_tag":[],"class_list":{"0":"post-8837","1":"product","2":"type-product","3":"status-publish","4":"has-post-thumbnail","6":"product_brand-carlo-poletti","7":"product_cat-wyprzedaz","8":"product_shipping_class-drobnica","10":"first","11":"instock","12":"taxable","13":"shipping-taxable","14":"purchasable","15":"product-type-simple","16":"entry","17":"content-bg","18":"loop-entry"},"taxonomy_info":{"product_brand":[{"value":460,"label":"Carlo Poletti"}],"product_cat":[{"value":291,"label":"Wyprzeda\u017c"}]},"featured_image_src_large":["https:\/\/e-systemygrzewcze.eu\/sklep\/wp-content\/uploads\/2026\/01\/Nowy-projekt-2026-01-07T095904.484.jpg",510,587,false],"author_info":[],"comment_info":"","_links":{"self":[{"href":"https:\/\/e-systemygrzewcze.eu\/sklep\/wp-json\/wp\/v2\/product\/8837","targetHints":{"allow":["GET"]}}],"collection":[{"href":"https:\/\/e-systemygrzewcze.eu\/sklep\/wp-json\/wp\/v2\/product"}],"about":[{"href":"https:\/\/e-systemygrzewcze.eu\/sklep\/wp-json\/wp\/v2\/types\/product"}],"wp:featuredmedia":[{"embeddable":true,"href":"https:\/\/e-systemygrzewcze.eu\/sklep\/wp-json\/wp\/v2\/media\/8841"}],"wp:attachment":[{"href":"https:\/\/e-systemygrzewcze.eu\/sklep\/wp-json\/wp\/v2\/media?parent=8837"}],"wp:term":[{"taxonomy":"product_brand","embeddable":true,"href":"https:\/\/e-systemygrzewcze.eu\/sklep\/wp-json\/wp\/v2\/product_brand?post=8837"},{"taxonomy":"product_cat","embeddable":true,"href":"https:\/\/e-systemygrzewcze.eu\/sklep\/wp-json\/wp\/v2\/product_cat?post=8837"},{"taxonomy":"product_tag","embeddable":true,"href":"https:\/\/e-systemygrzewcze.eu\/sklep\/wp-json\/wp\/v2\/product_tag?post=8837"}],"curies":[{"name":"wp","href":"https:\/\/api.w.org\/{rel}","templated":true}]}}