{"id":8266,"date":"2025-12-22T13:04:16","date_gmt":"2025-12-22T13:04:16","guid":{"rendered":"https:\/\/e-systemygrzewcze.eu\/sklep\/produkt\/deante-odplyw-scienny-liniowy-kow_003d\/"},"modified":"2026-04-08T06:15:12","modified_gmt":"2026-04-08T06:15:12","slug":"deante-odplyw-scienny-liniowy-kow_003d","status":"publish","type":"product","link":"https:\/\/e-systemygrzewcze.eu\/sklep\/produkt\/deante-odplyw-scienny-liniowy-kow_003d\/","title":{"rendered":"DEANTE Odp\u0142yw \u015bcienny liniowy (KOW_003D)"},"content":{"rendered":"<h2 style=\"text-align: center;\" data-start=\"0\" data-end=\"73\">! TOWAR POWYSTAWOWY !<\/h2>\n<h3 data-start=\"116\" data-end=\"183\">\ud83d\udebf DEANTE Odp\u0142yw liniowy \u015bcienny 30 cm \u2013 ruszt pe\u0142ny (KOW_003D)<\/h3>\n<p data-start=\"185\" data-end=\"565\">Nowoczesny odp\u0142yw liniowy \u015bcienny Deante to idealne rozwi\u0105zanie do kabin prysznicowych typu walk-in, montowanych bez brodzika. Pozwala na tworzenie niestandardowych aran\u017cacji \u0142azienki, zapewniaj\u0105c jednocze\u015bnie wysok\u0105 funkcjonalno\u015b\u0107, trwa\u0142o\u015b\u0107 i estetyk\u0119. Wykonany z wysokiej jako\u015bci stali nierdzewnej, jest odporny na \u015brodki czysto\u015bci i kosmetyki oraz \u0142atwy w utrzymaniu czysto\u015bci.<\/p>\n<hr data-start=\"567\" data-end=\"570\" \/>\n<h3 data-start=\"572\" data-end=\"599\">\u2b50 Najwa\u017cniejsze zalety:<\/h3>\n<ul data-start=\"600\" data-end=\"1111\">\n<li data-start=\"600\" data-end=\"655\">\n<p data-start=\"602\" data-end=\"655\">nowoczesny odp\u0142yw \u015bcienny do prysznica bez brodzika<\/p>\n<\/li>\n<li data-start=\"656\" data-end=\"696\">\n<p data-start=\"658\" data-end=\"696\">wykonany z trwa\u0142ej stali nierdzewnej<\/p>\n<\/li>\n<li data-start=\"697\" data-end=\"753\">\n<p data-start=\"699\" data-end=\"753\">ruszt pe\u0142ny o eleganckim, minimalistycznym wygl\u0105dzie<\/p>\n<\/li>\n<li data-start=\"754\" data-end=\"816\">\n<p data-start=\"756\" data-end=\"816\">wysoka przepustowo\u015b\u0107 syfonu \u2013 skuteczne odprowadzanie wody<\/p>\n<\/li>\n<li data-start=\"817\" data-end=\"852\">\n<p data-start=\"819\" data-end=\"852\">syfon z mo\u017cliwo\u015bci\u0105 obrotu 360\u00b0<\/p>\n<\/li>\n<li data-start=\"853\" data-end=\"945\">\n<p data-start=\"855\" data-end=\"945\">komplet monta\u017cowy w zestawie (n\u00f3\u017cki poziomuj\u0105ce, mata hydroizolacyjna, haczyk do rusztu)<\/p>\n<\/li>\n<li data-start=\"946\" data-end=\"1000\">\n<p data-start=\"948\" data-end=\"1000\">atest higieniczny PZH \u2013 bezpiecze\u0144stwo dla zdrowia<\/p>\n<\/li>\n<li data-start=\"1001\" data-end=\"1073\">\n<p data-start=\"1003\" data-end=\"1073\">mo\u017cliwo\u015b\u0107 stosowania dedykowanych, bezpiecznych \u015brodk\u00f3w czyszcz\u0105cych<\/p>\n<\/li>\n<li data-start=\"1074\" data-end=\"1111\">\n<p data-start=\"1076\" data-end=\"1111\">produkt przebadany laboratoryjnie<\/p>\n<\/li>\n<\/ul>\n<hr data-start=\"1113\" data-end=\"1116\" \/>\n<h3 data-start=\"1118\" data-end=\"1141\">\ud83d\udd27 Dane techniczne:<\/h3>\n<ul data-start=\"1142\" data-end=\"1543\">\n<li data-start=\"1142\" data-end=\"1167\">\n<p data-start=\"1144\" data-end=\"1167\">Producent: Deante<\/p>\n<\/li>\n<li data-start=\"1168\" data-end=\"1198\">\n<p data-start=\"1170\" data-end=\"1198\">Kod produktu: KOW_003D<\/p>\n<\/li>\n<li data-start=\"1199\" data-end=\"1237\">\n<p data-start=\"1201\" data-end=\"1237\">Rodzaj: odp\u0142yw liniowy \u015bcienny<\/p>\n<\/li>\n<li data-start=\"1238\" data-end=\"1271\">\n<p data-start=\"1240\" data-end=\"1271\">Materia\u0142: stal nierdzewna<\/p>\n<\/li>\n<li data-start=\"1272\" data-end=\"1297\">\n<p data-start=\"1274\" data-end=\"1297\">Wyko\u0144czenie: stal<\/p>\n<\/li>\n<li data-start=\"1298\" data-end=\"1321\">\n<p data-start=\"1300\" data-end=\"1321\">D\u0142ugo\u015b\u0107: 300 mm<\/p>\n<\/li>\n<li data-start=\"1322\" data-end=\"1352\">\n<p data-start=\"1324\" data-end=\"1352\">Syfon w komplecie: tak<\/p>\n<\/li>\n<li data-start=\"1353\" data-end=\"1391\">\n<p data-start=\"1355\" data-end=\"1391\">Przepustowo\u015b\u0107 syfonu: 40 l\/min<\/p>\n<\/li>\n<li data-start=\"1392\" data-end=\"1420\">\n<p data-start=\"1394\" data-end=\"1420\">Syfon obrotowy: 360\u00b0<\/p>\n<\/li>\n<li data-start=\"1421\" data-end=\"1451\">\n<p data-start=\"1423\" data-end=\"1451\">N\u00f3\u017cki poziomuj\u0105ce: tak<\/p>\n<\/li>\n<li data-start=\"1452\" data-end=\"1511\">\n<p data-start=\"1454\" data-end=\"1511\">Mata hydroizolacyjna \/ ko\u0142nierz uszczelniaj\u0105cy: tak<\/p>\n<\/li>\n<\/ul>\n","protected":false},"excerpt":{"rendered":"<p><strong>Odp\u0142yw liniowy Deante KOW_003D to trwa\u0142e, bezpieczne i estetyczne rozwi\u0105zanie do nowoczesnych \u0142azienek, kt\u00f3re \u0142\u0105czy funkcjonalno\u015b\u0107 z wysok\u0105 jako\u015bci\u0105 wykonania.<\/strong><\/p>\n","protected":false},"featured_media":8267,"template":"","meta":{"_kad_blocks_custom_css":"","_kad_blocks_head_custom_js":"","_kad_blocks_body_custom_js":"","_kad_blocks_footer_custom_js":"","_kad_post_transparent":"default","_kad_post_title":"","_kad_post_layout":"default","_kad_post_sidebar_id":"","_kad_post_content_style":"default","_kad_post_vertical_padding":"default","_kad_post_feature":"","_kad_post_feature_position":"","_kad_post_header":false,"_kad_post_footer":false,"_kad_post_classname":""},"product_brand":[447],"product_cat":[291],"product_tag":[],"class_list":{"0":"post-8266","1":"product","2":"type-product","3":"status-publish","4":"has-post-thumbnail","6":"product_brand-deante","7":"product_cat-wyprzedaz","8":"product_shipping_class-drobnica","10":"first","11":"instock","12":"taxable","13":"shipping-taxable","14":"purchasable","15":"product-type-simple","16":"entry","17":"content-bg","18":"loop-entry"},"taxonomy_info":{"product_brand":[{"value":447,"label":"Deante"}],"product_cat":[{"value":291,"label":"Wyprzeda\u017c"}]},"featured_image_src_large":["https:\/\/e-systemygrzewcze.eu\/sklep\/wp-content\/uploads\/2025\/12\/Nowy-projekt-2025-12-22T135456.674.jpg",510,587,false],"author_info":[],"comment_info":"","_links":{"self":[{"href":"https:\/\/e-systemygrzewcze.eu\/sklep\/wp-json\/wp\/v2\/product\/8266","targetHints":{"allow":["GET"]}}],"collection":[{"href":"https:\/\/e-systemygrzewcze.eu\/sklep\/wp-json\/wp\/v2\/product"}],"about":[{"href":"https:\/\/e-systemygrzewcze.eu\/sklep\/wp-json\/wp\/v2\/types\/product"}],"wp:featuredmedia":[{"embeddable":true,"href":"https:\/\/e-systemygrzewcze.eu\/sklep\/wp-json\/wp\/v2\/media\/8267"}],"wp:attachment":[{"href":"https:\/\/e-systemygrzewcze.eu\/sklep\/wp-json\/wp\/v2\/media?parent=8266"}],"wp:term":[{"taxonomy":"product_brand","embeddable":true,"href":"https:\/\/e-systemygrzewcze.eu\/sklep\/wp-json\/wp\/v2\/product_brand?post=8266"},{"taxonomy":"product_cat","embeddable":true,"href":"https:\/\/e-systemygrzewcze.eu\/sklep\/wp-json\/wp\/v2\/product_cat?post=8266"},{"taxonomy":"product_tag","embeddable":true,"href":"https:\/\/e-systemygrzewcze.eu\/sklep\/wp-json\/wp\/v2\/product_tag?post=8266"}],"curies":[{"name":"wp","href":"https:\/\/api.w.org\/{rel}","templated":true}]}}