{"id":8240,"date":"2025-12-22T12:08:58","date_gmt":"2025-12-22T12:08:58","guid":{"rendered":"https:\/\/e-systemygrzewcze.eu\/sklep\/produkt\/deante-funkia-brodzik-akrylowy-polokragly-80cm-bialy\/"},"modified":"2026-04-08T06:16:09","modified_gmt":"2026-04-08T06:16:09","slug":"deante-funkia-brodzik-akrylowy-polokragly-80cm-bialy","status":"publish","type":"product","link":"https:\/\/e-systemygrzewcze.eu\/sklep\/produkt\/deante-funkia-brodzik-akrylowy-polokragly-80cm-bialy\/","title":{"rendered":"DEANTE FUNKIA brodzik akrylowy p\u00f3\u0142okr\u0105g\u0142y 80cm (bia\u0142y)"},"content":{"rendered":"<div class=\"text-base my-auto mx-auto pb-10 [--thread-content-margin:--spacing(4)] @w-sm\/main:[--thread-content-margin:--spacing(6)] @w-lg\/main:[--thread-content-margin:--spacing(16)] px-(--thread-content-margin)\">\n<div class=\"[--thread-content-max-width:40rem] @w-lg\/main:[--thread-content-max-width:48rem] mx-auto max-w-(--thread-content-max-width) flex-1 group\/turn-messages focus-visible:outline-hidden relative flex w-full min-w-0 flex-col agent-turn\" tabindex=\"-1\">\n<div class=\"flex max-w-full flex-col grow\">\n<div class=\"min-h-8 text-message relative flex w-full flex-col items-end gap-2 text-start break-words whitespace-normal [.text-message+&amp;]:mt-1\" dir=\"auto\" data-message-author-role=\"assistant\" data-message-id=\"499f3bef-17ef-4d68-8396-4e7ba2576784\" data-message-model-slug=\"gpt-5-2\">\n<div class=\"flex w-full flex-col gap-1 empty:hidden first:pt-[1px]\">\n<div class=\"markdown prose dark:prose-invert w-full break-words dark markdown-new-styling\">\n<h2 style=\"text-align: center;\" data-start=\"0\" data-end=\"73\">! TOWAR POWYSTAWOWY !<\/h2>\n<h3 data-start=\"0\" data-end=\"73\">\ud83d\udebf DEANTE FUNKIA brodzik akrylowy p\u00f3\u0142okr\u0105g\u0142y 80 cm \u2013 bia\u0142y (KTA_054B)<\/h3>\n<p data-start=\"75\" data-end=\"368\">Brodzik <strong data-start=\"83\" data-end=\"111\">DEANTE Funkia (KTA_054B)<\/strong> to praktyczne i estetyczne rozwi\u0105zanie do nowoczesnych kabin prysznicowych. <strong data-start=\"188\" data-end=\"233\">P\u00f3\u0142okr\u0105g\u0142y kszta\u0142t o wymiarach 80 \u00d7 80 cm<\/strong> pozwala optymalnie wykorzysta\u0107 przestrze\u0144 \u0142azienki, a klasyczne bia\u0142e wyko\u0144czenie doskonale komponuje si\u0119 z r\u00f3\u017cnymi stylami aran\u017cacji.<\/p>\n<p data-start=\"370\" data-end=\"754\">Wykonany z <strong data-start=\"381\" data-end=\"408\">wysokiej jako\u015bci akrylu<\/strong>, brodzik zachowuje trwa\u0142y po\u0142ysk i kolor przez d\u0142ugi czas. <strong data-start=\"468\" data-end=\"494\">Wyst\u0119py antypo\u015blizgowe<\/strong> zwi\u0119kszaj\u0105 bezpiecze\u0144stwo u\u017cytkowania, minimalizuj\u0105c ryzyko po\u015blizgni\u0119cia. Dzi\u0119ki <strong data-start=\"577\" data-end=\"603\">zintegrowanej obudowie<\/strong> oraz <strong data-start=\"609\" data-end=\"631\">regulowanym stopom<\/strong> monta\u017c jest szybki i stabilny, a mo\u017cliwo\u015b\u0107 instalacji <strong data-start=\"686\" data-end=\"709\">na poziomie pod\u0142ogi<\/strong> podnosi komfort i estetyk\u0119 strefy prysznica.<\/p>\n<p data-start=\"756\" data-end=\"1034\">Brodzik posiada <strong data-start=\"772\" data-end=\"799\">odp\u0142yw o \u015brednicy 50 mm<\/strong> i jest kompatybilny z syfonem <strong data-start=\"830\" data-end=\"842\">NHC_025C<\/strong> oraz korkiem <strong data-start=\"856\" data-end=\"871\">CLICK-CLACK<\/strong>. Producent zaleca stosowanie dedykowanych \u015brodk\u00f3w czyszcz\u0105cych bezpiecznych dla powierzchni akrylowych. Jako\u015b\u0107 produktu potwierdzona jest testami laboratoryjnymi.<\/p>\n<h4 data-start=\"1036\" data-end=\"1072\">\u2705 Najwa\u017cniejsze cechy produktu:<\/h4>\n<ul data-start=\"1073\" data-end=\"1465\">\n<li data-start=\"1073\" data-end=\"1101\">\n<p data-start=\"1075\" data-end=\"1101\">kszta\u0142t: <strong data-start=\"1084\" data-end=\"1098\">p\u00f3\u0142okr\u0105g\u0142y<\/strong>,<\/p>\n<\/li>\n<li data-start=\"1102\" data-end=\"1132\">\n<p data-start=\"1104\" data-end=\"1132\">wymiary: <strong data-start=\"1113\" data-end=\"1129\">800 \u00d7 800 mm<\/strong>,<\/p>\n<\/li>\n<li data-start=\"1133\" data-end=\"1158\">\n<p data-start=\"1135\" data-end=\"1158\">wysoko\u015b\u0107: <strong data-start=\"1145\" data-end=\"1155\">160 mm<\/strong>,<\/p>\n<\/li>\n<li data-start=\"1159\" data-end=\"1184\">\n<p data-start=\"1161\" data-end=\"1184\">g\u0142\u0119boko\u015b\u0107: <strong data-start=\"1172\" data-end=\"1181\">50 mm<\/strong>,<\/p>\n<\/li>\n<li data-start=\"1185\" data-end=\"1214\">\n<p data-start=\"1187\" data-end=\"1214\">promie\u0144 \u0142uku: <strong data-start=\"1201\" data-end=\"1211\">550 mm<\/strong>,<\/p>\n<\/li>\n<li data-start=\"1215\" data-end=\"1239\">\n<p data-start=\"1217\" data-end=\"1239\">materia\u0142: <strong data-start=\"1227\" data-end=\"1236\">akryl<\/strong>,<\/p>\n<\/li>\n<li data-start=\"1240\" data-end=\"1267\">\n<p data-start=\"1242\" data-end=\"1267\">wyko\u0144czenie: <strong data-start=\"1255\" data-end=\"1264\">bia\u0142y<\/strong>,<\/p>\n<\/li>\n<li data-start=\"1268\" data-end=\"1299\">\n<p data-start=\"1270\" data-end=\"1299\"><strong data-start=\"1270\" data-end=\"1296\">wyst\u0119py antypo\u015blizgowe<\/strong>,<\/p>\n<\/li>\n<li data-start=\"1300\" data-end=\"1329\">\n<p data-start=\"1302\" data-end=\"1329\"><strong data-start=\"1302\" data-end=\"1326\">zintegrowana obudowa<\/strong>,<\/p>\n<\/li>\n<li data-start=\"1330\" data-end=\"1355\">\n<p data-start=\"1332\" data-end=\"1355\"><strong data-start=\"1332\" data-end=\"1352\">regulowane stopy<\/strong>,<\/p>\n<\/li>\n<li data-start=\"1356\" data-end=\"1388\">\n<p data-start=\"1358\" data-end=\"1388\">\u015brednica odp\u0142ywu: <strong data-start=\"1376\" data-end=\"1385\">50 mm<\/strong>,<\/p>\n<\/li>\n<li data-start=\"1389\" data-end=\"1425\">\n<p data-start=\"1391\" data-end=\"1425\">monta\u017c: <strong data-start=\"1399\" data-end=\"1422\">na poziomie pod\u0142ogi<\/strong>,<\/p>\n<\/li>\n<li data-start=\"1426\" data-end=\"1465\">\n<p data-start=\"1428\" data-end=\"1465\">producent: <strong data-start=\"1439\" data-end=\"1449\">Deante<\/strong> (polska marka).<\/p>\n<\/li>\n<\/ul>\n<\/div>\n<\/div>\n<\/div>\n<\/div>\n<\/div>\n<\/div>\n","protected":false},"excerpt":{"rendered":"<p><strong>Brodzik akrylowy DEANTE Funkia (KTA_054B) o wymiarach 80 \u00d7 80 cm to bezpieczne i estetyczne rozwi\u0105zanie do kabin prysznicowych. Trwa\u0142y akryl, antypo\u015blizgowa powierzchnia oraz zintegrowana obudowa zapewniaj\u0105 komfort u\u017cytkowania i \u0142atwy monta\u017c.<\/strong><\/p>\n","protected":false},"featured_media":8243,"template":"","meta":{"_kad_blocks_custom_css":"","_kad_blocks_head_custom_js":"","_kad_blocks_body_custom_js":"","_kad_blocks_footer_custom_js":"","_kad_post_transparent":"default","_kad_post_title":"","_kad_post_layout":"default","_kad_post_sidebar_id":"","_kad_post_content_style":"default","_kad_post_vertical_padding":"default","_kad_post_feature":"","_kad_post_feature_position":"","_kad_post_header":false,"_kad_post_footer":false,"_kad_post_classname":""},"product_brand":[447],"product_cat":[291],"product_tag":[],"class_list":{"0":"post-8240","1":"product","2":"type-product","3":"status-publish","4":"has-post-thumbnail","6":"product_brand-deante","7":"product_cat-wyprzedaz","8":"product_shipping_class-paleta_700","10":"first","11":"instock","12":"taxable","13":"shipping-taxable","14":"purchasable","15":"product-type-simple","16":"entry","17":"content-bg","18":"loop-entry"},"taxonomy_info":{"product_brand":[{"value":447,"label":"Deante"}],"product_cat":[{"value":291,"label":"Wyprzeda\u017c"}]},"featured_image_src_large":["https:\/\/e-systemygrzewcze.eu\/sklep\/wp-content\/uploads\/2025\/12\/Nowy-projekt-2025-12-22T130707.707.jpg",510,587,false],"author_info":[],"comment_info":"","_links":{"self":[{"href":"https:\/\/e-systemygrzewcze.eu\/sklep\/wp-json\/wp\/v2\/product\/8240","targetHints":{"allow":["GET"]}}],"collection":[{"href":"https:\/\/e-systemygrzewcze.eu\/sklep\/wp-json\/wp\/v2\/product"}],"about":[{"href":"https:\/\/e-systemygrzewcze.eu\/sklep\/wp-json\/wp\/v2\/types\/product"}],"wp:featuredmedia":[{"embeddable":true,"href":"https:\/\/e-systemygrzewcze.eu\/sklep\/wp-json\/wp\/v2\/media\/8243"}],"wp:attachment":[{"href":"https:\/\/e-systemygrzewcze.eu\/sklep\/wp-json\/wp\/v2\/media?parent=8240"}],"wp:term":[{"taxonomy":"product_brand","embeddable":true,"href":"https:\/\/e-systemygrzewcze.eu\/sklep\/wp-json\/wp\/v2\/product_brand?post=8240"},{"taxonomy":"product_cat","embeddable":true,"href":"https:\/\/e-systemygrzewcze.eu\/sklep\/wp-json\/wp\/v2\/product_cat?post=8240"},{"taxonomy":"product_tag","embeddable":true,"href":"https:\/\/e-systemygrzewcze.eu\/sklep\/wp-json\/wp\/v2\/product_tag?post=8240"}],"curies":[{"name":"wp","href":"https:\/\/api.w.org\/{rel}","templated":true}]}}