{"id":8170,"date":"2025-12-19T08:28:54","date_gmt":"2025-12-19T08:28:54","guid":{"rendered":"https:\/\/e-systemygrzewcze.eu\/sklep\/produkt\/deante-bateria-wannowa-kalia-bez-weza-bgk_010m\/"},"modified":"2026-04-08T07:58:08","modified_gmt":"2026-04-08T07:58:08","slug":"deante-bateria-wannowa-kalia-bez-weza-bgk_010m","status":"publish","type":"product","link":"https:\/\/e-systemygrzewcze.eu\/sklep\/produkt\/deante-bateria-wannowa-kalia-bez-weza-bgk_010m\/","title":{"rendered":"DEANTE Bateria wannowa KALIA bez w\u0119\u017ca (BGK_010M)"},"content":{"rendered":"<h2 style=\"text-align: center;\" data-start=\"0\" data-end=\"73\">! TOWAR POWYSTAWOWY !<\/h2>\n<h2 data-start=\"0\" data-end=\"67\">DEANTE KALIA \u2013 Bateria wannowa \u015bcienna bez w\u0119\u017ca (BGK_010M)<\/h2>\n<p data-start=\"69\" data-end=\"355\"><strong data-start=\"69\" data-end=\"94\">DEANTE KALIA BGK_010M<\/strong> to nowoczesna bateria wannowa \u015bcienna, kt\u00f3ra \u0142\u0105czy eleganckie chromowane wyko\u0144czenie z funkcjonalno\u015bci\u0105 i trwa\u0142o\u015bci\u0105. Wyposa\u017cona w ceramiczn\u0105 g\u0142owic\u0119 i automatyczny prze\u0142\u0105cznik natrysku z blokad\u0105, zapewnia komfort i bezpiecze\u0144stwo codziennego u\u017cytkowania .<\/p>\n<hr data-start=\"357\" data-end=\"360\" \/>\n<h3 data-start=\"362\" data-end=\"381\">\ud83d\udccc Zastosowanie<\/h3>\n<ul data-start=\"383\" data-end=\"553\">\n<li data-start=\"383\" data-end=\"417\">\n<p data-start=\"385\" data-end=\"417\">Wanny w \u0142azienkach domowych<\/p>\n<\/li>\n<li data-start=\"418\" data-end=\"476\">\n<p data-start=\"420\" data-end=\"476\">Monta\u017c \u015bcienny w nowych i modernizowanych instalacjach<\/p>\n<\/li>\n<li data-start=\"477\" data-end=\"510\">\n<p data-start=\"479\" data-end=\"510\">Nowoczesne aran\u017cacje \u0142azienek<\/p>\n<\/li>\n<li data-start=\"511\" data-end=\"553\">\n<p data-start=\"513\" data-end=\"553\">Remonty oraz nowe realizacje sanitarne<\/p>\n<\/li>\n<\/ul>\n<hr data-start=\"555\" data-end=\"558\" \/>\n<h3 data-start=\"560\" data-end=\"581\">\u2714 Zalety produktu<\/h3>\n<ul data-start=\"583\" data-end=\"1016\">\n<li data-start=\"583\" data-end=\"622\">\n<p data-start=\"585\" data-end=\"622\">Eleganckie chromowane wyko\u0144czenie<\/p>\n<\/li>\n<li data-start=\"623\" data-end=\"699\">\n<p data-start=\"625\" data-end=\"699\">Ceramiczna g\u0142owica 35 mm \u2014 precyzyjna regulacja temperatury i strumienia<\/p>\n<\/li>\n<li data-start=\"700\" data-end=\"774\">\n<p data-start=\"702\" data-end=\"774\">Automatyczny prze\u0142\u0105cznik natrysku z blokad\u0105 \u2014 komfort i bezpiecze\u0144stwo<\/p>\n<\/li>\n<li data-start=\"775\" data-end=\"832\">\n<p data-start=\"777\" data-end=\"832\">Napowietrzony strumie\u0144 wody \u2014 oszcz\u0119dno\u015b\u0107 i wygoda<\/p>\n<\/li>\n<li data-start=\"833\" data-end=\"872\">\n<p data-start=\"835\" data-end=\"872\">Zawory zwrotne \u2014 ochrona instalacji<\/p>\n<\/li>\n<li data-start=\"873\" data-end=\"932\">\n<p data-start=\"875\" data-end=\"932\">Serwis dojazdowy dost\u0119pny \u2014 \u0142atwa obs\u0142uga i konserwacja<\/p>\n<\/li>\n<li data-start=\"933\" data-end=\"978\">\n<p data-start=\"935\" data-end=\"978\">Klasa przep\u0142ywu S \u2014 wydajny strumie\u0144 wody<\/p>\n<\/li>\n<li data-start=\"979\" data-end=\"1016\">\n<p data-start=\"981\" data-end=\"1016\">Grupa akustyczna II \u2014 cicha praca<\/p>\n<\/li>\n<\/ul>\n<hr data-start=\"1018\" data-end=\"1021\" \/>\n<h3 data-start=\"1023\" data-end=\"1050\">\ud83d\udcd0 Parametry techniczne<\/h3>\n<ul data-start=\"1052\" data-end=\"1515\">\n<li data-start=\"1052\" data-end=\"1077\">\n<p data-start=\"1054\" data-end=\"1077\"><strong data-start=\"1054\" data-end=\"1068\">Producent:<\/strong> DEANTE<\/p>\n<\/li>\n<li data-start=\"1078\" data-end=\"1122\">\n<p data-start=\"1080\" data-end=\"1122\"><strong data-start=\"1080\" data-end=\"1105\">Model \/ Kod produktu:<\/strong> KALIA BGK_010M<\/p>\n<\/li>\n<li data-start=\"1123\" data-end=\"1163\">\n<p data-start=\"1125\" data-end=\"1163\"><strong data-start=\"1125\" data-end=\"1144\">Rodzaj baterii:<\/strong> wannowa, \u015bcienna<\/p>\n<\/li>\n<li data-start=\"1164\" data-end=\"1201\">\n<p data-start=\"1166\" data-end=\"1201\"><strong data-start=\"1166\" data-end=\"1184\">Typ mieszacza:<\/strong> jednouchwytowa<\/p>\n<\/li>\n<li data-start=\"1202\" data-end=\"1228\">\n<p data-start=\"1204\" data-end=\"1228\"><strong data-start=\"1204\" data-end=\"1220\">Wyko\u0144czenie:<\/strong> chrom<\/p>\n<\/li>\n<li data-start=\"1229\" data-end=\"1281\">\n<p data-start=\"1231\" data-end=\"1281\"><strong data-start=\"1231\" data-end=\"1256\">Prze\u0142\u0105cznik natrysku:<\/strong> automatyczny z blokad\u0105<\/p>\n<\/li>\n<li data-start=\"1282\" data-end=\"1309\">\n<p data-start=\"1284\" data-end=\"1309\"><strong data-start=\"1284\" data-end=\"1303\">Zawory zwrotne:<\/strong> tak<\/p>\n<\/li>\n<li data-start=\"1310\" data-end=\"1348\">\n<p data-start=\"1312\" data-end=\"1348\"><strong data-start=\"1312\" data-end=\"1342\">Napowietrzenie strumienia:<\/strong> tak<\/p>\n<\/li>\n<li data-start=\"1349\" data-end=\"1391\">\n<p data-start=\"1351\" data-end=\"1391\"><strong data-start=\"1351\" data-end=\"1371\">Klasa przep\u0142ywu:<\/strong> S (15\u201319,8 l\/min)<\/p>\n<\/li>\n<li data-start=\"1392\" data-end=\"1420\">\n<p data-start=\"1394\" data-end=\"1420\"><strong data-start=\"1394\" data-end=\"1415\">Grupa akustyczna:<\/strong> II<\/p>\n<\/li>\n<li data-start=\"1421\" data-end=\"1454\">\n<p data-start=\"1423\" data-end=\"1454\"><strong data-start=\"1423\" data-end=\"1435\">G\u0142owica:<\/strong> ceramiczna 35 mm<\/p>\n<\/li>\n<li data-start=\"1455\" data-end=\"1485\">\n<p data-start=\"1457\" data-end=\"1485\"><strong data-start=\"1457\" data-end=\"1476\">Zasi\u0119g wylewki:<\/strong> 175 mm<\/p>\n<\/li>\n<li data-start=\"1486\" data-end=\"1515\">\n<p data-start=\"1488\" data-end=\"1515\"><strong data-start=\"1488\" data-end=\"1509\">Serwis dojazdowy:<\/strong> tak<\/p>\n<\/li>\n<\/ul>\n","protected":false},"excerpt":{"rendered":"<p><strong>DEANTE KALIA BGK_010M to solidna, funkcjonalna i estetyczna bateria wannowa \u015bcienna. Dzi\u0119ki automatycznemu prze\u0142\u0105cznikowi natrysku, ceramicznej g\u0142owicy i napowietrzonemu strumieniowi wody, bateria zapewnia komfort, bezpiecze\u0144stwo i elegancj\u0119 w ka\u017cdej \u0142azience .<\/strong><\/p>\n","protected":false},"featured_media":8171,"template":"","meta":{"_kad_blocks_custom_css":"","_kad_blocks_head_custom_js":"","_kad_blocks_body_custom_js":"","_kad_blocks_footer_custom_js":"","_kad_post_transparent":"default","_kad_post_title":"","_kad_post_layout":"default","_kad_post_sidebar_id":"","_kad_post_content_style":"default","_kad_post_vertical_padding":"default","_kad_post_feature":"","_kad_post_feature_position":"","_kad_post_header":false,"_kad_post_footer":false,"_kad_post_classname":""},"product_brand":[447],"product_cat":[291],"product_tag":[],"class_list":{"0":"post-8170","1":"product","2":"type-product","3":"status-publish","4":"has-post-thumbnail","6":"product_brand-deante","7":"product_cat-wyprzedaz","8":"product_shipping_class-drobnica","10":"first","11":"instock","12":"taxable","13":"shipping-taxable","14":"purchasable","15":"product-type-simple","16":"entry","17":"content-bg","18":"loop-entry"},"taxonomy_info":{"product_brand":[{"value":447,"label":"Deante"}],"product_cat":[{"value":291,"label":"Wyprzeda\u017c"}]},"featured_image_src_large":["https:\/\/e-systemygrzewcze.eu\/sklep\/wp-content\/uploads\/2025\/12\/Nowy-projekt-2025-12-19T093235.710.jpg",572,510,false],"author_info":[],"comment_info":"","_links":{"self":[{"href":"https:\/\/e-systemygrzewcze.eu\/sklep\/wp-json\/wp\/v2\/product\/8170","targetHints":{"allow":["GET"]}}],"collection":[{"href":"https:\/\/e-systemygrzewcze.eu\/sklep\/wp-json\/wp\/v2\/product"}],"about":[{"href":"https:\/\/e-systemygrzewcze.eu\/sklep\/wp-json\/wp\/v2\/types\/product"}],"wp:featuredmedia":[{"embeddable":true,"href":"https:\/\/e-systemygrzewcze.eu\/sklep\/wp-json\/wp\/v2\/media\/8171"}],"wp:attachment":[{"href":"https:\/\/e-systemygrzewcze.eu\/sklep\/wp-json\/wp\/v2\/media?parent=8170"}],"wp:term":[{"taxonomy":"product_brand","embeddable":true,"href":"https:\/\/e-systemygrzewcze.eu\/sklep\/wp-json\/wp\/v2\/product_brand?post=8170"},{"taxonomy":"product_cat","embeddable":true,"href":"https:\/\/e-systemygrzewcze.eu\/sklep\/wp-json\/wp\/v2\/product_cat?post=8170"},{"taxonomy":"product_tag","embeddable":true,"href":"https:\/\/e-systemygrzewcze.eu\/sklep\/wp-json\/wp\/v2\/product_tag?post=8170"}],"curies":[{"name":"wp","href":"https:\/\/api.w.org\/{rel}","templated":true}]}}