{"id":8163,"date":"2025-12-19T07:24:55","date_gmt":"2025-12-19T07:24:55","guid":{"rendered":"https:\/\/e-systemygrzewcze.eu\/sklep\/produkt\/deante-bateria-wannowa-cynia-bez-weza-bcy_010m\/"},"modified":"2026-04-08T07:58:21","modified_gmt":"2026-04-08T07:58:21","slug":"deante-bateria-wannowa-cynia-bez-weza-bcy_010m","status":"publish","type":"product","link":"https:\/\/e-systemygrzewcze.eu\/sklep\/produkt\/deante-bateria-wannowa-cynia-bez-weza-bcy_010m\/","title":{"rendered":"DEANTE Bateria wannowa CYNIA bez w\u0119\u017ca (BCY_010M)"},"content":{"rendered":"<h2 style=\"text-align: center;\" data-start=\"0\" data-end=\"73\">! TOWAR POWYSTAWOWY !<\/h2>\n<h2 data-start=\"0\" data-end=\"58\">DEANTE CYNIA \u2013 Bateria wannowa \u015bcienna (BCY_010M)<\/h2>\n<p data-start=\"60\" data-end=\"389\"><strong data-start=\"60\" data-end=\"85\">DEANTE CYNIA BCY_010M<\/strong> to stylowa i funkcjonalna bateria wannowa \u015bcienna, \u0142\u0105cz\u0105ca nowoczesny design z trwa\u0142\u0105 konstrukcj\u0105. Chromowane wyko\u0144czenie i wysokiej jako\u015bci materia\u0142y zapewniaj\u0105 elegancki wygl\u0105d oraz odporno\u015b\u0107 na korozj\u0119, a ceramiczna g\u0142owica gwarantuje p\u0142ynn\u0105 i precyzyjn\u0105 regulacj\u0119 temperatury oraz strumienia wody.<\/p>\n<hr data-start=\"391\" data-end=\"394\" \/>\n<h3 data-start=\"396\" data-end=\"415\">\ud83d\udccc Zastosowanie<\/h3>\n<ul data-start=\"417\" data-end=\"585\">\n<li data-start=\"417\" data-end=\"451\">\n<p data-start=\"419\" data-end=\"451\">Wanny w \u0142azienkach domowych<\/p>\n<\/li>\n<li data-start=\"452\" data-end=\"504\">\n<p data-start=\"454\" data-end=\"504\">\u0141azienki nowoczesne, minimalistyczne i klasyczne<\/p>\n<\/li>\n<li data-start=\"505\" data-end=\"546\">\n<p data-start=\"507\" data-end=\"546\">Monta\u017c \u015bcienny w instalacjach wodnych<\/p>\n<\/li>\n<li data-start=\"547\" data-end=\"585\">\n<p data-start=\"549\" data-end=\"585\">Nowe realizacje i remonty \u0142azienek<\/p>\n<\/li>\n<\/ul>\n<hr data-start=\"587\" data-end=\"590\" \/>\n<h3 data-start=\"592\" data-end=\"613\">\u2714 Zalety produktu<\/h3>\n<ul data-start=\"615\" data-end=\"987\">\n<li data-start=\"615\" data-end=\"671\">\n<p data-start=\"617\" data-end=\"671\">Uniwersalny design pasuj\u0105cy do wielu styl\u00f3w \u0142azienek<\/p>\n<\/li>\n<li data-start=\"672\" data-end=\"738\">\n<p data-start=\"674\" data-end=\"738\">Chromowane wyko\u0144czenie \u2014 eleganckie i odporne na zarysowania<\/p>\n<\/li>\n<li data-start=\"739\" data-end=\"805\">\n<p data-start=\"741\" data-end=\"805\">Ceramiczna g\u0142owica \u2014 precyzyjna i trwa\u0142a regulacja temperatury<\/p>\n<\/li>\n<li data-start=\"806\" data-end=\"864\">\n<p data-start=\"808\" data-end=\"864\">Konstrukcja \u015bcienna \u2014 estetyczne i wygodne rozwi\u0105zanie<\/p>\n<\/li>\n<li data-start=\"865\" data-end=\"921\">\n<p data-start=\"867\" data-end=\"921\">Mo\u017cliwo\u015b\u0107 indywidualnego doboru zestawu natryskowego<\/p>\n<\/li>\n<li data-start=\"922\" data-end=\"987\">\n<p data-start=\"924\" data-end=\"987\">Solidna i trwa\u0142a konstrukcja zapewniaj\u0105ca komfort u\u017cytkowania<\/p>\n<\/li>\n<\/ul>\n<hr data-start=\"989\" data-end=\"992\" \/>\n<h3 data-start=\"994\" data-end=\"1021\">\ud83d\udcd0 Parametry techniczne<\/h3>\n<p data-start=\"1023\" data-end=\"1089\"><strong data-start=\"1023\" data-end=\"1037\">Producent:<\/strong> DEANTE<br data-start=\"1044\" data-end=\"1047\" \/><strong data-start=\"1047\" data-end=\"1072\">Model \/ Kod produktu:<\/strong> CYNIA BCY_010M<\/p>\n<ul data-start=\"1091\" data-end=\"1288\">\n<li data-start=\"1091\" data-end=\"1115\">\n<p data-start=\"1093\" data-end=\"1115\">Typ: bateria wannowa<\/p>\n<\/li>\n<li data-start=\"1116\" data-end=\"1143\">\n<p data-start=\"1118\" data-end=\"1143\">Spos\u00f3b monta\u017cu: \u015bcienny<\/p>\n<\/li>\n<li data-start=\"1144\" data-end=\"1166\">\n<p data-start=\"1146\" data-end=\"1166\">Wyko\u0144czenie: chrom<\/p>\n<\/li>\n<li data-start=\"1167\" data-end=\"1221\">\n<p data-start=\"1169\" data-end=\"1221\">G\u0142owica: ceramiczna (p\u0142ynna regulacja temperatury)<\/p>\n<\/li>\n<li data-start=\"1222\" data-end=\"1288\">\n<p data-start=\"1224\" data-end=\"1288\">Zestaw natryskowy: brak (mo\u017cliwo\u015b\u0107 doposa\u017cenia wed\u0142ug potrzeb)<\/p>\n<\/li>\n<\/ul>\n","protected":false},"excerpt":{"rendered":"<p><strong>DEANTE Bateria wannowa CYNIA (BCY_010M) to praktyczne i estetyczne rozwi\u0105zanie do ka\u017cdej \u0142azienki. Dzi\u0119ki chromowanemu wyko\u0144czeniu, trwa\u0142ym materia\u0142om i mo\u017cliwo\u015bci dowolnego doboru zestawu natryskowego, bateria \u0142\u0105czy funkcjonalno\u015b\u0107 z eleganckim designem .<\/strong><\/p>\n","protected":false},"featured_media":8164,"template":"","meta":{"_kad_blocks_custom_css":"","_kad_blocks_head_custom_js":"","_kad_blocks_body_custom_js":"","_kad_blocks_footer_custom_js":"","_kad_post_transparent":"default","_kad_post_title":"","_kad_post_layout":"default","_kad_post_sidebar_id":"","_kad_post_content_style":"default","_kad_post_vertical_padding":"default","_kad_post_feature":"","_kad_post_feature_position":"","_kad_post_header":false,"_kad_post_footer":false,"_kad_post_classname":""},"product_brand":[447],"product_cat":[291],"product_tag":[],"class_list":{"0":"post-8163","1":"product","2":"type-product","3":"status-publish","4":"has-post-thumbnail","6":"product_brand-deante","7":"product_cat-wyprzedaz","8":"product_shipping_class-drobnica","10":"first","11":"instock","12":"taxable","13":"shipping-taxable","14":"purchasable","15":"product-type-simple","16":"entry","17":"content-bg","18":"loop-entry"},"taxonomy_info":{"product_brand":[{"value":447,"label":"Deante"}],"product_cat":[{"value":291,"label":"Wyprzeda\u017c"}]},"featured_image_src_large":["https:\/\/e-systemygrzewcze.eu\/sklep\/wp-content\/uploads\/2025\/12\/Nowy-projekt-2025-12-19T082418.307.jpg",572,510,false],"author_info":[],"comment_info":"","_links":{"self":[{"href":"https:\/\/e-systemygrzewcze.eu\/sklep\/wp-json\/wp\/v2\/product\/8163","targetHints":{"allow":["GET"]}}],"collection":[{"href":"https:\/\/e-systemygrzewcze.eu\/sklep\/wp-json\/wp\/v2\/product"}],"about":[{"href":"https:\/\/e-systemygrzewcze.eu\/sklep\/wp-json\/wp\/v2\/types\/product"}],"wp:featuredmedia":[{"embeddable":true,"href":"https:\/\/e-systemygrzewcze.eu\/sklep\/wp-json\/wp\/v2\/media\/8164"}],"wp:attachment":[{"href":"https:\/\/e-systemygrzewcze.eu\/sklep\/wp-json\/wp\/v2\/media?parent=8163"}],"wp:term":[{"taxonomy":"product_brand","embeddable":true,"href":"https:\/\/e-systemygrzewcze.eu\/sklep\/wp-json\/wp\/v2\/product_brand?post=8163"},{"taxonomy":"product_cat","embeddable":true,"href":"https:\/\/e-systemygrzewcze.eu\/sklep\/wp-json\/wp\/v2\/product_cat?post=8163"},{"taxonomy":"product_tag","embeddable":true,"href":"https:\/\/e-systemygrzewcze.eu\/sklep\/wp-json\/wp\/v2\/product_tag?post=8163"}],"curies":[{"name":"wp","href":"https:\/\/api.w.org\/{rel}","templated":true}]}}