{"id":8145,"date":"2025-12-18T15:50:41","date_gmt":"2025-12-18T15:50:41","guid":{"rendered":"https:\/\/e-systemygrzewcze.eu\/sklep\/produkt\/deante-butterfly-bateria-umywalkowa-stojaca-bqb_021m\/"},"modified":"2026-04-08T07:59:02","modified_gmt":"2026-04-08T07:59:02","slug":"deante-butterfly-bateria-umywalkowa-stojaca-bqb_021m","status":"publish","type":"product","link":"https:\/\/e-systemygrzewcze.eu\/sklep\/produkt\/deante-butterfly-bateria-umywalkowa-stojaca-bqb_021m\/","title":{"rendered":"DEANTE BUTTERFLY Bateria umywalkowa stoj\u0105ca (BQB_021M)"},"content":{"rendered":"<div class=\"text-base my-auto mx-auto pb-10 [--thread-content-margin:--spacing(4)] @w-sm\/main:[--thread-content-margin:--spacing(6)] @w-lg\/main:[--thread-content-margin:--spacing(16)] px-(--thread-content-margin)\">\n<div class=\"[--thread-content-max-width:40rem] @w-lg\/main:[--thread-content-max-width:48rem] mx-auto max-w-(--thread-content-max-width) flex-1 group\/turn-messages focus-visible:outline-hidden relative flex w-full min-w-0 flex-col agent-turn\" tabindex=\"-1\">\n<div class=\"flex max-w-full flex-col grow\">\n<div class=\"min-h-8 text-message relative flex w-full flex-col items-end gap-2 text-start break-words whitespace-normal [.text-message+&amp;]:mt-1\" dir=\"auto\" data-message-author-role=\"assistant\" data-message-id=\"9aa0661e-1fe7-4d87-8e2c-8c0a294648dd\" data-message-model-slug=\"gpt-5-2\">\n<div class=\"flex w-full flex-col gap-1 empty:hidden first:pt-[1px]\">\n<div class=\"markdown prose dark:prose-invert w-full break-words dark markdown-new-styling\">\n<h2 style=\"text-align: center;\" data-start=\"0\" data-end=\"73\">! TOWAR POWYSTAWOWY !<\/h2>\n<h3 data-start=\"0\" data-end=\"61\">\ud83d\udeb0 DEANTE BUTTERFLY bateria umywalkowa stoj\u0105ca (BQB_021M)<\/h3>\n<p data-start=\"63\" data-end=\"382\">Bateria umywalkowa <strong data-start=\"82\" data-end=\"113\">DEANTE Butterfly (BQB_021M)<\/strong> to po\u0142\u0105czenie nowoczesnego designu z funkcjonalno\u015bci\u0105, kt\u00f3re wyr\u00f3\u017cnia si\u0119 <strong data-start=\"188\" data-end=\"221\">oryginalnym kszta\u0142tem d\u017awigni<\/strong> nadaj\u0105cym \u0142azience unikalny charakter. Chromowane wyko\u0144czenie sprawia, \u017ce bateria doskonale komponuje si\u0119 zar\u00f3wno z klasycznymi, jak i nowoczesnymi aran\u017cacjami.<\/p>\n<p data-start=\"384\" data-end=\"704\">Model wyposa\u017cono w <strong data-start=\"403\" data-end=\"431\">ceramiczn\u0105 g\u0142owic\u0119 35 mm<\/strong>, zapewniaj\u0105c\u0105 p\u0142ynn\u0105 regulacj\u0119 temperatury i strumienia wody oraz trwa\u0142o\u015b\u0107 na lata. <strong data-start=\"516\" data-end=\"551\">Aerator u\u0142atwiaj\u0105cy czyszczenie<\/strong> poprawia komfort u\u017cytkowania i ogranicza osadzanie si\u0119 kamienia, a <strong data-start=\"619\" data-end=\"652\">korek automatyczny w zestawie<\/strong> zwi\u0119ksza wygod\u0119 codziennego korzystania z umywalki.<\/p>\n<h4 data-start=\"706\" data-end=\"742\">\u2705 Najwa\u017cniejsze cechy produktu:<\/h4>\n<ul data-start=\"743\" data-end=\"1024\">\n<li data-start=\"743\" data-end=\"783\">\n<p data-start=\"745\" data-end=\"783\">typ: <strong data-start=\"750\" data-end=\"780\">bateria umywalkowa stoj\u0105ca<\/strong>,<\/p>\n<\/li>\n<li data-start=\"784\" data-end=\"809\">\n<p data-start=\"786\" data-end=\"809\">seria: <strong data-start=\"793\" data-end=\"806\">Butterfly<\/strong>,<\/p>\n<\/li>\n<li data-start=\"810\" data-end=\"837\">\n<p data-start=\"812\" data-end=\"837\">wyko\u0144czenie: <strong data-start=\"825\" data-end=\"834\">chrom<\/strong>,<\/p>\n<\/li>\n<li data-start=\"838\" data-end=\"871\">\n<p data-start=\"840\" data-end=\"871\"><strong data-start=\"840\" data-end=\"868\">ceramiczna g\u0142owica 35 mm<\/strong>,<\/p>\n<\/li>\n<li data-start=\"872\" data-end=\"907\">\n<p data-start=\"874\" data-end=\"907\"><strong data-start=\"874\" data-end=\"904\">oryginalny kszta\u0142t d\u017awigni<\/strong>,<\/p>\n<\/li>\n<li data-start=\"908\" data-end=\"944\">\n<p data-start=\"910\" data-end=\"944\"><strong data-start=\"910\" data-end=\"941\">aerator \u0142atwy w czyszczeniu<\/strong>,<\/p>\n<\/li>\n<li data-start=\"945\" data-end=\"984\">\n<p data-start=\"947\" data-end=\"984\"><strong data-start=\"947\" data-end=\"981\">korek automatyczny w komplecie<\/strong>,<\/p>\n<\/li>\n<li data-start=\"985\" data-end=\"1024\">\n<p data-start=\"987\" data-end=\"1024\">producent: <strong data-start=\"998\" data-end=\"1008\">Deante<\/strong> (polska marka).<\/p>\n<\/li>\n<\/ul>\n<\/div>\n<\/div>\n<\/div>\n<\/div>\n<\/div>\n<\/div>\n","protected":false},"excerpt":{"rendered":"<p><strong>Bateria umywalkowa stoj\u0105ca DEANTE Butterfly (BQB_021M) wyr\u00f3\u017cnia si\u0119 oryginalnym kszta\u0142tem d\u017awigni i eleganckim chromowanym wyko\u0144czeniem. Ceramiczna g\u0142owica 35 mm, aerator u\u0142atwiaj\u0105cy czyszczenie oraz korek automatyczny zapewniaj\u0105 wygod\u0119 i niezawodno\u015b\u0107 na co dzie\u0144.<\/strong><\/p>\n","protected":false},"featured_media":8147,"template":"","meta":{"_kad_blocks_custom_css":"","_kad_blocks_head_custom_js":"","_kad_blocks_body_custom_js":"","_kad_blocks_footer_custom_js":"","_kad_post_transparent":"default","_kad_post_title":"","_kad_post_layout":"default","_kad_post_sidebar_id":"","_kad_post_content_style":"default","_kad_post_vertical_padding":"default","_kad_post_feature":"","_kad_post_feature_position":"","_kad_post_header":false,"_kad_post_footer":false,"_kad_post_classname":""},"product_brand":[447],"product_cat":[291],"product_tag":[],"class_list":{"0":"post-8145","1":"product","2":"type-product","3":"status-publish","4":"has-post-thumbnail","6":"product_brand-deante","7":"product_cat-wyprzedaz","8":"product_shipping_class-drobnica","10":"first","11":"instock","12":"taxable","13":"shipping-taxable","14":"purchasable","15":"product-type-simple","16":"entry","17":"content-bg","18":"loop-entry"},"taxonomy_info":{"product_brand":[{"value":447,"label":"Deante"}],"product_cat":[{"value":291,"label":"Wyprzeda\u017c"}]},"featured_image_src_large":["https:\/\/e-systemygrzewcze.eu\/sklep\/wp-content\/uploads\/2025\/12\/Nowy-projekt-2025-12-18T165306.054.jpg",510,587,false],"author_info":[],"comment_info":"","_links":{"self":[{"href":"https:\/\/e-systemygrzewcze.eu\/sklep\/wp-json\/wp\/v2\/product\/8145","targetHints":{"allow":["GET"]}}],"collection":[{"href":"https:\/\/e-systemygrzewcze.eu\/sklep\/wp-json\/wp\/v2\/product"}],"about":[{"href":"https:\/\/e-systemygrzewcze.eu\/sklep\/wp-json\/wp\/v2\/types\/product"}],"wp:featuredmedia":[{"embeddable":true,"href":"https:\/\/e-systemygrzewcze.eu\/sklep\/wp-json\/wp\/v2\/media\/8147"}],"wp:attachment":[{"href":"https:\/\/e-systemygrzewcze.eu\/sklep\/wp-json\/wp\/v2\/media?parent=8145"}],"wp:term":[{"taxonomy":"product_brand","embeddable":true,"href":"https:\/\/e-systemygrzewcze.eu\/sklep\/wp-json\/wp\/v2\/product_brand?post=8145"},{"taxonomy":"product_cat","embeddable":true,"href":"https:\/\/e-systemygrzewcze.eu\/sklep\/wp-json\/wp\/v2\/product_cat?post=8145"},{"taxonomy":"product_tag","embeddable":true,"href":"https:\/\/e-systemygrzewcze.eu\/sklep\/wp-json\/wp\/v2\/product_tag?post=8145"}],"curies":[{"name":"wp","href":"https:\/\/api.w.org\/{rel}","templated":true}]}}