{"id":8135,"date":"2025-12-18T15:25:31","date_gmt":"2025-12-18T15:25:31","guid":{"rendered":"https:\/\/e-systemygrzewcze.eu\/sklep\/produkt\/deante-floks-bateria-umywalkowa-stojaca-bcf_020k\/"},"modified":"2026-04-08T07:59:22","modified_gmt":"2026-04-08T07:59:22","slug":"deante-floks-bateria-umywalkowa-stojaca-bcf_020k","status":"publish","type":"product","link":"https:\/\/e-systemygrzewcze.eu\/sklep\/produkt\/deante-floks-bateria-umywalkowa-stojaca-bcf_020k\/","title":{"rendered":"DEANTE FLOKS Bateria umywalkowa stoj\u0105ca (BCF_020K)"},"content":{"rendered":"<div class=\"text-base my-auto mx-auto pb-10 [--thread-content-margin:--spacing(4)] @w-sm\/main:[--thread-content-margin:--spacing(6)] @w-lg\/main:[--thread-content-margin:--spacing(16)] px-(--thread-content-margin)\">\n<div class=\"[--thread-content-max-width:40rem] @w-lg\/main:[--thread-content-max-width:48rem] mx-auto max-w-(--thread-content-max-width) flex-1 group\/turn-messages focus-visible:outline-hidden relative flex w-full min-w-0 flex-col agent-turn\" tabindex=\"-1\">\n<div class=\"flex max-w-full flex-col grow\">\n<div class=\"min-h-8 text-message relative flex w-full flex-col items-end gap-2 text-start break-words whitespace-normal [.text-message+&amp;]:mt-1\" dir=\"auto\" data-message-author-role=\"assistant\" data-message-id=\"69529b3a-3f59-4e25-89af-98512e95876a\" data-message-model-slug=\"gpt-5-2\">\n<div class=\"flex w-full flex-col gap-1 empty:hidden first:pt-[1px]\">\n<div class=\"markdown prose dark:prose-invert w-full break-words dark markdown-new-styling\">\n<h2 style=\"text-align: center;\" data-start=\"0\" data-end=\"73\">! TOWAR POWYSTAWOWY !<\/h2>\n<h3 data-start=\"0\" data-end=\"81\">\ud83d\udeb0 DEANTE FLOKS bateria umywalkowa stoj\u0105ca z podwy\u017cszonym korpusem (BCF_020K)<\/h3>\n<p data-start=\"83\" data-end=\"408\">Bateria umywalkowa <strong data-start=\"102\" data-end=\"129\">DEANTE Floks (BCF_020K)<\/strong> to nowoczesna, stoj\u0105ca armatura zaprojektowana z my\u015bl\u0105 o umywalkach nablatowych. Dzi\u0119ki <strong data-start=\"218\" data-end=\"265\">podwy\u017cszonemu korpusowi o wysoko\u015bci 28,6 cm<\/strong> doskonale komponuje si\u0119 z misami montowanymi na blacie, zapewniaj\u0105c wygod\u0119 codziennego u\u017cytkowania oraz estetyczny, elegancki wygl\u0105d \u0142azienki.<\/p>\n<p data-start=\"410\" data-end=\"760\">Model zosta\u0142 wyposa\u017cony w <strong data-start=\"436\" data-end=\"455\">aerator Neoperl<\/strong>, kt\u00f3ry napowietrza strumie\u0144 wody, ograniczaj\u0105c jej zu\u017cycie bez utraty komfortu. To rozwi\u0105zanie ekologiczne i ekonomiczne, korzystne zar\u00f3wno dla \u015brodowiska, jak i domowego bud\u017cetu. <strong data-start=\"636\" data-end=\"664\">Ceramiczna g\u0142owica 25 mm<\/strong> gwarantuje p\u0142ynn\u0105 regulacj\u0119 temperatury i ci\u015bnienia wody oraz d\u0142ug\u0105, bezawaryjn\u0105 prac\u0119 baterii.<\/p>\n<p data-start=\"762\" data-end=\"1035\">Chromowane wyko\u0144czenie nadaje baterii uniwersalny charakter, pasuj\u0105cy do nowoczesnych i klasycznych aran\u017cacji \u0142azienkowych. Cicha praca (grupa akustyczna I) oraz oszcz\u0119dna klasa przep\u0142ywu sprawiaj\u0105, \u017ce bateria Floks to praktyczny i trwa\u0142y wyb\u00f3r do ka\u017cdej stylowej \u0142azienki.<\/p>\n<h4 data-start=\"1037\" data-end=\"1073\">\u2705 Najwa\u017cniejsze cechy produktu:<\/h4>\n<ul data-start=\"1074\" data-end=\"1497\">\n<li data-start=\"1074\" data-end=\"1115\">\n<p data-start=\"1076\" data-end=\"1115\">typ baterii: <strong data-start=\"1089\" data-end=\"1112\">umywalkowa, stoj\u0105ca<\/strong>,<\/p>\n<\/li>\n<li data-start=\"1116\" data-end=\"1195\">\n<p data-start=\"1118\" data-end=\"1195\"><strong data-start=\"1118\" data-end=\"1159\">podwy\u017cszony korpus \u2013 wysoko\u015b\u0107 28,6 cm<\/strong>, idealny do umywalek nablatowych,<\/p>\n<\/li>\n<li data-start=\"1196\" data-end=\"1269\">\n<p data-start=\"1198\" data-end=\"1269\"><strong data-start=\"1198\" data-end=\"1217\">aerator Neoperl<\/strong> \u2013 napowietrzony strumie\u0144 i mniejsze zu\u017cycie wody,<\/p>\n<\/li>\n<li data-start=\"1270\" data-end=\"1325\">\n<p data-start=\"1272\" data-end=\"1325\"><strong data-start=\"1272\" data-end=\"1300\">ceramiczna g\u0142owica 25 mm<\/strong> \u2013 precyzja i trwa\u0142o\u015b\u0107,<\/p>\n<\/li>\n<li data-start=\"1326\" data-end=\"1366\">\n<p data-start=\"1328\" data-end=\"1366\">klasa przep\u0142ywu: <strong data-start=\"1345\" data-end=\"1363\">A (9\u201315 l\/min)<\/strong>,<\/p>\n<\/li>\n<li data-start=\"1367\" data-end=\"1395\">\n<p data-start=\"1369\" data-end=\"1395\">grupa akustyczna: <strong data-start=\"1387\" data-end=\"1392\">I<\/strong>,<\/p>\n<\/li>\n<li data-start=\"1396\" data-end=\"1444\">\n<p data-start=\"1398\" data-end=\"1444\">d\u0142ugo\u015b\u0107 w\u0119\u017cyk\u00f3w przy\u0142\u0105czeniowych: <strong data-start=\"1432\" data-end=\"1441\">45 cm<\/strong>,<\/p>\n<\/li>\n<li data-start=\"1445\" data-end=\"1466\">\n<p data-start=\"1447\" data-end=\"1466\">kolor: <strong data-start=\"1454\" data-end=\"1463\">chrom<\/strong>,<\/p>\n<\/li>\n<li data-start=\"1467\" data-end=\"1497\">\n<p data-start=\"1469\" data-end=\"1497\">polski producent <strong data-start=\"1486\" data-end=\"1496\">Deante<\/strong>.<\/p>\n<\/li>\n<\/ul>\n<\/div>\n<\/div>\n<\/div>\n<\/div>\n<\/div>\n<\/div>\n","protected":false},"excerpt":{"rendered":"<p><strong>Bateria umywalkowa stoj\u0105ca DEANTE Floks (BCF_020K) z podwy\u017cszonym korpusem 28,6 cm to idealne rozwi\u0105zanie do umywalek nablatowych. Aerator Neoperl oraz ceramiczna g\u0142owica zapewniaj\u0105 oszcz\u0119dno\u015b\u0107 wody, komfort u\u017cytkowania i niezawodno\u015b\u0107 na lata.<\/strong><\/p>\n","protected":false},"featured_media":8136,"template":"","meta":{"_kad_blocks_custom_css":"","_kad_blocks_head_custom_js":"","_kad_blocks_body_custom_js":"","_kad_blocks_footer_custom_js":"","_kad_post_transparent":"default","_kad_post_title":"","_kad_post_layout":"default","_kad_post_sidebar_id":"","_kad_post_content_style":"default","_kad_post_vertical_padding":"default","_kad_post_feature":"","_kad_post_feature_position":"","_kad_post_header":false,"_kad_post_footer":false,"_kad_post_classname":""},"product_brand":[447],"product_cat":[291],"product_tag":[],"class_list":{"0":"post-8135","1":"product","2":"type-product","3":"status-publish","4":"has-post-thumbnail","6":"product_brand-deante","7":"product_cat-wyprzedaz","8":"product_shipping_class-drobnica","10":"first","11":"instock","12":"taxable","13":"shipping-taxable","14":"purchasable","15":"product-type-simple","16":"entry","17":"content-bg","18":"loop-entry"},"taxonomy_info":{"product_brand":[{"value":447,"label":"Deante"}],"product_cat":[{"value":291,"label":"Wyprzeda\u017c"}]},"featured_image_src_large":["https:\/\/e-systemygrzewcze.eu\/sklep\/wp-content\/uploads\/2025\/12\/Nowy-projekt-2025-12-18T162155.256.jpg",510,587,false],"author_info":[],"comment_info":"","_links":{"self":[{"href":"https:\/\/e-systemygrzewcze.eu\/sklep\/wp-json\/wp\/v2\/product\/8135","targetHints":{"allow":["GET"]}}],"collection":[{"href":"https:\/\/e-systemygrzewcze.eu\/sklep\/wp-json\/wp\/v2\/product"}],"about":[{"href":"https:\/\/e-systemygrzewcze.eu\/sklep\/wp-json\/wp\/v2\/types\/product"}],"wp:featuredmedia":[{"embeddable":true,"href":"https:\/\/e-systemygrzewcze.eu\/sklep\/wp-json\/wp\/v2\/media\/8136"}],"wp:attachment":[{"href":"https:\/\/e-systemygrzewcze.eu\/sklep\/wp-json\/wp\/v2\/media?parent=8135"}],"wp:term":[{"taxonomy":"product_brand","embeddable":true,"href":"https:\/\/e-systemygrzewcze.eu\/sklep\/wp-json\/wp\/v2\/product_brand?post=8135"},{"taxonomy":"product_cat","embeddable":true,"href":"https:\/\/e-systemygrzewcze.eu\/sklep\/wp-json\/wp\/v2\/product_cat?post=8135"},{"taxonomy":"product_tag","embeddable":true,"href":"https:\/\/e-systemygrzewcze.eu\/sklep\/wp-json\/wp\/v2\/product_tag?post=8135"}],"curies":[{"name":"wp","href":"https:\/\/api.w.org\/{rel}","templated":true}]}}