{"id":8122,"date":"2025-12-18T14:37:46","date_gmt":"2025-12-18T14:37:46","guid":{"rendered":"https:\/\/e-systemygrzewcze.eu\/sklep\/produkt\/deante-peonia-bateria-natryskowa-bez-kompletu-natryskowego-bde_040m\/"},"modified":"2026-04-08T08:04:16","modified_gmt":"2026-04-08T08:04:16","slug":"deante-peonia-bateria-natryskowa-bez-kompletu-natryskowego-bde_040m","status":"publish","type":"product","link":"https:\/\/e-systemygrzewcze.eu\/sklep\/produkt\/deante-peonia-bateria-natryskowa-bez-kompletu-natryskowego-bde_040m\/","title":{"rendered":"DEANTE PEONIA Bateria natryskowa bez kompletu  natryskowego (BDE_040M)"},"content":{"rendered":"<div class=\"text-base my-auto mx-auto pb-10 [--thread-content-margin:--spacing(4)] @w-sm\/main:[--thread-content-margin:--spacing(6)] @w-lg\/main:[--thread-content-margin:--spacing(16)] px-(--thread-content-margin)\">\n<div class=\"[--thread-content-max-width:40rem] @w-lg\/main:[--thread-content-max-width:48rem] mx-auto max-w-(--thread-content-max-width) flex-1 group\/turn-messages focus-visible:outline-hidden relative flex w-full min-w-0 flex-col agent-turn\" tabindex=\"-1\">\n<div class=\"flex max-w-full flex-col grow\">\n<div class=\"min-h-8 text-message relative flex w-full flex-col items-end gap-2 text-start break-words whitespace-normal [.text-message+&amp;]:mt-1\" dir=\"auto\" data-message-author-role=\"assistant\" data-message-id=\"d9825bf6-78fd-4191-8d94-a2c8bb9dfbc8\" data-message-model-slug=\"gpt-5-mini\">\n<div class=\"flex w-full flex-col gap-1 empty:hidden first:pt-[1px]\">\n<div class=\"markdown prose dark:prose-invert w-full break-words dark markdown-new-styling\">\n<h2 style=\"text-align: center;\" data-start=\"0\" data-end=\"73\">! TOWAR POWYSTAWOWY !<\/h2>\n<h3 data-start=\"0\" data-end=\"52\">\ud83d\udebf Bateria natryskowa DEANTE PEONIA (BDE_040M)<\/h3>\n<p data-start=\"54\" data-end=\"383\">Bateria natryskowa <strong data-start=\"73\" data-end=\"90\">Deante Peonia<\/strong> to elegancka i funkcjonalna armatura stoj\u0105ca, idealna do kabin prysznicowych. Jednouchwytowy mieszacz z automatycznym korkiem zapewnia precyzyjn\u0105 regulacj\u0119 strumienia i temperatury wody, a kompaktowe wymiary (wysoko\u015b\u0107 129 mm, zasi\u0119g wylewki 106 mm) u\u0142atwiaj\u0105 monta\u017c i codzienne u\u017cytkowanie.<\/p>\n<h2 data-start=\"385\" data-end=\"431\">\u2705<strong> Najwa\u017cniejsze zalety\u00a0<\/strong><\/h2>\n<ul data-start=\"432\" data-end=\"772\">\n<li data-start=\"432\" data-end=\"489\">\n<p data-start=\"434\" data-end=\"489\"><strong data-start=\"434\" data-end=\"461\">jednouchwytowy mieszacz<\/strong> \u2013 wygodna regulacja wody,<\/p>\n<\/li>\n<li data-start=\"490\" data-end=\"569\">\n<p data-start=\"492\" data-end=\"569\"><strong data-start=\"492\" data-end=\"514\">korek automatyczny<\/strong> \u2013 \u0142atwo\u015b\u0107 obs\u0142ugi i komfort codziennego u\u017cytkowania,<\/p>\n<\/li>\n<li data-start=\"570\" data-end=\"641\">\n<p data-start=\"572\" data-end=\"641\"><strong data-start=\"572\" data-end=\"595\">niski przep\u0142yw wody<\/strong> \u2013 klasa A (&lt;15 l\/min) zapewnia oszcz\u0119dno\u015b\u0107,<\/p>\n<\/li>\n<li data-start=\"642\" data-end=\"688\">\n<p data-start=\"644\" data-end=\"688\"><strong data-start=\"644\" data-end=\"659\">cicha praca<\/strong> \u2013 grupa akustyczna &lt;20 dB,<\/p>\n<\/li>\n<li data-start=\"689\" data-end=\"772\">\n<p data-start=\"691\" data-end=\"772\"><strong data-start=\"691\" data-end=\"713\">kompaktowe wymiary<\/strong> \u2013 \u0142atwy monta\u017c i funkcjonalno\u015b\u0107 w ma\u0142ych przestrzeniach.<\/p>\n<\/li>\n<\/ul>\n<h2 data-start=\"774\" data-end=\"794\"><strong>\ud83d\udd27 Dane techniczne<\/strong><\/h2>\n<ul data-start=\"795\" data-end=\"1081\">\n<li data-start=\"795\" data-end=\"836\">\n<p data-start=\"797\" data-end=\"836\">typ baterii: <strong data-start=\"810\" data-end=\"833\">natryskowa, stoj\u0105ca<\/strong>,<\/p>\n<\/li>\n<li data-start=\"837\" data-end=\"875\">\n<p data-start=\"839\" data-end=\"875\">typ mieszacza: <strong data-start=\"854\" data-end=\"872\">jednouchwytowa<\/strong>,<\/p>\n<\/li>\n<li data-start=\"876\" data-end=\"909\">\n<p data-start=\"878\" data-end=\"909\">wysoko\u015b\u0107 korpusu: <strong data-start=\"896\" data-end=\"906\">129 mm<\/strong>,<\/p>\n<\/li>\n<li data-start=\"910\" data-end=\"941\">\n<p data-start=\"912\" data-end=\"941\">zasi\u0119g wylewki: <strong data-start=\"928\" data-end=\"938\">106 mm<\/strong>,<\/p>\n<\/li>\n<li data-start=\"942\" data-end=\"981\">\n<p data-start=\"944\" data-end=\"981\">klasa przep\u0142ywu: <strong data-start=\"961\" data-end=\"978\">A (&lt;15 l\/min)<\/strong>,<\/p>\n<\/li>\n<li data-start=\"982\" data-end=\"1015\">\n<p data-start=\"984\" data-end=\"1015\">grupa akustyczna: <strong data-start=\"1002\" data-end=\"1012\">&lt;20 dB<\/strong>,<\/p>\n<\/li>\n<li data-start=\"1016\" data-end=\"1048\">\n<p data-start=\"1018\" data-end=\"1048\">korek automatyczny: <strong data-start=\"1038\" data-end=\"1045\">tak<\/strong>,<\/p>\n<\/li>\n<li data-start=\"1049\" data-end=\"1081\">\n<p data-start=\"1051\" data-end=\"1081\">zestaw natryskowy: <strong data-start=\"1070\" data-end=\"1078\">brak<\/strong>.<\/p>\n<\/li>\n<\/ul>\n<p data-start=\"1083\" data-end=\"1308\">\ud83c\uddf5\ud83c\uddf1 Polska marka Deante<br data-start=\"1107\" data-end=\"1110\" \/><strong data-start=\"1110\" data-end=\"1120\">Deante<\/strong> to polski producent armatury \u0142azienkowej, \u0142\u0105cz\u0105cy nowoczesny design z funkcjonalno\u015bci\u0105 i trwa\u0142o\u015bci\u0105. Bateria Peonia zapewnia wygod\u0119 codziennego u\u017cytkowania i estetyczny wygl\u0105d \u0142azienki.<\/p>\n<\/div>\n<\/div>\n<\/div>\n<\/div>\n<\/div>\n<\/div>\n","protected":false},"excerpt":{"rendered":"<p><strong>Stoj\u0105ca bateria natryskowa DEANTE Peonia (BDE_040M) \u0142\u0105czy elegancki design z funkcjonalno\u015bci\u0105 codziennego u\u017cytkowania. Jednouchwytowy mieszacz i automatyczny korek zapewniaj\u0105 precyzyjn\u0105 regulacj\u0119 wody, komfort i oszcz\u0119dno\u015b\u0107.<\/strong><\/p>\n","protected":false},"featured_media":8123,"template":"","meta":{"_kad_blocks_custom_css":"","_kad_blocks_head_custom_js":"","_kad_blocks_body_custom_js":"","_kad_blocks_footer_custom_js":"","_kad_post_transparent":"default","_kad_post_title":"","_kad_post_layout":"default","_kad_post_sidebar_id":"","_kad_post_content_style":"default","_kad_post_vertical_padding":"default","_kad_post_feature":"","_kad_post_feature_position":"","_kad_post_header":false,"_kad_post_footer":false,"_kad_post_classname":""},"product_brand":[447],"product_cat":[291],"product_tag":[],"class_list":{"0":"post-8122","1":"product","2":"type-product","3":"status-publish","4":"has-post-thumbnail","6":"product_brand-deante","7":"product_cat-wyprzedaz","8":"product_shipping_class-drobnica","10":"first","11":"instock","12":"taxable","13":"shipping-taxable","14":"purchasable","15":"product-type-simple","16":"entry","17":"content-bg","18":"loop-entry"},"taxonomy_info":{"product_brand":[{"value":447,"label":"Deante"}],"product_cat":[{"value":291,"label":"Wyprzeda\u017c"}]},"featured_image_src_large":["https:\/\/e-systemygrzewcze.eu\/sklep\/wp-content\/uploads\/2025\/12\/Nowy-projekt-2025-12-18T153616.877.jpg",510,587,false],"author_info":[],"comment_info":"","_links":{"self":[{"href":"https:\/\/e-systemygrzewcze.eu\/sklep\/wp-json\/wp\/v2\/product\/8122","targetHints":{"allow":["GET"]}}],"collection":[{"href":"https:\/\/e-systemygrzewcze.eu\/sklep\/wp-json\/wp\/v2\/product"}],"about":[{"href":"https:\/\/e-systemygrzewcze.eu\/sklep\/wp-json\/wp\/v2\/types\/product"}],"wp:featuredmedia":[{"embeddable":true,"href":"https:\/\/e-systemygrzewcze.eu\/sklep\/wp-json\/wp\/v2\/media\/8123"}],"wp:attachment":[{"href":"https:\/\/e-systemygrzewcze.eu\/sklep\/wp-json\/wp\/v2\/media?parent=8122"}],"wp:term":[{"taxonomy":"product_brand","embeddable":true,"href":"https:\/\/e-systemygrzewcze.eu\/sklep\/wp-json\/wp\/v2\/product_brand?post=8122"},{"taxonomy":"product_cat","embeddable":true,"href":"https:\/\/e-systemygrzewcze.eu\/sklep\/wp-json\/wp\/v2\/product_cat?post=8122"},{"taxonomy":"product_tag","embeddable":true,"href":"https:\/\/e-systemygrzewcze.eu\/sklep\/wp-json\/wp\/v2\/product_tag?post=8122"}],"curies":[{"name":"wp","href":"https:\/\/api.w.org\/{rel}","templated":true}]}}