{"id":8119,"date":"2025-12-18T14:30:26","date_gmt":"2025-12-18T14:30:26","guid":{"rendered":"https:\/\/e-systemygrzewcze.eu\/sklep\/produkt\/deante-butterfly-bateria-natryskowa-kompletna-bqb_041m\/"},"modified":"2026-04-08T08:04:03","modified_gmt":"2026-04-08T08:04:03","slug":"deante-butterfly-bateria-natryskowa-kompletna-bqb_041m","status":"publish","type":"product","link":"https:\/\/e-systemygrzewcze.eu\/sklep\/produkt\/deante-butterfly-bateria-natryskowa-kompletna-bqb_041m\/","title":{"rendered":"DEANTE BUTTERFLY Bateria natryskowa kompletna (BQB_041M)"},"content":{"rendered":"<h2 style=\"text-align: center;\" data-start=\"0\" data-end=\"73\">! TOWAR POWYSTAWOWY !<\/h2>\n<h3 data-start=\"0\" data-end=\"65\">\ud83d\udebf Bateria natryskowa kompletna DEANTE BUTTERFLY (BQB_041M)<\/h3>\n<p data-start=\"67\" data-end=\"394\">Bateria natryskowa <strong data-start=\"86\" data-end=\"106\">Deante Butterfly<\/strong> to kompletny zestaw \u015bcienny, \u0142\u0105cz\u0105cy eleganckie chromowane wyko\u0144czenie z funkcjonalno\u015bci\u0105 codziennego u\u017cytkowania. Wyposa\u017cona w ceramiczn\u0105 g\u0142owic\u0119 35 mm, zestaw natryskowy z systemem Easy-Clean oraz w\u0105\u017c rozci\u0105gliwy do 40% zapewnia komfort, \u0142atwo\u015b\u0107 czyszczenia i wygod\u0119 podczas k\u0105pieli.<\/p>\n<h2 data-start=\"396\" data-end=\"445\">\u2705<strong> Najwa\u017cniejsze zalety\u00a0<\/strong><\/h2>\n<ul data-start=\"446\" data-end=\"915\">\n<li data-start=\"446\" data-end=\"528\">\n<p data-start=\"448\" data-end=\"528\"><strong data-start=\"448\" data-end=\"479\">kompletny zestaw natryskowy<\/strong> \u2013 gotowy do monta\u017cu i codziennego u\u017cytkowania,<\/p>\n<\/li>\n<li data-start=\"529\" data-end=\"598\">\n<p data-start=\"531\" data-end=\"598\"><strong data-start=\"531\" data-end=\"559\">ceramiczna g\u0142owica 35 mm<\/strong> \u2013 trwa\u0142o\u015b\u0107 i niezawodno\u015b\u0107 dzia\u0142ania,<\/p>\n<\/li>\n<li data-start=\"599\" data-end=\"679\">\n<p data-start=\"601\" data-end=\"679\"><strong data-start=\"601\" data-end=\"633\">perlator i system Easy-Clean<\/strong> \u2013 u\u0142atwione czyszczenie i oszcz\u0119dno\u015b\u0107 wody,<\/p>\n<\/li>\n<li data-start=\"680\" data-end=\"746\">\n<p data-start=\"682\" data-end=\"746\"><strong data-start=\"682\" data-end=\"708\">w\u0105\u017c rozci\u0105gliwy do 40%<\/strong> \u2013 wi\u0119kszy komfort podczas natrysku,<\/p>\n<\/li>\n<li data-start=\"747\" data-end=\"822\">\n<p data-start=\"749\" data-end=\"822\"><strong data-start=\"749\" data-end=\"779\">oryginalny kszta\u0142t d\u017awigni<\/strong> \u2013 nowoczesny design i ergonomia obs\u0142ugi,<\/p>\n<\/li>\n<li data-start=\"823\" data-end=\"915\">\n<p data-start=\"825\" data-end=\"915\"><strong data-start=\"825\" data-end=\"857\">wygodny prze\u0142\u0105cznik natrysku<\/strong> \u2013 intuicyjna zmiana funkcji mi\u0119dzy wylewk\u0105 a s\u0142uchawk\u0105.<\/p>\n<\/li>\n<\/ul>\n<h2 data-start=\"917\" data-end=\"937\">\ud83d\udd27<strong> Dane techniczne<\/strong><\/h2>\n<ul data-start=\"938\" data-end=\"1216\">\n<li data-start=\"938\" data-end=\"988\">\n<p data-start=\"940\" data-end=\"988\">typ baterii: <strong data-start=\"953\" data-end=\"985\">natryskowa, \u015bcienna, komplet<\/strong>,<\/p>\n<\/li>\n<li data-start=\"989\" data-end=\"1023\">\n<p data-start=\"991\" data-end=\"1023\">g\u0142owica: <strong data-start=\"1000\" data-end=\"1020\">ceramiczna 35 mm<\/strong>,<\/p>\n<\/li>\n<li data-start=\"1024\" data-end=\"1062\">\n<p data-start=\"1026\" data-end=\"1062\">wyko\u0144czenie: <strong data-start=\"1039\" data-end=\"1059\">chrom b\u0142yszcz\u0105cy<\/strong>,<\/p>\n<\/li>\n<li data-start=\"1063\" data-end=\"1094\">\n<p data-start=\"1065\" data-end=\"1094\">zestaw natryskowy: <strong data-start=\"1084\" data-end=\"1091\">tak<\/strong>,<\/p>\n<\/li>\n<li data-start=\"1095\" data-end=\"1127\">\n<p data-start=\"1097\" data-end=\"1127\">w\u0105\u017c: <strong data-start=\"1102\" data-end=\"1124\">rozci\u0105gliwy do 40%<\/strong>,<\/p>\n<\/li>\n<li data-start=\"1128\" data-end=\"1166\">\n<p data-start=\"1130\" data-end=\"1166\">prze\u0142\u0105cznik natrysku: <strong data-start=\"1152\" data-end=\"1163\">wygodny<\/strong>,<\/p>\n<\/li>\n<li data-start=\"1167\" data-end=\"1216\">\n<p data-start=\"1169\" data-end=\"1216\">system czyszczenia s\u0142uchawki: <strong data-start=\"1199\" data-end=\"1213\">Easy-Clean<\/strong>.<\/p>\n<\/li>\n<\/ul>\n<p data-start=\"1218\" data-end=\"1462\">\ud83c\uddf5\ud83c\uddf1 Polska marka Deante<br data-start=\"1242\" data-end=\"1245\" \/><strong data-start=\"1245\" data-end=\"1255\">Deante<\/strong> to polski producent armatury \u0142azienkowej, kt\u00f3ry \u0142\u0105czy nowoczesny design z funkcjonalno\u015bci\u0105 i trwa\u0142o\u015bci\u0105. Bateria Butterfly zapewnia wygod\u0119, komfort codziennego u\u017cytkowania oraz estetyczny wygl\u0105d \u0142azienki.<\/p>\n","protected":false},"excerpt":{"rendered":"<p><strong>Kompletna bateria natryskowa DEANTE Butterfly (BQB_041M) \u0142\u0105czy eleganckie chromowane wyko\u0144czenie z funkcjonalnym zestawem natryskowym. Ceramiczna g\u0142owica, w\u0105\u017c rozci\u0105gliwy i system Easy-Clean zapewniaj\u0105 wygod\u0119, trwa\u0142o\u015b\u0107 i \u0142atwo\u015b\u0107 utrzymania w czysto\u015bci.<\/strong><\/p>\n","protected":false},"featured_media":8120,"template":"","meta":{"_kad_blocks_custom_css":"","_kad_blocks_head_custom_js":"","_kad_blocks_body_custom_js":"","_kad_blocks_footer_custom_js":"","_kad_post_transparent":"default","_kad_post_title":"","_kad_post_layout":"default","_kad_post_sidebar_id":"","_kad_post_content_style":"default","_kad_post_vertical_padding":"default","_kad_post_feature":"","_kad_post_feature_position":"","_kad_post_header":false,"_kad_post_footer":false,"_kad_post_classname":""},"product_brand":[447],"product_cat":[291],"product_tag":[],"class_list":{"0":"post-8119","1":"product","2":"type-product","3":"status-publish","4":"has-post-thumbnail","6":"product_brand-deante","7":"product_cat-wyprzedaz","8":"product_shipping_class-drobnica","10":"first","11":"instock","12":"taxable","13":"shipping-taxable","14":"purchasable","15":"product-type-simple","16":"entry","17":"content-bg","18":"loop-entry"},"taxonomy_info":{"product_brand":[{"value":447,"label":"Deante"}],"product_cat":[{"value":291,"label":"Wyprzeda\u017c"}]},"featured_image_src_large":["https:\/\/e-systemygrzewcze.eu\/sklep\/wp-content\/uploads\/2025\/12\/Nowy-projekt-2025-12-18T153132.222.jpg",510,587,false],"author_info":[],"comment_info":"","_links":{"self":[{"href":"https:\/\/e-systemygrzewcze.eu\/sklep\/wp-json\/wp\/v2\/product\/8119","targetHints":{"allow":["GET"]}}],"collection":[{"href":"https:\/\/e-systemygrzewcze.eu\/sklep\/wp-json\/wp\/v2\/product"}],"about":[{"href":"https:\/\/e-systemygrzewcze.eu\/sklep\/wp-json\/wp\/v2\/types\/product"}],"wp:featuredmedia":[{"embeddable":true,"href":"https:\/\/e-systemygrzewcze.eu\/sklep\/wp-json\/wp\/v2\/media\/8120"}],"wp:attachment":[{"href":"https:\/\/e-systemygrzewcze.eu\/sklep\/wp-json\/wp\/v2\/media?parent=8119"}],"wp:term":[{"taxonomy":"product_brand","embeddable":true,"href":"https:\/\/e-systemygrzewcze.eu\/sklep\/wp-json\/wp\/v2\/product_brand?post=8119"},{"taxonomy":"product_cat","embeddable":true,"href":"https:\/\/e-systemygrzewcze.eu\/sklep\/wp-json\/wp\/v2\/product_cat?post=8119"},{"taxonomy":"product_tag","embeddable":true,"href":"https:\/\/e-systemygrzewcze.eu\/sklep\/wp-json\/wp\/v2\/product_tag?post=8119"}],"curies":[{"name":"wp","href":"https:\/\/api.w.org\/{rel}","templated":true}]}}