{"id":8113,"date":"2025-12-18T13:52:28","date_gmt":"2025-12-18T13:52:28","guid":{"rendered":"https:\/\/e-systemygrzewcze.eu\/sklep\/produkt\/deante-maruna-bateria-prysznicowa-bez-kompletu-natryskowego-bgm_040m\/"},"modified":"2026-04-08T08:03:51","modified_gmt":"2026-04-08T08:03:51","slug":"deante-maruna-bateria-prysznicowa-bez-kompletu-natryskowego-bgm_040m","status":"publish","type":"product","link":"https:\/\/e-systemygrzewcze.eu\/sklep\/produkt\/deante-maruna-bateria-prysznicowa-bez-kompletu-natryskowego-bgm_040m\/","title":{"rendered":"DEANTE MARUNA Bateria prysznicowa bez kompletu natryskowego (BGM_040M)"},"content":{"rendered":"<h2 style=\"text-align: center;\" data-start=\"0\" data-end=\"73\">! TOWAR POWYSTAWOWY !<\/h2>\n<h3 data-start=\"0\" data-end=\"53\">\ud83d\udebf Bateria prysznicowa DEANTE MARUNA (BGM_040M)<\/h3>\n<p data-start=\"55\" data-end=\"370\">Bateria prysznicowa <strong data-start=\"75\" data-end=\"92\">Deante Maruna<\/strong> to nowoczesne i funkcjonalne rozwi\u0105zanie do kabin prysznicowych, przeznaczone do monta\u017cu \u015bciennego. Jednouchwytowy mieszacz z ceramiczn\u0105 g\u0142owic\u0105 35 mm zapewnia precyzyjn\u0105 regulacj\u0119 temperatury i strumienia wody, a chromowane wyko\u0144czenie dodaje \u0142azience elegancji i trwa\u0142o\u015bci.<\/p>\n<h2 data-start=\"372\" data-end=\"418\"><strong>\u2705 Najwa\u017cniejsze zalety<\/strong><\/h2>\n<ul data-start=\"419\" data-end=\"748\">\n<li data-start=\"419\" data-end=\"484\">\n<p data-start=\"421\" data-end=\"484\"><strong data-start=\"421\" data-end=\"448\">jednouchwytowy mieszacz<\/strong> \u2013 \u0142atwa i wygodna regulacja wody,<\/p>\n<\/li>\n<li data-start=\"485\" data-end=\"554\">\n<p data-start=\"487\" data-end=\"554\"><strong data-start=\"487\" data-end=\"515\">ceramiczna g\u0142owica 35 mm<\/strong> \u2013 trwa\u0142o\u015b\u0107 i niezawodno\u015b\u0107 dzia\u0142ania,<\/p>\n<\/li>\n<li data-start=\"555\" data-end=\"612\">\n<p data-start=\"557\" data-end=\"612\"><strong data-start=\"557\" data-end=\"581\">wysoki przep\u0142yw wody<\/strong> \u2013 klasa B (19,9\u201325,2 l\/min),<\/p>\n<\/li>\n<li data-start=\"613\" data-end=\"663\">\n<p data-start=\"615\" data-end=\"663\"><strong data-start=\"615\" data-end=\"630\">cicha praca<\/strong> \u2013 grupa akustyczna I (&lt;20 dB),<\/p>\n<\/li>\n<li data-start=\"664\" data-end=\"748\">\n<p data-start=\"666\" data-end=\"748\"><strong data-start=\"666\" data-end=\"698\">solidne wykonanie z mosi\u0105dzu<\/strong> \u2013 trwa\u0142o\u015b\u0107 i eleganckie chromowane wyko\u0144czenie.<\/p>\n<\/li>\n<\/ul>\n<h2 data-start=\"750\" data-end=\"770\"><strong>\ud83d\udd27 Dane techniczne<\/strong><\/h2>\n<ul data-start=\"771\" data-end=\"1102\">\n<li data-start=\"771\" data-end=\"833\">\n<p data-start=\"773\" data-end=\"833\">typ baterii: <strong data-start=\"786\" data-end=\"830\">prysznicowa, mieszaczowa, jednouchwytowa<\/strong>,<\/p>\n<\/li>\n<li data-start=\"834\" data-end=\"858\">\n<p data-start=\"836\" data-end=\"858\">monta\u017c: <strong data-start=\"844\" data-end=\"855\">\u015bcienny<\/strong>,<\/p>\n<\/li>\n<li data-start=\"859\" data-end=\"894\">\n<p data-start=\"861\" data-end=\"894\">wysoko\u015b\u0107 ca\u0142kowita: <strong data-start=\"881\" data-end=\"891\">127 mm<\/strong>,<\/p>\n<\/li>\n<li data-start=\"895\" data-end=\"930\">\n<p data-start=\"897\" data-end=\"930\">g\u0142owica: <strong data-start=\"906\" data-end=\"927\">ceramiczna, 35 mm<\/strong>,<\/p>\n<\/li>\n<li data-start=\"931\" data-end=\"976\">\n<p data-start=\"933\" data-end=\"976\">klasa przep\u0142ywu: <strong data-start=\"950\" data-end=\"973\">B (19,9\u201325,2 l\/min)<\/strong>,<\/p>\n<\/li>\n<li data-start=\"977\" data-end=\"1014\">\n<p data-start=\"979\" data-end=\"1014\">grupa akustyczna: <strong data-start=\"997\" data-end=\"1011\">I (&lt;20 dB)<\/strong>,<\/p>\n<\/li>\n<li data-start=\"1015\" data-end=\"1042\">\n<p data-start=\"1017\" data-end=\"1042\">wyko\u0144czenie: <strong data-start=\"1030\" data-end=\"1039\">chrom<\/strong>,<\/p>\n<\/li>\n<li data-start=\"1043\" data-end=\"1069\">\n<p data-start=\"1045\" data-end=\"1069\">materia\u0142: <strong data-start=\"1055\" data-end=\"1066\">mosi\u0105dz<\/strong>,<\/p>\n<\/li>\n<li data-start=\"1070\" data-end=\"1102\">\n<p data-start=\"1072\" data-end=\"1102\">zestaw natryskowy: <strong data-start=\"1091\" data-end=\"1099\">brak<\/strong>.<\/p>\n<\/li>\n<\/ul>\n<p data-start=\"1104\" data-end=\"1329\">\ud83c\uddf5\ud83c\uddf1 Polska marka Deante<br data-start=\"1128\" data-end=\"1131\" \/><strong data-start=\"1131\" data-end=\"1141\">Deante<\/strong> to polski producent armatury \u0142azienkowej, \u0142\u0105cz\u0105cy nowoczesny design z funkcjonalno\u015bci\u0105 i trwa\u0142o\u015bci\u0105. Bateria Maruna zapewnia komfort codziennego u\u017cytkowania i elegancki wygl\u0105d \u0142azienki.<\/p>\n","protected":false},"excerpt":{"rendered":"<p><strong>Bateria prysznicowa DEANTE Maruna (BGM_040M) w chromowanym wyko\u0144czeniu \u0142\u0105czy elegancki design z funkcjonalno\u015bci\u0105. Jednouchwytowy mieszacz i ceramiczna g\u0142owica 35 mm zapewniaj\u0105 precyzyjn\u0105 regulacj\u0119 strumienia wody oraz trwa\u0142o\u015b\u0107 produktu.<\/strong><\/p>\n","protected":false},"featured_media":8114,"template":"","meta":{"_kad_blocks_custom_css":"","_kad_blocks_head_custom_js":"","_kad_blocks_body_custom_js":"","_kad_blocks_footer_custom_js":"","_kad_post_transparent":"default","_kad_post_title":"","_kad_post_layout":"default","_kad_post_sidebar_id":"","_kad_post_content_style":"default","_kad_post_vertical_padding":"default","_kad_post_feature":"","_kad_post_feature_position":"","_kad_post_header":false,"_kad_post_footer":false,"_kad_post_classname":""},"product_brand":[447],"product_cat":[291],"product_tag":[],"class_list":{"0":"post-8113","1":"product","2":"type-product","3":"status-publish","4":"has-post-thumbnail","6":"product_brand-deante","7":"product_cat-wyprzedaz","8":"product_shipping_class-drobnica","10":"first","11":"instock","12":"taxable","13":"shipping-taxable","14":"purchasable","15":"product-type-simple","16":"entry","17":"content-bg","18":"loop-entry"},"taxonomy_info":{"product_brand":[{"value":447,"label":"Deante"}],"product_cat":[{"value":291,"label":"Wyprzeda\u017c"}]},"featured_image_src_large":["https:\/\/e-systemygrzewcze.eu\/sklep\/wp-content\/uploads\/2025\/12\/Nowy-projekt-2025-12-18T145435.453.jpg",510,587,false],"author_info":[],"comment_info":"","_links":{"self":[{"href":"https:\/\/e-systemygrzewcze.eu\/sklep\/wp-json\/wp\/v2\/product\/8113","targetHints":{"allow":["GET"]}}],"collection":[{"href":"https:\/\/e-systemygrzewcze.eu\/sklep\/wp-json\/wp\/v2\/product"}],"about":[{"href":"https:\/\/e-systemygrzewcze.eu\/sklep\/wp-json\/wp\/v2\/types\/product"}],"wp:featuredmedia":[{"embeddable":true,"href":"https:\/\/e-systemygrzewcze.eu\/sklep\/wp-json\/wp\/v2\/media\/8114"}],"wp:attachment":[{"href":"https:\/\/e-systemygrzewcze.eu\/sklep\/wp-json\/wp\/v2\/media?parent=8113"}],"wp:term":[{"taxonomy":"product_brand","embeddable":true,"href":"https:\/\/e-systemygrzewcze.eu\/sklep\/wp-json\/wp\/v2\/product_brand?post=8113"},{"taxonomy":"product_cat","embeddable":true,"href":"https:\/\/e-systemygrzewcze.eu\/sklep\/wp-json\/wp\/v2\/product_cat?post=8113"},{"taxonomy":"product_tag","embeddable":true,"href":"https:\/\/e-systemygrzewcze.eu\/sklep\/wp-json\/wp\/v2\/product_tag?post=8113"}],"curies":[{"name":"wp","href":"https:\/\/api.w.org\/{rel}","templated":true}]}}