{"id":8100,"date":"2025-12-18T12:11:35","date_gmt":"2025-12-18T12:11:35","guid":{"rendered":"https:\/\/e-systemygrzewcze.eu\/sklep\/produkt\/deante-hiacynt-bateria-natryskowa-bez-kompletu-natryskowego-bqh_w400\/"},"modified":"2026-04-08T08:03:04","modified_gmt":"2026-04-08T08:03:04","slug":"deante-hiacynt-bateria-natryskowa-bez-kompletu-natryskowego-bqh_w400","status":"publish","type":"product","link":"https:\/\/e-systemygrzewcze.eu\/sklep\/produkt\/deante-hiacynt-bateria-natryskowa-bez-kompletu-natryskowego-bqh_w400\/","title":{"rendered":"DEANTE HIACYNT Bateria natryskowa bez kompletu natryskowego (BQH_W400)"},"content":{"rendered":"<div class=\"text-base my-auto mx-auto pb-10 [--thread-content-margin:--spacing(4)] @w-sm\/main:[--thread-content-margin:--spacing(6)] @w-lg\/main:[--thread-content-margin:--spacing(16)] px-(--thread-content-margin)\">\n<div class=\"[--thread-content-max-width:40rem] @w-lg\/main:[--thread-content-max-width:48rem] mx-auto max-w-(--thread-content-max-width) flex-1 group\/turn-messages focus-visible:outline-hidden relative flex w-full min-w-0 flex-col agent-turn\" tabindex=\"-1\">\n<div class=\"flex max-w-full flex-col grow\">\n<div class=\"min-h-8 text-message relative flex w-full flex-col items-end gap-2 text-start break-words whitespace-normal [.text-message+&amp;]:mt-1\" dir=\"auto\" data-message-author-role=\"assistant\" data-message-id=\"6907e3e9-863f-480b-9515-e6bcc7c5cec9\" data-message-model-slug=\"gpt-5-mini\">\n<div class=\"flex w-full flex-col gap-1 empty:hidden first:pt-[1px]\">\n<div class=\"markdown prose dark:prose-invert w-full break-words dark markdown-new-styling\">\n<h2 style=\"text-align: center;\" data-start=\"0\" data-end=\"73\">! TOWAR POWYSTAWOWY !<\/h2>\n<h3 data-start=\"0\" data-end=\"53\">\ud83d\udebf Bateria natryskowa DEANTE HIACYNT (BQH_W400)<\/h3>\n<p data-start=\"55\" data-end=\"392\">Bateria natryskowa <strong data-start=\"74\" data-end=\"92\">Deante Hiacynt<\/strong> to nowoczesne i funkcjonalne rozwi\u0105zanie do ka\u017cdej \u0142azienki, przeznaczone do monta\u017cu \u015bciennego. Kwadratowy design w kolorze bia\u0142o-chromowanym \u0142\u0105czy estetyk\u0119 z wygod\u0105 codziennego u\u017cytkowania, a jednouchwytowy mieszacz z ceramiczn\u0105 g\u0142owic\u0105 zapewnia precyzyjn\u0105 kontrol\u0119 strumienia i temperatury wody.<\/p>\n<h2 data-start=\"394\" data-end=\"441\">\u2705<strong> Najwa\u017cniejsze zalety\u00a0<\/strong><\/h2>\n<ul data-start=\"442\" data-end=\"878\">\n<li data-start=\"442\" data-end=\"507\">\n<p data-start=\"444\" data-end=\"507\"><strong data-start=\"444\" data-end=\"471\">jednouchwytowy mieszacz<\/strong> \u2013 \u0142atwa i wygodna regulacja wody,<\/p>\n<\/li>\n<li data-start=\"508\" data-end=\"577\">\n<p data-start=\"510\" data-end=\"577\"><strong data-start=\"510\" data-end=\"538\">ceramiczna g\u0142owica 35 mm<\/strong> \u2013 trwa\u0142o\u015b\u0107 i niezawodno\u015b\u0107 dzia\u0142ania,<\/p>\n<\/li>\n<li data-start=\"578\" data-end=\"653\">\n<p data-start=\"580\" data-end=\"653\"><strong data-start=\"580\" data-end=\"603\">niski przep\u0142yw wody<\/strong> \u2013 klasa S (15\u201319,8 l\/min) zapewnia oszcz\u0119dno\u015b\u0107,<\/p>\n<\/li>\n<li data-start=\"654\" data-end=\"700\">\n<p data-start=\"656\" data-end=\"700\"><strong data-start=\"656\" data-end=\"671\">cicha praca<\/strong> \u2013 grupa akustyczna &lt;20 dB,<\/p>\n<\/li>\n<li data-start=\"701\" data-end=\"792\">\n<p data-start=\"703\" data-end=\"792\"><strong data-start=\"703\" data-end=\"729\">estetyczne wyko\u0144czenie<\/strong> \u2013 bia\u0142y i chrom b\u0142yszcz\u0105cy, \u0142atwe do utrzymania w czysto\u015bci,<\/p>\n<\/li>\n<li data-start=\"793\" data-end=\"878\">\n<p data-start=\"795\" data-end=\"878\"><strong data-start=\"795\" data-end=\"813\">produkt polski<\/strong> \u2013 wysoka jako\u015b\u0107 i trwa\u0142o\u015b\u0107, projektowany z dba\u0142o\u015bci\u0105 o detale.<\/p>\n<\/li>\n<\/ul>\n<h2 data-start=\"880\" data-end=\"900\">\ud83d\udd27 <strong>Dane techniczne<\/strong><\/h2>\n<ul data-start=\"901\" data-end=\"1262\">\n<li data-start=\"901\" data-end=\"946\">\n<p data-start=\"903\" data-end=\"946\">typ baterii: <strong data-start=\"916\" data-end=\"943\">natryskowa, mieszaczowa<\/strong>,<\/p>\n<\/li>\n<li data-start=\"947\" data-end=\"987\">\n<p data-start=\"949\" data-end=\"987\">liczba uchwyt\u00f3w: <strong data-start=\"966\" data-end=\"984\">1 (tradycyjny)<\/strong>,<\/p>\n<\/li>\n<li data-start=\"988\" data-end=\"1023\">\n<p data-start=\"990\" data-end=\"1023\">g\u0142owica: <strong data-start=\"999\" data-end=\"1020\">ceramiczna, 35 mm<\/strong>,<\/p>\n<\/li>\n<li data-start=\"1024\" data-end=\"1050\">\n<p data-start=\"1026\" data-end=\"1050\">szeroko\u015b\u0107: <strong data-start=\"1037\" data-end=\"1047\">208 mm<\/strong>,<\/p>\n<\/li>\n<li data-start=\"1051\" data-end=\"1075\">\n<p data-start=\"1053\" data-end=\"1075\">monta\u017c: <strong data-start=\"1061\" data-end=\"1072\">\u015bcienny<\/strong>,<\/p>\n<\/li>\n<li data-start=\"1076\" data-end=\"1104\">\n<p data-start=\"1078\" data-end=\"1104\">kszta\u0142t: <strong data-start=\"1087\" data-end=\"1101\">kwadratowy<\/strong>,<\/p>\n<\/li>\n<li data-start=\"1105\" data-end=\"1148\">\n<p data-start=\"1107\" data-end=\"1148\">klasa przep\u0142ywu: <strong data-start=\"1124\" data-end=\"1145\">S (15\u201319,8 l\/min)<\/strong>,<\/p>\n<\/li>\n<li data-start=\"1149\" data-end=\"1182\">\n<p data-start=\"1151\" data-end=\"1182\">grupa akustyczna: <strong data-start=\"1169\" data-end=\"1179\">&lt;20 dB<\/strong>,<\/p>\n<\/li>\n<li data-start=\"1183\" data-end=\"1229\">\n<p data-start=\"1185\" data-end=\"1229\">wyko\u0144czenie: <strong data-start=\"1198\" data-end=\"1226\">bia\u0142y \/ chrom b\u0142yszcz\u0105cy<\/strong>,<\/p>\n<\/li>\n<li data-start=\"1230\" data-end=\"1262\">\n<p data-start=\"1232\" data-end=\"1262\">zestaw natryskowy: <strong data-start=\"1251\" data-end=\"1259\">brak<\/strong>.<\/p>\n<\/li>\n<\/ul>\n<p data-start=\"1264\" data-end=\"1509\">\ud83c\uddf5\ud83c\uddf1 Polska marka Deante<br data-start=\"1288\" data-end=\"1291\" \/><strong data-start=\"1291\" data-end=\"1301\">Deante<\/strong> to polski producent armatury \u0142azienkowej, \u0142\u0105cz\u0105cy nowoczesny design z funkcjonalno\u015bci\u0105 i trwa\u0142o\u015bci\u0105. Bateria Hiacynt zapewnia komfort codziennego u\u017cytkowania, elegancki wygl\u0105d oraz niezawodno\u015b\u0107 przez lata.<\/p>\n<\/div>\n<\/div>\n<\/div>\n<\/div>\n<\/div>\n<\/div>\n","protected":false},"excerpt":{"rendered":"<p><strong>Bateria natryskowa DEANTE Hiacynt (BQH_W400) w nowoczesnym bia\u0142ym i chromowanym wyko\u0144czeniu \u0142\u0105czy elegancki design z wygod\u0105 u\u017cytkowania. Jednouchwytowy mieszacz i ceramiczna g\u0142owica zapewniaj\u0105 precyzyjn\u0105 regulacj\u0119 strumienia i temperatury wody oraz trwa\u0142o\u015b\u0107 produktu.<\/strong><\/p>\n","protected":false},"featured_media":8103,"template":"","meta":{"_kad_blocks_custom_css":"","_kad_blocks_head_custom_js":"","_kad_blocks_body_custom_js":"","_kad_blocks_footer_custom_js":"","_kad_post_transparent":"default","_kad_post_title":"","_kad_post_layout":"default","_kad_post_sidebar_id":"","_kad_post_content_style":"default","_kad_post_vertical_padding":"default","_kad_post_feature":"","_kad_post_feature_position":"","_kad_post_header":false,"_kad_post_footer":false,"_kad_post_classname":""},"product_brand":[447],"product_cat":[291],"product_tag":[],"class_list":{"0":"post-8100","1":"product","2":"type-product","3":"status-publish","4":"has-post-thumbnail","6":"product_brand-deante","7":"product_cat-wyprzedaz","8":"product_shipping_class-drobnica","10":"first","11":"instock","12":"taxable","13":"shipping-taxable","14":"purchasable","15":"product-type-simple","16":"entry","17":"content-bg","18":"loop-entry"},"taxonomy_info":{"product_brand":[{"value":447,"label":"Deante"}],"product_cat":[{"value":291,"label":"Wyprzeda\u017c"}]},"featured_image_src_large":["https:\/\/e-systemygrzewcze.eu\/sklep\/wp-content\/uploads\/2025\/12\/Nowy-projekt-2025-12-18T131905.316.jpg",510,587,false],"author_info":[],"comment_info":"","_links":{"self":[{"href":"https:\/\/e-systemygrzewcze.eu\/sklep\/wp-json\/wp\/v2\/product\/8100","targetHints":{"allow":["GET"]}}],"collection":[{"href":"https:\/\/e-systemygrzewcze.eu\/sklep\/wp-json\/wp\/v2\/product"}],"about":[{"href":"https:\/\/e-systemygrzewcze.eu\/sklep\/wp-json\/wp\/v2\/types\/product"}],"wp:featuredmedia":[{"embeddable":true,"href":"https:\/\/e-systemygrzewcze.eu\/sklep\/wp-json\/wp\/v2\/media\/8103"}],"wp:attachment":[{"href":"https:\/\/e-systemygrzewcze.eu\/sklep\/wp-json\/wp\/v2\/media?parent=8100"}],"wp:term":[{"taxonomy":"product_brand","embeddable":true,"href":"https:\/\/e-systemygrzewcze.eu\/sklep\/wp-json\/wp\/v2\/product_brand?post=8100"},{"taxonomy":"product_cat","embeddable":true,"href":"https:\/\/e-systemygrzewcze.eu\/sklep\/wp-json\/wp\/v2\/product_cat?post=8100"},{"taxonomy":"product_tag","embeddable":true,"href":"https:\/\/e-systemygrzewcze.eu\/sklep\/wp-json\/wp\/v2\/product_tag?post=8100"}],"curies":[{"name":"wp","href":"https:\/\/api.w.org\/{rel}","templated":true}]}}