{"id":8093,"date":"2025-12-18T11:56:21","date_gmt":"2025-12-18T11:56:21","guid":{"rendered":"https:\/\/e-systemygrzewcze.eu\/sklep\/produkt\/deante-lotos-bateria-natryskowa-bez-kompletu-natryskowego-bdo_040m\/"},"modified":"2026-04-08T08:02:49","modified_gmt":"2026-04-08T08:02:49","slug":"deante-lotos-bateria-natryskowa-bez-kompletu-natryskowego-bdo_040m","status":"publish","type":"product","link":"https:\/\/e-systemygrzewcze.eu\/sklep\/produkt\/deante-lotos-bateria-natryskowa-bez-kompletu-natryskowego-bdo_040m\/","title":{"rendered":"DEANTE LOTOS Bateria natryskowa bez kompletu natryskowego (BDO_040M)"},"content":{"rendered":"<div class=\"text-base my-auto mx-auto pb-10 [--thread-content-margin:--spacing(4)] @w-sm\/main:[--thread-content-margin:--spacing(6)] @w-lg\/main:[--thread-content-margin:--spacing(16)] px-(--thread-content-margin)\">\n<div class=\"[--thread-content-max-width:40rem] @w-lg\/main:[--thread-content-max-width:48rem] mx-auto max-w-(--thread-content-max-width) flex-1 group\/turn-messages focus-visible:outline-hidden relative flex w-full min-w-0 flex-col agent-turn\" tabindex=\"-1\">\n<div class=\"flex max-w-full flex-col grow\">\n<div class=\"min-h-8 text-message relative flex w-full flex-col items-end gap-2 text-start break-words whitespace-normal [.text-message+&amp;]:mt-1\" dir=\"auto\" data-message-author-role=\"assistant\" data-message-id=\"a0be4f34-8e92-463f-aa41-03b9d4ca2cd2\" data-message-model-slug=\"gpt-5-mini\">\n<div class=\"flex w-full flex-col gap-1 empty:hidden first:pt-[1px]\">\n<div class=\"markdown prose dark:prose-invert w-full break-words dark markdown-new-styling\">\n<h2 style=\"text-align: center;\" data-start=\"0\" data-end=\"73\">! TOWAR POWYSTAWOWY !<\/h2>\n<h3 data-start=\"0\" data-end=\"49\">\ud83d\udebf Bateria natryskowa DEANTE LOTOS (BDO_040M)<\/h3>\n<p data-start=\"51\" data-end=\"366\">Bateria natryskowa <strong data-start=\"70\" data-end=\"86\">Deante Lotos<\/strong> to nowoczesne i funkcjonalne rozwi\u0105zanie do kabin prysznicowych, idealne do monta\u017cu wisz\u0105cego. Jednouchwytowy mieszacz z ceramiczn\u0105 g\u0142owic\u0105 zapewnia precyzyjn\u0105 regulacj\u0119 temperatury i strumienia wody, a eleganckie chromowane wyko\u0144czenie dodaje \u0142azience nowoczesnego charakteru.<\/p>\n<h2 data-start=\"368\" data-end=\"413\">\u2705<strong> Najwa\u017cniejsze zalety\u00a0<\/strong><\/h2>\n<ul data-start=\"414\" data-end=\"843\">\n<li data-start=\"414\" data-end=\"484\">\n<p data-start=\"416\" data-end=\"484\"><strong data-start=\"416\" data-end=\"443\">jednouchwytowy mieszacz<\/strong> \u2013 wygodna i precyzyjna regulacja wody,<\/p>\n<\/li>\n<li data-start=\"485\" data-end=\"554\">\n<p data-start=\"487\" data-end=\"554\"><strong data-start=\"487\" data-end=\"515\">ceramiczna g\u0142owica 35 mm<\/strong> \u2013 trwa\u0142o\u015b\u0107 i niezawodno\u015b\u0107 dzia\u0142ania,<\/p>\n<\/li>\n<li data-start=\"555\" data-end=\"628\">\n<p data-start=\"557\" data-end=\"628\"><strong data-start=\"557\" data-end=\"580\">niski przep\u0142yw wody<\/strong> \u2013 klasa S (&lt;19,8 l\/min) zapewnia oszcz\u0119dno\u015b\u0107,<\/p>\n<\/li>\n<li data-start=\"629\" data-end=\"675\">\n<p data-start=\"631\" data-end=\"675\"><strong data-start=\"631\" data-end=\"646\">cicha praca<\/strong> \u2013 grupa akustyczna &lt;20 dB,<\/p>\n<\/li>\n<li data-start=\"676\" data-end=\"778\">\n<p data-start=\"678\" data-end=\"778\"><strong data-start=\"678\" data-end=\"699\">solidne wykonanie<\/strong> \u2013 chromowane wyko\u0144czenie gwarantuje estetyk\u0119 i \u0142atwo\u015b\u0107 utrzymania czysto\u015bci,<\/p>\n<\/li>\n<li data-start=\"779\" data-end=\"843\">\n<p data-start=\"781\" data-end=\"843\"><strong data-start=\"781\" data-end=\"799\">produkt polski<\/strong> \u2013 wysoka jako\u015b\u0107 wykonania i niezawodno\u015b\u0107.<\/p>\n<\/li>\n<\/ul>\n<h2 data-start=\"845\" data-end=\"865\"><strong>\ud83d\udd27 Dane techniczne<\/strong><\/h2>\n<ul data-start=\"866\" data-end=\"1266\">\n<li data-start=\"866\" data-end=\"911\">\n<p data-start=\"868\" data-end=\"911\">typ baterii: <strong data-start=\"881\" data-end=\"908\">natryskowa, mieszaczowa<\/strong>,<\/p>\n<\/li>\n<li data-start=\"912\" data-end=\"952\">\n<p data-start=\"914\" data-end=\"952\">liczba uchwyt\u00f3w: <strong data-start=\"931\" data-end=\"949\">1 (tradycyjny)<\/strong>,<\/p>\n<\/li>\n<li data-start=\"953\" data-end=\"982\">\n<p data-start=\"955\" data-end=\"982\">liczba wyj\u015b\u0107 wody: <strong data-start=\"974\" data-end=\"979\">1<\/strong>,<\/p>\n<\/li>\n<li data-start=\"983\" data-end=\"1009\">\n<p data-start=\"985\" data-end=\"1009\">liczba otwor\u00f3w: <strong data-start=\"1001\" data-end=\"1006\">2<\/strong>,<\/p>\n<\/li>\n<li data-start=\"1010\" data-end=\"1031\">\n<p data-start=\"1012\" data-end=\"1031\">gwint: <strong data-start=\"1019\" data-end=\"1028\">G 1\/2<\/strong>,<\/p>\n<\/li>\n<li data-start=\"1032\" data-end=\"1067\">\n<p data-start=\"1034\" data-end=\"1067\">g\u0142owica: <strong data-start=\"1043\" data-end=\"1064\">ceramiczna, 35 mm<\/strong>,<\/p>\n<\/li>\n<li data-start=\"1068\" data-end=\"1109\">\n<p data-start=\"1070\" data-end=\"1109\">klasa przep\u0142ywu: <strong data-start=\"1087\" data-end=\"1106\">S (&lt;19,8 l\/min)<\/strong>,<\/p>\n<\/li>\n<li data-start=\"1110\" data-end=\"1143\">\n<p data-start=\"1112\" data-end=\"1143\">grupa akustyczna: <strong data-start=\"1130\" data-end=\"1140\">&lt;20 dB<\/strong>,<\/p>\n<\/li>\n<li data-start=\"1144\" data-end=\"1182\">\n<p data-start=\"1146\" data-end=\"1182\">wyko\u0144czenie: <strong data-start=\"1159\" data-end=\"1179\">chrom b\u0142yszcz\u0105cy<\/strong>,<\/p>\n<\/li>\n<li data-start=\"1183\" data-end=\"1215\">\n<p data-start=\"1185\" data-end=\"1215\">zestaw natryskowy: <strong data-start=\"1204\" data-end=\"1212\">brak<\/strong>,<\/p>\n<\/li>\n<li data-start=\"1216\" data-end=\"1240\">\n<p data-start=\"1218\" data-end=\"1240\">monta\u017c: <strong data-start=\"1226\" data-end=\"1237\">wisz\u0105cy<\/strong>,<\/p>\n<\/li>\n<li data-start=\"1241\" data-end=\"1266\">\n<p data-start=\"1243\" data-end=\"1266\">kszta\u0142t: <strong data-start=\"1252\" data-end=\"1263\">okr\u0105g\u0142y<\/strong>.<\/p>\n<\/li>\n<\/ul>\n<p data-start=\"1268\" data-end=\"1513\">\ud83c\uddf5\ud83c\uddf1 Polska marka Deante<br data-start=\"1292\" data-end=\"1295\" \/><strong data-start=\"1295\" data-end=\"1305\">Deante<\/strong> to polski producent armatury \u0142azienkowej, kt\u00f3ry \u0142\u0105czy nowoczesny design z funkcjonalno\u015bci\u0105 i trwa\u0142o\u015bci\u0105. Bateria Lotos zapewnia komfort codziennego u\u017cytkowania przy zachowaniu estetyki i oszcz\u0119dno\u015bci wody.<\/p>\n<\/div>\n<\/div>\n<\/div>\n<\/div>\n<\/div>\n<\/div>\n","protected":false},"excerpt":{"rendered":"<p><strong>Bateria natryskowa DEANTE Lotos (BDO_040M) to funkcjonalne rozwi\u0105zanie do kabin prysznicowych z jednouchwytowym mieszaczem i ceramiczn\u0105 g\u0142owic\u0105. Eleganckie chromowane wyko\u0144czenie oraz niski przep\u0142yw wody gwarantuj\u0105 trwa\u0142o\u015b\u0107, komfort i oszcz\u0119dno\u015b\u0107.<\/strong><\/p>\n","protected":false},"featured_media":8095,"template":"","meta":{"_kad_blocks_custom_css":"","_kad_blocks_head_custom_js":"","_kad_blocks_body_custom_js":"","_kad_blocks_footer_custom_js":"","_kad_post_transparent":"default","_kad_post_title":"","_kad_post_layout":"default","_kad_post_sidebar_id":"","_kad_post_content_style":"default","_kad_post_vertical_padding":"default","_kad_post_feature":"","_kad_post_feature_position":"","_kad_post_header":false,"_kad_post_footer":false,"_kad_post_classname":""},"product_brand":[447],"product_cat":[291],"product_tag":[],"class_list":{"0":"post-8093","1":"product","2":"type-product","3":"status-publish","4":"has-post-thumbnail","6":"product_brand-deante","7":"product_cat-wyprzedaz","8":"product_shipping_class-drobnica","10":"first","11":"instock","12":"taxable","13":"shipping-taxable","14":"purchasable","15":"product-type-simple","16":"entry","17":"content-bg","18":"loop-entry"},"taxonomy_info":{"product_brand":[{"value":447,"label":"Deante"}],"product_cat":[{"value":291,"label":"Wyprzeda\u017c"}]},"featured_image_src_large":["https:\/\/e-systemygrzewcze.eu\/sklep\/wp-content\/uploads\/2025\/12\/Nowy-projekt-2025-12-18T125328.649.jpg",510,587,false],"author_info":[],"comment_info":"","_links":{"self":[{"href":"https:\/\/e-systemygrzewcze.eu\/sklep\/wp-json\/wp\/v2\/product\/8093","targetHints":{"allow":["GET"]}}],"collection":[{"href":"https:\/\/e-systemygrzewcze.eu\/sklep\/wp-json\/wp\/v2\/product"}],"about":[{"href":"https:\/\/e-systemygrzewcze.eu\/sklep\/wp-json\/wp\/v2\/types\/product"}],"wp:featuredmedia":[{"embeddable":true,"href":"https:\/\/e-systemygrzewcze.eu\/sklep\/wp-json\/wp\/v2\/media\/8095"}],"wp:attachment":[{"href":"https:\/\/e-systemygrzewcze.eu\/sklep\/wp-json\/wp\/v2\/media?parent=8093"}],"wp:term":[{"taxonomy":"product_brand","embeddable":true,"href":"https:\/\/e-systemygrzewcze.eu\/sklep\/wp-json\/wp\/v2\/product_brand?post=8093"},{"taxonomy":"product_cat","embeddable":true,"href":"https:\/\/e-systemygrzewcze.eu\/sklep\/wp-json\/wp\/v2\/product_cat?post=8093"},{"taxonomy":"product_tag","embeddable":true,"href":"https:\/\/e-systemygrzewcze.eu\/sklep\/wp-json\/wp\/v2\/product_tag?post=8093"}],"curies":[{"name":"wp","href":"https:\/\/api.w.org\/{rel}","templated":true}]}}