{"id":8090,"date":"2025-12-18T11:40:09","date_gmt":"2025-12-18T11:40:09","guid":{"rendered":"https:\/\/e-systemygrzewcze.eu\/sklep\/produkt\/deante-joko-bateria-natryskowa-bez-kompletu-natryskowego-boj_040m\/"},"modified":"2026-04-08T08:02:43","modified_gmt":"2026-04-08T08:02:43","slug":"deante-joko-bateria-natryskowa-bez-kompletu-natryskowego-boj_040m","status":"publish","type":"product","link":"https:\/\/e-systemygrzewcze.eu\/sklep\/produkt\/deante-joko-bateria-natryskowa-bez-kompletu-natryskowego-boj_040m\/","title":{"rendered":"DEANTE JOKO Bateria natryskowa bez kompletu natryskowego (BOJ_040M)"},"content":{"rendered":"<h2 style=\"text-align: center;\" data-start=\"0\" data-end=\"73\">! TOWAR POWYSTAWOWY !<\/h2>\n<h3 data-start=\"0\" data-end=\"53\">\ud83d\udebf Bateria natryskowa DEANTE JASKIER (BCJ_040M)<\/h3>\n<p data-start=\"55\" data-end=\"311\">Bateria natryskowa <strong data-start=\"74\" data-end=\"92\">Deante Jaskier<\/strong> to eleganckie po\u0142\u0105czenie nowoczesnego designu i funkcjonalno\u015bci, idealne do ka\u017cdej \u0142azienki. Jednouchwytowy mieszacz oraz solidne wykonanie z mosi\u0105dzu zapewniaj\u0105 wygod\u0119 obs\u0142ugi i trwa\u0142o\u015b\u0107 przez wiele lat u\u017cytkowania.<\/p>\n<h2 data-start=\"313\" data-end=\"360\"><strong>\u2705 Najwa\u017cniejsze zalety\u00a0<\/strong><\/h2>\n<ul data-start=\"361\" data-end=\"840\">\n<li data-start=\"361\" data-end=\"456\">\n<p data-start=\"363\" data-end=\"456\"><strong data-start=\"363\" data-end=\"395\">nowoczesny chromowany design<\/strong> \u2013 elegancki wygl\u0105d pasuj\u0105cy do r\u00f3\u017cnych aran\u017cacji \u0142azienki,<\/p>\n<\/li>\n<li data-start=\"457\" data-end=\"571\">\n<p data-start=\"459\" data-end=\"571\"><strong data-start=\"459\" data-end=\"489\">wysokiej jako\u015bci materia\u0142y<\/strong> \u2013 mosi\u0105dz odporny na korozj\u0119 z estetycznym, \u0142atwym do czyszczenia wyko\u0144czeniem,<\/p>\n<\/li>\n<li data-start=\"572\" data-end=\"643\">\n<p data-start=\"574\" data-end=\"643\"><strong data-start=\"574\" data-end=\"597\">ergonomiczny uchwyt<\/strong> \u2013 intuicyjna obs\u0142uga i komfort u\u017cytkowania,<\/p>\n<\/li>\n<li data-start=\"644\" data-end=\"748\">\n<p data-start=\"646\" data-end=\"748\"><strong data-start=\"646\" data-end=\"695\">kompatybilna z r\u00f3\u017cnymi zestawami natryskowymi<\/strong> \u2013 mo\u017cliwo\u015b\u0107 dopasowania do indywidualnych potrzeb,<\/p>\n<\/li>\n<li data-start=\"749\" data-end=\"840\">\n<p data-start=\"751\" data-end=\"840\"><strong data-start=\"751\" data-end=\"775\">trwa\u0142a g\u0142owica 40 mm<\/strong> \u2013 precyzyjna regulacja strumienia wody i niezawodno\u015b\u0107 dzia\u0142ania.<\/p>\n<\/li>\n<\/ul>\n<h2 data-start=\"842\" data-end=\"862\">\ud83d\udd27<strong> Dane techniczne<\/strong><\/h2>\n<ul data-start=\"863\" data-end=\"1113\">\n<li data-start=\"863\" data-end=\"911\">\n<p data-start=\"865\" data-end=\"911\">typ baterii: <strong data-start=\"878\" data-end=\"908\">natryskowa, jednouchwytowa<\/strong>,<\/p>\n<\/li>\n<li data-start=\"912\" data-end=\"946\">\n<p data-start=\"914\" data-end=\"946\">ilo\u015b\u0107 otwor\u00f3w: <strong data-start=\"929\" data-end=\"943\">2-otworowa<\/strong>,<\/p>\n<\/li>\n<li data-start=\"947\" data-end=\"979\">\n<p data-start=\"949\" data-end=\"979\">\u015brednica g\u0142owicy: <strong data-start=\"967\" data-end=\"976\">40 mm<\/strong>,<\/p>\n<\/li>\n<li data-start=\"980\" data-end=\"1005\">\n<p data-start=\"982\" data-end=\"1005\">kszta\u0142t: <strong data-start=\"991\" data-end=\"1002\">okr\u0105g\u0142a<\/strong>,<\/p>\n<\/li>\n<li data-start=\"1006\" data-end=\"1041\">\n<p data-start=\"1008\" data-end=\"1041\">rodzaj uchwytu: <strong data-start=\"1024\" data-end=\"1038\">tradycyjny<\/strong>,<\/p>\n<\/li>\n<li data-start=\"1042\" data-end=\"1080\">\n<p data-start=\"1044\" data-end=\"1080\">wyko\u0144czenie: <strong data-start=\"1057\" data-end=\"1077\">chrom b\u0142yszcz\u0105cy<\/strong>,<\/p>\n<\/li>\n<li data-start=\"1081\" data-end=\"1113\">\n<p data-start=\"1083\" data-end=\"1113\">zestaw natryskowy: <strong data-start=\"1102\" data-end=\"1110\">brak<\/strong>.<\/p>\n<\/li>\n<\/ul>\n<p data-start=\"1115\" data-end=\"1357\">\ud83c\uddf5\ud83c\uddf1 Polska marka Deante<br data-start=\"1139\" data-end=\"1142\" \/><strong data-start=\"1142\" data-end=\"1152\">Deante<\/strong> to polski producent armatury \u0142azienkowej, \u0142\u0105cz\u0105cy nowoczesny design z trwa\u0142o\u015bci\u0105 i funkcjonalno\u015bci\u0105. Bateria Jaskier to produkt wysokiej jako\u015bci, kt\u00f3ry zapewnia komfort i niezawodno\u015b\u0107 przez d\u0142ugie lata.<\/p>\n","protected":false},"excerpt":{"rendered":"<p><strong>Bateria natryskowa DEANTE Jaskier (BCJ_040M) \u0142\u0105czy nowoczesny chromowany design z trwa\u0142o\u015bci\u0105 i wygod\u0105 codziennego u\u017cytkowania. Jednouchwytowy mieszacz i solidne wykonanie z mosi\u0105dzu gwarantuj\u0105 komfort i d\u0142ugowieczno\u015b\u0107 produktu.<\/strong><\/p>\n","protected":false},"featured_media":8091,"template":"","meta":{"_kad_blocks_custom_css":"","_kad_blocks_head_custom_js":"","_kad_blocks_body_custom_js":"","_kad_blocks_footer_custom_js":"","_kad_post_transparent":"default","_kad_post_title":"","_kad_post_layout":"default","_kad_post_sidebar_id":"","_kad_post_content_style":"default","_kad_post_vertical_padding":"default","_kad_post_feature":"","_kad_post_feature_position":"","_kad_post_header":false,"_kad_post_footer":false,"_kad_post_classname":""},"product_brand":[447],"product_cat":[291],"product_tag":[],"class_list":{"0":"post-8090","1":"product","2":"type-product","3":"status-publish","4":"has-post-thumbnail","6":"product_brand-deante","7":"product_cat-wyprzedaz","8":"product_shipping_class-drobnica","10":"first","11":"instock","12":"taxable","13":"shipping-taxable","14":"purchasable","15":"product-type-simple","16":"entry","17":"content-bg","18":"loop-entry"},"taxonomy_info":{"product_brand":[{"value":447,"label":"Deante"}],"product_cat":[{"value":291,"label":"Wyprzeda\u017c"}]},"featured_image_src_large":["https:\/\/e-systemygrzewcze.eu\/sklep\/wp-content\/uploads\/2025\/12\/Nowy-projekt-2025-12-18T124003.737.jpg",510,587,false],"author_info":[],"comment_info":"","_links":{"self":[{"href":"https:\/\/e-systemygrzewcze.eu\/sklep\/wp-json\/wp\/v2\/product\/8090","targetHints":{"allow":["GET"]}}],"collection":[{"href":"https:\/\/e-systemygrzewcze.eu\/sklep\/wp-json\/wp\/v2\/product"}],"about":[{"href":"https:\/\/e-systemygrzewcze.eu\/sklep\/wp-json\/wp\/v2\/types\/product"}],"wp:featuredmedia":[{"embeddable":true,"href":"https:\/\/e-systemygrzewcze.eu\/sklep\/wp-json\/wp\/v2\/media\/8091"}],"wp:attachment":[{"href":"https:\/\/e-systemygrzewcze.eu\/sklep\/wp-json\/wp\/v2\/media?parent=8090"}],"wp:term":[{"taxonomy":"product_brand","embeddable":true,"href":"https:\/\/e-systemygrzewcze.eu\/sklep\/wp-json\/wp\/v2\/product_brand?post=8090"},{"taxonomy":"product_cat","embeddable":true,"href":"https:\/\/e-systemygrzewcze.eu\/sklep\/wp-json\/wp\/v2\/product_cat?post=8090"},{"taxonomy":"product_tag","embeddable":true,"href":"https:\/\/e-systemygrzewcze.eu\/sklep\/wp-json\/wp\/v2\/product_tag?post=8090"}],"curies":[{"name":"wp","href":"https:\/\/api.w.org\/{rel}","templated":true}]}}