{"id":8084,"date":"2025-12-18T11:25:24","date_gmt":"2025-12-18T11:25:24","guid":{"rendered":"https:\/\/e-systemygrzewcze.eu\/sklep\/produkt\/deante-floks-bateria-natryskowa-bez-kompletu-natryskowego-bcf_040m\/"},"modified":"2026-04-08T08:01:16","modified_gmt":"2026-04-08T08:01:16","slug":"deante-floks-bateria-natryskowa-bez-kompletu-natryskowego-bcf_040m","status":"publish","type":"product","link":"https:\/\/e-systemygrzewcze.eu\/sklep\/produkt\/deante-floks-bateria-natryskowa-bez-kompletu-natryskowego-bcf_040m\/","title":{"rendered":"DEANTE FLOKS Bateria natryskowa bez kompletu natryskowego (BCF_040M)"},"content":{"rendered":"<h2 style=\"text-align: center;\" data-start=\"0\" data-end=\"73\">! TOWAR POWYSTAWOWY !<\/h2>\n<h3 data-start=\"0\" data-end=\"49\">\ud83d\udebf Bateria natryskowa DEANTE FLOKS (BCF_040M)<\/h3>\n<p data-start=\"51\" data-end=\"346\">Bateria natryskowa <strong data-start=\"70\" data-end=\"86\">Deante Floks<\/strong> to nowoczesne i funkcjonalne rozwi\u0105zanie do kabin prysznicowych, idealne do monta\u017cu wisz\u0105cego. Jednouchwytowy mieszacz z ceramiczn\u0105 g\u0142owic\u0105 zapewnia precyzyjn\u0105 regulacj\u0119 temperatury i strumienia wody, a klasyczny chromowany design pasuje do ka\u017cdej \u0142azienki.<\/p>\n<h2 data-start=\"348\" data-end=\"393\"><strong>\u2705 Najwa\u017cniejsze zalety\u00a0<\/strong><\/h2>\n<ul data-start=\"394\" data-end=\"820\">\n<li data-start=\"394\" data-end=\"462\">\n<p data-start=\"396\" data-end=\"462\"><strong data-start=\"396\" data-end=\"423\">jednouchwytowy mieszacz<\/strong> \u2013 \u0142atwa i precyzyjna regulacja wody,<\/p>\n<\/li>\n<li data-start=\"463\" data-end=\"532\">\n<p data-start=\"465\" data-end=\"532\"><strong data-start=\"465\" data-end=\"493\">ceramiczna g\u0142owica 35 mm<\/strong> \u2013 trwa\u0142o\u015b\u0107 i niezawodno\u015b\u0107 dzia\u0142ania,<\/p>\n<\/li>\n<li data-start=\"533\" data-end=\"606\">\n<p data-start=\"535\" data-end=\"606\"><strong data-start=\"535\" data-end=\"558\">niski przep\u0142yw wody<\/strong> \u2013 klasa S (&lt;19,8 l\/min) zapewnia oszcz\u0119dno\u015b\u0107,<\/p>\n<\/li>\n<li data-start=\"607\" data-end=\"652\">\n<p data-start=\"609\" data-end=\"652\"><strong data-start=\"609\" data-end=\"624\">cicha praca<\/strong> \u2013 grupa akustyczna 20 dB,<\/p>\n<\/li>\n<li data-start=\"653\" data-end=\"755\">\n<p data-start=\"655\" data-end=\"755\"><strong data-start=\"655\" data-end=\"676\">solidne wykonanie<\/strong> \u2013 chromowane wyko\u0144czenie gwarantuje estetyk\u0119 i \u0142atwo\u015b\u0107 utrzymania czysto\u015bci,<\/p>\n<\/li>\n<li data-start=\"756\" data-end=\"820\">\n<p data-start=\"758\" data-end=\"820\"><strong data-start=\"758\" data-end=\"776\">produkt polski<\/strong> \u2013 wysoka jako\u015b\u0107 wykonania i niezawodno\u015b\u0107.<\/p>\n<\/li>\n<\/ul>\n<h2 data-start=\"822\" data-end=\"842\"><strong>\ud83d\udd27 Dane techniczne<\/strong><\/h2>\n<ul data-start=\"843\" data-end=\"1210\">\n<li data-start=\"843\" data-end=\"888\">\n<p data-start=\"845\" data-end=\"888\">typ baterii: <strong data-start=\"858\" data-end=\"885\">natryskowa, mieszaczowa<\/strong>,<\/p>\n<\/li>\n<li data-start=\"889\" data-end=\"924\">\n<p data-start=\"891\" data-end=\"924\">liczba uchwyt\u00f3w: <strong data-start=\"908\" data-end=\"921\">1 (patyk)<\/strong>,<\/p>\n<\/li>\n<li data-start=\"925\" data-end=\"954\">\n<p data-start=\"927\" data-end=\"954\">liczba wyj\u015b\u0107 wody: <strong data-start=\"946\" data-end=\"951\">1<\/strong>,<\/p>\n<\/li>\n<li data-start=\"955\" data-end=\"976\">\n<p data-start=\"957\" data-end=\"976\">gwint: <strong data-start=\"964\" data-end=\"973\">G 1\/2<\/strong>,<\/p>\n<\/li>\n<li data-start=\"977\" data-end=\"1012\">\n<p data-start=\"979\" data-end=\"1012\">g\u0142owica: <strong data-start=\"988\" data-end=\"1009\">ceramiczna, 35 mm<\/strong>,<\/p>\n<\/li>\n<li data-start=\"1013\" data-end=\"1054\">\n<p data-start=\"1015\" data-end=\"1054\">klasa przep\u0142ywu: <strong data-start=\"1032\" data-end=\"1051\">S (&lt;19,8 l\/min)<\/strong>,<\/p>\n<\/li>\n<li data-start=\"1055\" data-end=\"1087\">\n<p data-start=\"1057\" data-end=\"1087\">grupa akustyczna: <strong data-start=\"1075\" data-end=\"1084\">20 dB<\/strong>,<\/p>\n<\/li>\n<li data-start=\"1088\" data-end=\"1126\">\n<p data-start=\"1090\" data-end=\"1126\">wyko\u0144czenie: <strong data-start=\"1103\" data-end=\"1123\">chrom b\u0142yszcz\u0105cy<\/strong>,<\/p>\n<\/li>\n<li data-start=\"1127\" data-end=\"1159\">\n<p data-start=\"1129\" data-end=\"1159\">zestaw natryskowy: <strong data-start=\"1148\" data-end=\"1156\">brak<\/strong>,<\/p>\n<\/li>\n<li data-start=\"1160\" data-end=\"1184\">\n<p data-start=\"1162\" data-end=\"1184\">monta\u017c: <strong data-start=\"1170\" data-end=\"1181\">wisz\u0105cy<\/strong>,<\/p>\n<\/li>\n<li data-start=\"1185\" data-end=\"1210\">\n<p data-start=\"1187\" data-end=\"1210\">kszta\u0142t: <strong data-start=\"1196\" data-end=\"1207\">okr\u0105g\u0142y<\/strong>.<\/p>\n<\/li>\n<\/ul>\n<p data-start=\"1212\" data-end=\"1467\">\ud83c\uddf5\ud83c\uddf1 Polska marka Deante<br data-start=\"1236\" data-end=\"1239\" \/><strong data-start=\"1239\" data-end=\"1249\">Deante<\/strong> to polski producent armatury \u0142azienkowej, kt\u00f3ry \u0142\u0105czy nowoczesny design z wysok\u0105 funkcjonalno\u015bci\u0105 i trwa\u0142o\u015bci\u0105. Bateria Floks zapewnia komfort codziennego u\u017cytkowania przy zachowaniu oszcz\u0119dno\u015bci i estetyki wn\u0119trza.<\/p>\n","protected":false},"excerpt":{"rendered":"<p><strong>Bateria natryskowa DEANTE Floks (BCF_040M) to eleganckie rozwi\u0105zanie do kabin prysznicowych z jednouchwytowym mieszaczem i ceramiczn\u0105 g\u0142owic\u0105. Chromowane wyko\u0144czenie i niski przep\u0142yw wody gwarantuj\u0105 trwa\u0142o\u015b\u0107, oszcz\u0119dno\u015b\u0107 i komfort u\u017cytkowania.<\/strong><\/p>\n","protected":false},"featured_media":8086,"template":"","meta":{"_kad_blocks_custom_css":"","_kad_blocks_head_custom_js":"","_kad_blocks_body_custom_js":"","_kad_blocks_footer_custom_js":"","_kad_post_transparent":"default","_kad_post_title":"","_kad_post_layout":"default","_kad_post_sidebar_id":"","_kad_post_content_style":"default","_kad_post_vertical_padding":"default","_kad_post_feature":"","_kad_post_feature_position":"","_kad_post_header":false,"_kad_post_footer":false,"_kad_post_classname":""},"product_brand":[447],"product_cat":[291],"product_tag":[],"class_list":{"0":"post-8084","1":"product","2":"type-product","3":"status-publish","4":"has-post-thumbnail","6":"product_brand-deante","7":"product_cat-wyprzedaz","8":"product_shipping_class-drobnica","10":"first","11":"instock","12":"taxable","13":"shipping-taxable","14":"purchasable","15":"product-type-simple","16":"entry","17":"content-bg","18":"loop-entry"},"taxonomy_info":{"product_brand":[{"value":447,"label":"Deante"}],"product_cat":[{"value":291,"label":"Wyprzeda\u017c"}]},"featured_image_src_large":["https:\/\/e-systemygrzewcze.eu\/sklep\/wp-content\/uploads\/2025\/12\/Nowy-projekt-2025-12-18T122123.298.jpg",510,587,false],"author_info":[],"comment_info":"","_links":{"self":[{"href":"https:\/\/e-systemygrzewcze.eu\/sklep\/wp-json\/wp\/v2\/product\/8084","targetHints":{"allow":["GET"]}}],"collection":[{"href":"https:\/\/e-systemygrzewcze.eu\/sklep\/wp-json\/wp\/v2\/product"}],"about":[{"href":"https:\/\/e-systemygrzewcze.eu\/sklep\/wp-json\/wp\/v2\/types\/product"}],"wp:featuredmedia":[{"embeddable":true,"href":"https:\/\/e-systemygrzewcze.eu\/sklep\/wp-json\/wp\/v2\/media\/8086"}],"wp:attachment":[{"href":"https:\/\/e-systemygrzewcze.eu\/sklep\/wp-json\/wp\/v2\/media?parent=8084"}],"wp:term":[{"taxonomy":"product_brand","embeddable":true,"href":"https:\/\/e-systemygrzewcze.eu\/sklep\/wp-json\/wp\/v2\/product_brand?post=8084"},{"taxonomy":"product_cat","embeddable":true,"href":"https:\/\/e-systemygrzewcze.eu\/sklep\/wp-json\/wp\/v2\/product_cat?post=8084"},{"taxonomy":"product_tag","embeddable":true,"href":"https:\/\/e-systemygrzewcze.eu\/sklep\/wp-json\/wp\/v2\/product_tag?post=8084"}],"curies":[{"name":"wp","href":"https:\/\/api.w.org\/{rel}","templated":true}]}}