{"id":8075,"date":"2025-12-18T10:44:53","date_gmt":"2025-12-18T10:44:53","guid":{"rendered":"https:\/\/e-systemygrzewcze.eu\/sklep\/produkt\/deante-aster-bateria-kuchenna-stojaca-z-wyciagana-wylewka-bca_072m\/"},"modified":"2026-04-08T08:00:59","modified_gmt":"2026-04-08T08:00:59","slug":"deante-aster-bateria-kuchenna-stojaca-z-wyciagana-wylewka-bca_072m","status":"publish","type":"product","link":"https:\/\/e-systemygrzewcze.eu\/sklep\/produkt\/deante-aster-bateria-kuchenna-stojaca-z-wyciagana-wylewka-bca_072m\/","title":{"rendered":"DEANTE ASTER Bateria kuchenna stoj\u0105ca z wyci\u0105gan\u0105 wylewka (BCA_072M)"},"content":{"rendered":"<h2 style=\"text-align: center;\" data-start=\"0\" data-end=\"73\">! TOWAR POWYSTAWOWY !<\/h2>\n<h3 data-start=\"0\" data-end=\"75\">\ud83d\udeb0 Bateria kuchenna stoj\u0105ca DEANTE ASTER z wyci\u0105gan\u0105 wylewk\u0105 (BCA_072M)<\/h3>\n<p data-start=\"77\" data-end=\"372\">Bateria kuchenna stoj\u0105ca <strong data-start=\"102\" data-end=\"118\">Deante Aster<\/strong> z wyci\u0105gan\u0105 wylewk\u0105 U to funkcjonalne i eleganckie rozwi\u0105zanie do ka\u017cdej kuchni. Wysoka konstrukcja (416 mm) i wyci\u0105gana wylewka pozwalaj\u0105 na wygodne mycie du\u017cych naczy\u0144 oraz precyzyjne kierowanie strumieniem wody, u\u0142atwiaj\u0105c codzienne prace kuchenne.<\/p>\n<h2 data-start=\"374\" data-end=\"419\"><strong>\u2705 Najwa\u017cniejsze zalety\u00a0<\/strong><\/h2>\n<ul data-start=\"420\" data-end=\"873\">\n<li data-start=\"420\" data-end=\"509\">\n<p data-start=\"422\" data-end=\"509\"><strong data-start=\"422\" data-end=\"445\">wyci\u0105gana wylewka U<\/strong> \u2013 komfortowe zmywanie i dost\u0119p do trudniej dost\u0119pnych miejsc,<\/p>\n<\/li>\n<li data-start=\"510\" data-end=\"608\">\n<p data-start=\"512\" data-end=\"608\"><strong data-start=\"512\" data-end=\"539\">jednouchwytowy mieszacz<\/strong> \u2013 \u0142atwa regulacja temperatury i strumienia wody, oszcz\u0119dno\u015b\u0107 wody,<\/p>\n<\/li>\n<li data-start=\"609\" data-end=\"720\">\n<p data-start=\"611\" data-end=\"720\"><strong data-start=\"611\" data-end=\"638\">wysoka jako\u015b\u0107 wykonania<\/strong> \u2013 mosi\u0105dz M059 z wysok\u0105 zawarto\u015bci\u0105 miedzi zapewnia trwa\u0142o\u015b\u0107 i d\u0142ug\u0105 \u017cywotno\u015b\u0107,<\/p>\n<\/li>\n<li data-start=\"721\" data-end=\"796\">\n<p data-start=\"723\" data-end=\"796\"><strong data-start=\"723\" data-end=\"744\">estetyczny design<\/strong> \u2013 nowoczesny wygl\u0105d, kt\u00f3ry podkre\u015bla styl kuchni,<\/p>\n<\/li>\n<li data-start=\"797\" data-end=\"873\">\n<p data-start=\"799\" data-end=\"873\"><strong data-start=\"799\" data-end=\"831\">du\u017cy zasi\u0119g wylewki (223 mm)<\/strong> \u2013 wygoda podczas codziennego u\u017cytkowania.<\/p>\n<\/li>\n<\/ul>\n<h2 data-start=\"875\" data-end=\"895\">\ud83d\udd27<strong> Dane techniczne<\/strong><\/h2>\n<ul data-start=\"896\" data-end=\"1135\">\n<li data-start=\"896\" data-end=\"925\">\n<p data-start=\"898\" data-end=\"925\">typ baterii: <strong data-start=\"911\" data-end=\"922\">stoj\u0105ca<\/strong>,<\/p>\n<\/li>\n<li data-start=\"926\" data-end=\"964\">\n<p data-start=\"928\" data-end=\"964\">typ mieszacza: <strong data-start=\"943\" data-end=\"961\">jednouchwytowa<\/strong>,<\/p>\n<\/li>\n<li data-start=\"965\" data-end=\"998\">\n<p data-start=\"967\" data-end=\"998\">wysoko\u015b\u0107 korpusu: <strong data-start=\"985\" data-end=\"995\">416 mm<\/strong>,<\/p>\n<\/li>\n<li data-start=\"999\" data-end=\"1030\">\n<p data-start=\"1001\" data-end=\"1030\">zasi\u0119g wylewki: <strong data-start=\"1017\" data-end=\"1027\">223 mm<\/strong>,<\/p>\n<\/li>\n<li data-start=\"1031\" data-end=\"1054\">\n<p data-start=\"1033\" data-end=\"1054\">g\u0142owica: <strong data-start=\"1042\" data-end=\"1051\">35 mm<\/strong>,<\/p>\n<\/li>\n<li data-start=\"1055\" data-end=\"1103\">\n<p data-start=\"1057\" data-end=\"1103\">d\u0142ugo\u015b\u0107 w\u0119\u017cyk\u00f3w przy\u0142\u0105czeniowych: <strong data-start=\"1091\" data-end=\"1100\">45 cm<\/strong>,<\/p>\n<\/li>\n<li data-start=\"1104\" data-end=\"1135\">\n<p data-start=\"1106\" data-end=\"1135\">wyci\u0105gana wylewka: <strong data-start=\"1125\" data-end=\"1132\">tak<\/strong>.<\/p>\n<\/li>\n<\/ul>\n<p data-start=\"1137\" data-end=\"1379\">\ud83c\uddf5\ud83c\uddf1 Polska marka Deante<br data-start=\"1161\" data-end=\"1164\" \/><strong data-start=\"1164\" data-end=\"1174\">Deante<\/strong> to renomowana polska marka armatury, znana z wysokiej jako\u015bci materia\u0142\u00f3w, funkcjonalnego wzornictwa i trwa\u0142o\u015bci. Bateria Aster \u0142\u0105czy elegancj\u0119 z praktyczno\u015bci\u0105, podnosz\u0105c komfort i estetyk\u0119 ka\u017cdej kuchni.<\/p>\n","protected":false},"excerpt":{"rendered":"<p><strong>Stoj\u0105ca bateria kuchenna DEANTE Aster (BCA_072M) z wyci\u0105gan\u0105 wylewk\u0105 U \u0142\u0105czy elegancki design z wygod\u0105 codziennego u\u017cytkowania. Jednouchwytowy mieszacz i du\u017cy zasi\u0119g wylewki umo\u017cliwiaj\u0105 precyzyjne mycie naczy\u0144 i komfortow\u0105 obs\u0142ug\u0119 w kuchni.<\/strong><\/p>\n","protected":false},"featured_media":8076,"template":"","meta":{"_kad_blocks_custom_css":"","_kad_blocks_head_custom_js":"","_kad_blocks_body_custom_js":"","_kad_blocks_footer_custom_js":"","_kad_post_transparent":"default","_kad_post_title":"","_kad_post_layout":"default","_kad_post_sidebar_id":"","_kad_post_content_style":"default","_kad_post_vertical_padding":"default","_kad_post_feature":"","_kad_post_feature_position":"","_kad_post_header":false,"_kad_post_footer":false,"_kad_post_classname":""},"product_brand":[447],"product_cat":[291],"product_tag":[],"class_list":{"0":"post-8075","1":"product","2":"type-product","3":"status-publish","4":"has-post-thumbnail","6":"product_brand-deante","7":"product_cat-wyprzedaz","8":"product_shipping_class-drobnica","10":"first","11":"instock","12":"taxable","13":"shipping-taxable","14":"purchasable","15":"product-type-simple","16":"entry","17":"content-bg","18":"loop-entry"},"taxonomy_info":{"product_brand":[{"value":447,"label":"Deante"}],"product_cat":[{"value":291,"label":"Wyprzeda\u017c"}]},"featured_image_src_large":["https:\/\/e-systemygrzewcze.eu\/sklep\/wp-content\/uploads\/2025\/12\/Nowy-projekt-2025-12-18T113327.240.jpg",510,587,false],"author_info":[],"comment_info":"","_links":{"self":[{"href":"https:\/\/e-systemygrzewcze.eu\/sklep\/wp-json\/wp\/v2\/product\/8075","targetHints":{"allow":["GET"]}}],"collection":[{"href":"https:\/\/e-systemygrzewcze.eu\/sklep\/wp-json\/wp\/v2\/product"}],"about":[{"href":"https:\/\/e-systemygrzewcze.eu\/sklep\/wp-json\/wp\/v2\/types\/product"}],"wp:featuredmedia":[{"embeddable":true,"href":"https:\/\/e-systemygrzewcze.eu\/sklep\/wp-json\/wp\/v2\/media\/8076"}],"wp:attachment":[{"href":"https:\/\/e-systemygrzewcze.eu\/sklep\/wp-json\/wp\/v2\/media?parent=8075"}],"wp:term":[{"taxonomy":"product_brand","embeddable":true,"href":"https:\/\/e-systemygrzewcze.eu\/sklep\/wp-json\/wp\/v2\/product_brand?post=8075"},{"taxonomy":"product_cat","embeddable":true,"href":"https:\/\/e-systemygrzewcze.eu\/sklep\/wp-json\/wp\/v2\/product_cat?post=8075"},{"taxonomy":"product_tag","embeddable":true,"href":"https:\/\/e-systemygrzewcze.eu\/sklep\/wp-json\/wp\/v2\/product_tag?post=8075"}],"curies":[{"name":"wp","href":"https:\/\/api.w.org\/{rel}","templated":true}]}}