{"id":8069,"date":"2025-12-18T10:16:04","date_gmt":"2025-12-18T10:16:04","guid":{"rendered":"https:\/\/e-systemygrzewcze.eu\/sklep\/produkt\/deante-floks-bateria-wannowa-scienna-bcf_010m\/"},"modified":"2026-04-08T08:07:42","modified_gmt":"2026-04-08T08:07:42","slug":"deante-floks-bateria-wannowa-scienna-bcf_010m","status":"publish","type":"product","link":"https:\/\/e-systemygrzewcze.eu\/sklep\/produkt\/deante-floks-bateria-wannowa-scienna-bcf_010m\/","title":{"rendered":"DEANTE FLOKS Bateria wannowa \u015bcienna (BCF_010M)"},"content":{"rendered":"<div class=\"text-base my-auto mx-auto pb-10 [--thread-content-margin:--spacing(4)] @w-sm\/main:[--thread-content-margin:--spacing(6)] @w-lg\/main:[--thread-content-margin:--spacing(16)] px-(--thread-content-margin)\">\n<div class=\"[--thread-content-max-width:40rem] @w-lg\/main:[--thread-content-max-width:48rem] mx-auto max-w-(--thread-content-max-width) flex-1 group\/turn-messages focus-visible:outline-hidden relative flex w-full min-w-0 flex-col agent-turn\" tabindex=\"-1\">\n<div class=\"flex max-w-full flex-col grow\">\n<div class=\"min-h-8 text-message relative flex w-full flex-col items-end gap-2 text-start break-words whitespace-normal [.text-message+&amp;]:mt-1\" dir=\"auto\" data-message-author-role=\"assistant\" data-message-id=\"0d507e79-6599-4247-bdee-d3f98bd63171\" data-message-model-slug=\"gpt-5-2\">\n<div class=\"flex w-full flex-col gap-1 empty:hidden first:pt-[1px]\">\n<div class=\"markdown prose dark:prose-invert w-full break-words dark markdown-new-styling\">\n<h2 style=\"text-align: center;\" data-start=\"0\" data-end=\"73\">! TOWAR POWYSTAWOWY !<\/h2>\n<h2 data-start=\"0\" data-end=\"54\">\ud83d\udebf Bateria wannowa \u015bcienna DEANTE FLOKS (BCF_010M)<\/h2>\n<p data-start=\"56\" data-end=\"384\">Bateria wannowa \u015bcienna <strong data-start=\"80\" data-end=\"96\">Deante Floks<\/strong> to funkcjonalne i estetyczne rozwi\u0105zanie do nowoczesnych oraz klasycznych \u0142azienek. Jednouchwytowa konstrukcja zapewnia wygodn\u0105 i precyzyjn\u0105 regulacj\u0119 temperatury oraz strumienia wody, a monta\u017c \u015bcienny sprawia, \u017ce bateria doskonale sprawdzi si\u0119 przy standardowych instalacjach wannowych.<\/p>\n<p data-start=\"386\" data-end=\"542\">Dzi\u0119ki solidnemu wykonaniu i zastosowaniu sprawdzonych rozwi\u0105za\u0144 technicznych, model Floks gwarantuje niezawodn\u0105 prac\u0119 oraz komfort codziennego u\u017cytkowania.<\/p>\n<h2 data-start=\"544\" data-end=\"587\">\u2705<strong> Najwa\u017cniejsze zalety\u00a0<\/strong><\/h2>\n<ul data-start=\"588\" data-end=\"1058\">\n<li data-start=\"588\" data-end=\"664\">\n<p data-start=\"590\" data-end=\"664\"><strong data-start=\"590\" data-end=\"617\">jednouchwytowy mieszacz<\/strong> \u2013 \u0142atwa i szybka regulacja temperatury wody,<\/p>\n<\/li>\n<li data-start=\"665\" data-end=\"777\">\n<p data-start=\"667\" data-end=\"777\"><strong data-start=\"667\" data-end=\"690\">aerator w komplecie<\/strong> \u2013 napowietrzony strumie\u0144 wody zwi\u0119ksza komfort u\u017cytkowania i ogranicza zu\u017cycie wody,<\/p>\n<\/li>\n<li data-start=\"778\" data-end=\"881\">\n<p data-start=\"780\" data-end=\"881\"><strong data-start=\"780\" data-end=\"827\">automatyczny prze\u0142\u0105cznik natrysku z blokad\u0105<\/strong> \u2013 wygodne prze\u0142\u0105czanie mi\u0119dzy wylewk\u0105 a natryskiem,<\/p>\n<\/li>\n<li data-start=\"882\" data-end=\"961\">\n<p data-start=\"884\" data-end=\"961\"><strong data-start=\"884\" data-end=\"908\">wysoka kultura pracy<\/strong> \u2013 klasa akustyczna I zapewnia cich\u0105 prac\u0119 baterii,<\/p>\n<\/li>\n<li data-start=\"962\" data-end=\"1058\">\n<p data-start=\"964\" data-end=\"1058\"><strong data-start=\"964\" data-end=\"985\">stabilny przep\u0142yw<\/strong> \u2013 klasa przep\u0142ywu S (15\u201319,8 l\/min) odpowiednia do instalacji wannowych.<\/p>\n<\/li>\n<\/ul>\n<h2 data-start=\"1060\" data-end=\"1078\">\ud83d\udd27<strong> Dane techniczne<\/strong><\/h2>\n<ul data-start=\"1079\" data-end=\"1396\">\n<li data-start=\"1079\" data-end=\"1117\">\n<p data-start=\"1081\" data-end=\"1117\">typ baterii: <strong data-start=\"1094\" data-end=\"1114\">wannowa, \u015bcienna<\/strong>,<\/p>\n<\/li>\n<li data-start=\"1118\" data-end=\"1156\">\n<p data-start=\"1120\" data-end=\"1156\">typ mieszacza: <strong data-start=\"1135\" data-end=\"1153\">jednouchwytowa<\/strong>,<\/p>\n<\/li>\n<li data-start=\"1157\" data-end=\"1188\">\n<p data-start=\"1159\" data-end=\"1188\">zasi\u0119g wylewki: <strong data-start=\"1175\" data-end=\"1185\">143 mm<\/strong>,<\/p>\n<\/li>\n<li data-start=\"1189\" data-end=\"1221\">\n<p data-start=\"1191\" data-end=\"1221\">\u015brednica g\u0142owicy: <strong data-start=\"1209\" data-end=\"1218\">35 mm<\/strong>,<\/p>\n<\/li>\n<li data-start=\"1222\" data-end=\"1265\">\n<p data-start=\"1224\" data-end=\"1265\">klasa przep\u0142ywu: <strong data-start=\"1241\" data-end=\"1262\">S (15\u201319,8 l\/min)<\/strong>,<\/p>\n<\/li>\n<li data-start=\"1266\" data-end=\"1294\">\n<p data-start=\"1268\" data-end=\"1294\">grupa akustyczna: <strong data-start=\"1286\" data-end=\"1291\">I<\/strong>,<\/p>\n<\/li>\n<li data-start=\"1295\" data-end=\"1353\">\n<p data-start=\"1297\" data-end=\"1353\">typ prze\u0142\u0105cznika natrysku: <strong data-start=\"1324\" data-end=\"1350\">automatyczny z blokad\u0105<\/strong>,<\/p>\n<\/li>\n<li data-start=\"1354\" data-end=\"1396\">\n<p data-start=\"1356\" data-end=\"1396\">zestaw natryskowy: <strong data-start=\"1375\" data-end=\"1395\">brak w komplecie<\/strong>.<\/p>\n<\/li>\n<\/ul>\n<p data-start=\"1398\" data-end=\"1733\">\u00a0Polska marka Deante<br data-start=\"1422\" data-end=\"1425\" \/><strong data-start=\"1425\" data-end=\"1435\">Deante<\/strong> to renomowana polska marka armatury \u0142azienkowej, znana z wysokiej jako\u015bci wykonania, trwa\u0142ych komponent\u00f3w oraz nowoczesnego wzornictwa. Bateria wannowa Floks zosta\u0142a zaprojektowana z my\u015bl\u0105 o d\u0142ugiej i bezproblemowej eksploatacji, spe\u0142niaj\u0105c oczekiwania nawet najbardziej wymagaj\u0105cych u\u017cytkownik\u00f3w.<\/p>\n<p data-start=\"1735\" data-end=\"1847\" data-is-last-node=\"\" data-is-only-node=\"\">Idealny wyb\u00f3r dla os\u00f3b poszukuj\u0105cych <strong data-start=\"1772\" data-end=\"1830\">solidnej, estetycznej i funkcjonalnej baterii wannowej<\/strong> do swojego domu.<\/p>\n<\/div>\n<\/div>\n<\/div>\n<\/div>\n<\/div>\n<\/div>\n","protected":false},"excerpt":{"rendered":"<p><strong>Bateria wannowa \u015bcienna DEANTE Floks (BCF_010M) to funkcjonalne i eleganckie rozwi\u0105zanie do ka\u017cdej \u0142azienki, zapewniaj\u0105ce precyzyjn\u0105 regulacj\u0119 wody dzi\u0119ki jednouchwytowemu mieszaczowi. Wyposa\u017cona w aerator napowietrzaj\u0105cy strumie\u0144 oraz automatyczny prze\u0142\u0105cznik natrysku, gwarantuje komfort i oszcz\u0119dno\u015b\u0107 wody.<\/strong><\/p>\n","protected":false},"featured_media":8070,"template":"","meta":{"_kad_blocks_custom_css":"","_kad_blocks_head_custom_js":"","_kad_blocks_body_custom_js":"","_kad_blocks_footer_custom_js":"","_kad_post_transparent":"default","_kad_post_title":"","_kad_post_layout":"default","_kad_post_sidebar_id":"","_kad_post_content_style":"default","_kad_post_vertical_padding":"default","_kad_post_feature":"","_kad_post_feature_position":"","_kad_post_header":false,"_kad_post_footer":false,"_kad_post_classname":""},"product_brand":[447],"product_cat":[291],"product_tag":[],"class_list":{"0":"post-8069","1":"product","2":"type-product","3":"status-publish","4":"has-post-thumbnail","6":"product_brand-deante","7":"product_cat-wyprzedaz","8":"product_shipping_class-drobnica","10":"first","11":"instock","12":"taxable","13":"shipping-taxable","14":"purchasable","15":"product-type-simple","16":"entry","17":"content-bg","18":"loop-entry"},"taxonomy_info":{"product_brand":[{"value":447,"label":"Deante"}],"product_cat":[{"value":291,"label":"Wyprzeda\u017c"}]},"featured_image_src_large":["https:\/\/e-systemygrzewcze.eu\/sklep\/wp-content\/uploads\/2025\/12\/Nowy-projekt-2025-12-18T111642.638.jpg",510,587,false],"author_info":[],"comment_info":"","_links":{"self":[{"href":"https:\/\/e-systemygrzewcze.eu\/sklep\/wp-json\/wp\/v2\/product\/8069","targetHints":{"allow":["GET"]}}],"collection":[{"href":"https:\/\/e-systemygrzewcze.eu\/sklep\/wp-json\/wp\/v2\/product"}],"about":[{"href":"https:\/\/e-systemygrzewcze.eu\/sklep\/wp-json\/wp\/v2\/types\/product"}],"wp:featuredmedia":[{"embeddable":true,"href":"https:\/\/e-systemygrzewcze.eu\/sklep\/wp-json\/wp\/v2\/media\/8070"}],"wp:attachment":[{"href":"https:\/\/e-systemygrzewcze.eu\/sklep\/wp-json\/wp\/v2\/media?parent=8069"}],"wp:term":[{"taxonomy":"product_brand","embeddable":true,"href":"https:\/\/e-systemygrzewcze.eu\/sklep\/wp-json\/wp\/v2\/product_brand?post=8069"},{"taxonomy":"product_cat","embeddable":true,"href":"https:\/\/e-systemygrzewcze.eu\/sklep\/wp-json\/wp\/v2\/product_cat?post=8069"},{"taxonomy":"product_tag","embeddable":true,"href":"https:\/\/e-systemygrzewcze.eu\/sklep\/wp-json\/wp\/v2\/product_tag?post=8069"}],"curies":[{"name":"wp","href":"https:\/\/api.w.org\/{rel}","templated":true}]}}