{"id":8062,"date":"2025-12-18T09:45:47","date_gmt":"2025-12-18T09:45:47","guid":{"rendered":"https:\/\/e-systemygrzewcze.eu\/sklep\/produkt\/deante-peonia-umywalka-klasyczna-56x50-cm-cde-6u5w\/"},"modified":"2026-04-08T08:07:29","modified_gmt":"2026-04-08T08:07:29","slug":"deante-peonia-umywalka-klasyczna-56x50-cm-cde-6u5w","status":"publish","type":"product","link":"https:\/\/e-systemygrzewcze.eu\/sklep\/produkt\/deante-peonia-umywalka-klasyczna-56x50-cm-cde-6u5w\/","title":{"rendered":"DEANTE PEONIA Umywalka klasyczna 56&#215;50 cm (CDE 6U5W)"},"content":{"rendered":"<h2 style=\"text-align: center;\" data-start=\"0\" data-end=\"73\">! TOWAR POWYSTAWOWY !<\/h2>\n<h2 data-start=\"135\" data-end=\"205\">\ud83d\udebf <strong data-start=\"141\" data-end=\"205\">DEANTE PEONIA \u2013 umywalka klasyczna 56,5 \u00d7 50,6 cm (CDE 6U5W)<\/strong><\/h2>\n<p data-start=\"207\" data-end=\"480\">Umywalka <strong data-start=\"216\" data-end=\"233\">Deante Peonia<\/strong> to klasyczne i ponadczasowe rozwi\u0105zanie do \u0142azienek urz\u0105dzonych w tradycyjnym lub uniwersalnym stylu. Delikatnie <strong data-start=\"347\" data-end=\"370\">zaokr\u0105glony kszta\u0142t<\/strong> oraz bia\u0142a ceramika wysokiej jako\u015bci sprawiaj\u0105, \u017ce model ten doskonale komponuje si\u0119 z wi\u0119kszo\u015bci\u0105 aran\u017cacji.<\/p>\n<hr data-start=\"482\" data-end=\"485\" \/>\n<h2 data-start=\"487\" data-end=\"517\"><strong data-start=\"493\" data-end=\"517\">Materia\u0142 i wykonanie<\/strong><\/h2>\n<ul data-start=\"519\" data-end=\"761\">\n<li data-start=\"519\" data-end=\"563\">\n<p data-start=\"521\" data-end=\"563\">Wykonana z <strong data-start=\"532\" data-end=\"563\">ceramiki najwy\u017cszej jako\u015bci<\/strong><\/p>\n<\/li>\n<li data-start=\"564\" data-end=\"627\">\n<p data-start=\"566\" data-end=\"627\">Trwa\u0142a, odporna na zarysowania i \u0142atwa w utrzymaniu czysto\u015bci<\/p>\n<\/li>\n<li data-start=\"628\" data-end=\"685\">\n<p data-start=\"630\" data-end=\"685\">Zachowuje estetyczny wygl\u0105d przez wiele lat u\u017cytkowania<\/p>\n<\/li>\n<li data-start=\"686\" data-end=\"761\">\n<p data-start=\"688\" data-end=\"761\"><strong data-start=\"688\" data-end=\"722\">10-letnia gwarancja producenta<\/strong> potwierdzaj\u0105ca wysok\u0105 jako\u015b\u0107 wykonania<\/p>\n<\/li>\n<\/ul>\n<hr data-start=\"763\" data-end=\"766\" \/>\n<h2 data-start=\"768\" data-end=\"792\">\u2699\ufe0f <strong data-start=\"774\" data-end=\"792\">Funkcjonalno\u015b\u0107<\/strong><\/h2>\n<ul data-start=\"794\" data-end=\"977\">\n<li data-start=\"794\" data-end=\"843\">\n<p data-start=\"796\" data-end=\"843\"><strong data-start=\"796\" data-end=\"816\">Otw\u00f3r na bateri\u0119<\/strong> \u2013 umieszczony centralnie<\/p>\n<\/li>\n<li data-start=\"844\" data-end=\"906\">\n<p data-start=\"846\" data-end=\"906\"><strong data-start=\"846\" data-end=\"866\">Otw\u00f3r przelewowy<\/strong> \u2013 zwi\u0119ksza bezpiecze\u0144stwo u\u017cytkowania<\/p>\n<\/li>\n<li data-start=\"907\" data-end=\"977\">\n<p data-start=\"909\" data-end=\"977\">Konstrukcja przystosowana do codziennego, intensywnego u\u017cytkowania<\/p>\n<\/li>\n<\/ul>\n<hr data-start=\"979\" data-end=\"982\" \/>\n<h2 data-start=\"984\" data-end=\"1009\">\ud83d\udcd0 <strong data-start=\"990\" data-end=\"1009\">Dane techniczne<\/strong><\/h2>\n<ul data-start=\"1011\" data-end=\"1216\">\n<li data-start=\"1011\" data-end=\"1028\">\n<p data-start=\"1013\" data-end=\"1028\">Typ: umywalka<\/p>\n<\/li>\n<li data-start=\"1029\" data-end=\"1046\">\n<p data-start=\"1031\" data-end=\"1046\">Seria: Peonia<\/p>\n<\/li>\n<li data-start=\"1047\" data-end=\"1063\">\n<p data-start=\"1049\" data-end=\"1063\">Kolor: bia\u0142y<\/p>\n<\/li>\n<li data-start=\"1064\" data-end=\"1083\">\n<p data-start=\"1066\" data-end=\"1083\">Monta\u017c: wisz\u0105cy<\/p>\n<\/li>\n<li data-start=\"1084\" data-end=\"1106\">\n<p data-start=\"1086\" data-end=\"1106\">Materia\u0142: ceramika<\/p>\n<\/li>\n<li data-start=\"1107\" data-end=\"1131\">\n<p data-start=\"1109\" data-end=\"1131\">Kszta\u0142t: zaokr\u0105glony<\/p>\n<\/li>\n<li data-start=\"1132\" data-end=\"1153\">\n<p data-start=\"1134\" data-end=\"1153\">Rodzaj: klasyczna<\/p>\n<\/li>\n<li data-start=\"1154\" data-end=\"1190\">\n<p data-start=\"1156\" data-end=\"1190\">Otw\u00f3r na bateri\u0119: tak, na \u015brodku<\/p>\n<\/li>\n<li data-start=\"1191\" data-end=\"1216\">\n<p data-start=\"1193\" data-end=\"1216\">Otw\u00f3r przelewowy: tak<\/p>\n<\/li>\n<\/ul>\n<p data-start=\"1218\" data-end=\"1230\"><strong data-start=\"1218\" data-end=\"1230\">Wymiary:<\/strong><\/p>\n<ul data-start=\"1231\" data-end=\"1295\">\n<li data-start=\"1231\" data-end=\"1252\">\n<p data-start=\"1233\" data-end=\"1252\">Szeroko\u015b\u0107: 565 mm<\/p>\n<\/li>\n<li data-start=\"1253\" data-end=\"1274\">\n<p data-start=\"1255\" data-end=\"1274\">G\u0142\u0119boko\u015b\u0107: 506 mm<\/p>\n<\/li>\n<li data-start=\"1275\" data-end=\"1295\">\n<p data-start=\"1277\" data-end=\"1295\">Wysoko\u015b\u0107: 203 mm<\/p>\n<\/li>\n<\/ul>\n<hr data-start=\"1297\" data-end=\"1300\" \/>\n<h2 data-start=\"1302\" data-end=\"1324\">\ud83d\udec1 <strong data-start=\"1308\" data-end=\"1324\">Zastosowanie<\/strong><\/h2>\n<ul data-start=\"1326\" data-end=\"1466\">\n<li data-start=\"1326\" data-end=\"1345\">\n<p data-start=\"1328\" data-end=\"1345\">\u0141azienki domowe<\/p>\n<\/li>\n<li data-start=\"1346\" data-end=\"1366\">\n<p data-start=\"1348\" data-end=\"1366\">Toalety go\u015bcinne<\/p>\n<\/li>\n<li data-start=\"1367\" data-end=\"1402\">\n<p data-start=\"1369\" data-end=\"1402\">Obiekty u\u017cyteczno\u015bci publicznej<\/p>\n<\/li>\n<li data-start=\"1403\" data-end=\"1466\">\n<p data-start=\"1405\" data-end=\"1466\">Idealna do kompletowania z klasycznymi bateriami umywalkowymi<\/p>\n<\/li>\n<\/ul>\n","protected":false},"excerpt":{"rendered":"<p><strong>Klasyczna umywalka Deante Peonia o wymiarach 56,5 \u00d7 50,6 cm \u0142\u0105czy elegancki design z funkcjonalno\u015bci\u0105, idealnie pasuj\u0105c do nowoczesnych i tradycyjnych \u0142azienek. Wykonana z wysokiej jako\u015bci ceramiki, zapewnia trwa\u0142o\u015b\u0107, \u0142atwe czyszczenie i komfort codziennego u\u017cytkowania.<\/strong><\/p>\n","protected":false},"featured_media":8064,"template":"","meta":{"_kad_blocks_custom_css":"","_kad_blocks_head_custom_js":"","_kad_blocks_body_custom_js":"","_kad_blocks_footer_custom_js":"","_kad_post_transparent":"default","_kad_post_title":"","_kad_post_layout":"default","_kad_post_sidebar_id":"","_kad_post_content_style":"default","_kad_post_vertical_padding":"default","_kad_post_feature":"","_kad_post_feature_position":"","_kad_post_header":false,"_kad_post_footer":false,"_kad_post_classname":""},"product_brand":[447],"product_cat":[291],"product_tag":[],"class_list":{"0":"post-8062","1":"product","2":"type-product","3":"status-publish","4":"has-post-thumbnail","6":"product_brand-deante","7":"product_cat-wyprzedaz","8":"product_shipping_class-paleta_700","10":"first","11":"instock","12":"taxable","13":"shipping-taxable","14":"purchasable","15":"product-type-simple","16":"entry","17":"content-bg","18":"loop-entry"},"taxonomy_info":{"product_brand":[{"value":447,"label":"Deante"}],"product_cat":[{"value":291,"label":"Wyprzeda\u017c"}]},"featured_image_src_large":["https:\/\/e-systemygrzewcze.eu\/sklep\/wp-content\/uploads\/2025\/12\/Umywalka-klasyczna-56x50-cm-Deante-PEONIA-CDE-6U5W-73008-73008-1024x1024.jpg",1024,1024,true],"author_info":[],"comment_info":"","_links":{"self":[{"href":"https:\/\/e-systemygrzewcze.eu\/sklep\/wp-json\/wp\/v2\/product\/8062","targetHints":{"allow":["GET"]}}],"collection":[{"href":"https:\/\/e-systemygrzewcze.eu\/sklep\/wp-json\/wp\/v2\/product"}],"about":[{"href":"https:\/\/e-systemygrzewcze.eu\/sklep\/wp-json\/wp\/v2\/types\/product"}],"wp:featuredmedia":[{"embeddable":true,"href":"https:\/\/e-systemygrzewcze.eu\/sklep\/wp-json\/wp\/v2\/media\/8064"}],"wp:attachment":[{"href":"https:\/\/e-systemygrzewcze.eu\/sklep\/wp-json\/wp\/v2\/media?parent=8062"}],"wp:term":[{"taxonomy":"product_brand","embeddable":true,"href":"https:\/\/e-systemygrzewcze.eu\/sklep\/wp-json\/wp\/v2\/product_brand?post=8062"},{"taxonomy":"product_cat","embeddable":true,"href":"https:\/\/e-systemygrzewcze.eu\/sklep\/wp-json\/wp\/v2\/product_cat?post=8062"},{"taxonomy":"product_tag","embeddable":true,"href":"https:\/\/e-systemygrzewcze.eu\/sklep\/wp-json\/wp\/v2\/product_tag?post=8062"}],"curies":[{"name":"wp","href":"https:\/\/api.w.org\/{rel}","templated":true}]}}