{"id":7969,"date":"2025-12-17T08:55:08","date_gmt":"2025-12-17T08:55:08","guid":{"rendered":"https:\/\/e-systemygrzewcze.eu\/sklep\/produkt\/andex-classic-szczotka-wiszaca-z-oslona-chrom-046cc\/"},"modified":"2026-04-08T08:12:07","modified_gmt":"2026-04-08T08:12:07","slug":"andex-classic-szczotka-wiszaca-z-oslona-chrom-046cc","status":"publish","type":"product","link":"https:\/\/e-systemygrzewcze.eu\/sklep\/produkt\/andex-classic-szczotka-wiszaca-z-oslona-chrom-046cc\/","title":{"rendered":"ANDEX CLASSIC Szczotka wisz\u0105ca z os\u0142on\u0105 chrom (046CC)"},"content":{"rendered":"<h2 style=\"text-align: center;\" data-start=\"0\" data-end=\"73\">! TOWAR POWYSTAWOWY !<\/h2>\n","protected":false},"excerpt":{"rendered":"<p><strong>Elegancka szczotka WC w wersji wisz\u0105cej z os\u0142on\u0105 z serii ANDEX CLASSIC, wyko\u0144czona w chromie. Monta\u017c na \u015bcianie u\u0142atwia utrzymanie czysto\u015bci pod\u0142ogi, a os\u0142ona pomaga zachowa\u0107 estetyczny, uporz\u0105dkowany wygl\u0105d \u0142azienki. Klasyczna forma pasuje do wi\u0119kszo\u015bci aran\u017cacji.<\/strong><\/p>\n","protected":false},"featured_media":7970,"template":"","meta":{"_kad_blocks_custom_css":"","_kad_blocks_head_custom_js":"","_kad_blocks_body_custom_js":"","_kad_blocks_footer_custom_js":"","_kad_post_transparent":"default","_kad_post_title":"","_kad_post_layout":"default","_kad_post_sidebar_id":"","_kad_post_content_style":"default","_kad_post_vertical_padding":"default","_kad_post_feature":"","_kad_post_feature_position":"","_kad_post_header":false,"_kad_post_footer":false,"_kad_post_classname":""},"product_brand":[444],"product_cat":[291],"product_tag":[],"class_list":{"0":"post-7969","1":"product","2":"type-product","3":"status-publish","4":"has-post-thumbnail","6":"product_brand-andex","7":"product_cat-wyprzedaz","8":"product_shipping_class-drobnica","10":"first","11":"instock","12":"taxable","13":"shipping-taxable","14":"purchasable","15":"product-type-simple","16":"entry","17":"content-bg","18":"loop-entry"},"taxonomy_info":{"product_brand":[{"value":444,"label":"Andex"}],"product_cat":[{"value":291,"label":"Wyprzeda\u017c"}]},"featured_image_src_large":["https:\/\/e-systemygrzewcze.eu\/sklep\/wp-content\/uploads\/2025\/12\/Nowy-projekt-2025-12-17T095531.351.jpg",510,587,false],"author_info":[],"comment_info":"","_links":{"self":[{"href":"https:\/\/e-systemygrzewcze.eu\/sklep\/wp-json\/wp\/v2\/product\/7969","targetHints":{"allow":["GET"]}}],"collection":[{"href":"https:\/\/e-systemygrzewcze.eu\/sklep\/wp-json\/wp\/v2\/product"}],"about":[{"href":"https:\/\/e-systemygrzewcze.eu\/sklep\/wp-json\/wp\/v2\/types\/product"}],"wp:featuredmedia":[{"embeddable":true,"href":"https:\/\/e-systemygrzewcze.eu\/sklep\/wp-json\/wp\/v2\/media\/7970"}],"wp:attachment":[{"href":"https:\/\/e-systemygrzewcze.eu\/sklep\/wp-json\/wp\/v2\/media?parent=7969"}],"wp:term":[{"taxonomy":"product_brand","embeddable":true,"href":"https:\/\/e-systemygrzewcze.eu\/sklep\/wp-json\/wp\/v2\/product_brand?post=7969"},{"taxonomy":"product_cat","embeddable":true,"href":"https:\/\/e-systemygrzewcze.eu\/sklep\/wp-json\/wp\/v2\/product_cat?post=7969"},{"taxonomy":"product_tag","embeddable":true,"href":"https:\/\/e-systemygrzewcze.eu\/sklep\/wp-json\/wp\/v2\/product_tag?post=7969"}],"curies":[{"name":"wp","href":"https:\/\/api.w.org\/{rel}","templated":true}]}}