{"id":7941,"date":"2025-12-16T14:43:14","date_gmt":"2025-12-16T14:43:14","guid":{"rendered":"https:\/\/e-systemygrzewcze.eu\/sklep\/produkt\/andex-sanibella-mydelniczka-na-mydlo-w-plynie-chrom-530cc\/"},"modified":"2026-04-08T08:14:39","modified_gmt":"2026-04-08T08:14:39","slug":"andex-sanibella-mydelniczka-na-mydlo-w-plynie-chrom-530cc","status":"publish","type":"product","link":"https:\/\/e-systemygrzewcze.eu\/sklep\/produkt\/andex-sanibella-mydelniczka-na-mydlo-w-plynie-chrom-530cc\/","title":{"rendered":"ANDEX SANIBELLA Mydelniczka na myd\u0142o w p\u0142ynie chrom (530CC)"},"content":{"rendered":"<h2 style=\"text-align: center;\" data-start=\"0\" data-end=\"73\">! TOWAR POWYSTAWOWY !<\/h2>\n","protected":false},"excerpt":{"rendered":"<p><strong>Elegancki dozownik na myd\u0142o w p\u0142ynie z serii ANDEX SANIBELLA w chromowanym wyko\u0144czeniu. U\u0142atwia codzienn\u0105 higien\u0119, zapewnia wygodne dozowanie i pomaga utrzyma\u0107 porz\u0105dek przy umywalce. Nowoczesna forma \u015bwietnie pasuje do \u0142azienek w sp\u00f3jnym, minimalistycznym stylu.<\/strong><\/p>\n","protected":false},"featured_media":7942,"template":"","meta":{"_kad_blocks_custom_css":"","_kad_blocks_head_custom_js":"","_kad_blocks_body_custom_js":"","_kad_blocks_footer_custom_js":"","_kad_post_transparent":"default","_kad_post_title":"","_kad_post_layout":"default","_kad_post_sidebar_id":"","_kad_post_content_style":"default","_kad_post_vertical_padding":"default","_kad_post_feature":"","_kad_post_feature_position":"","_kad_post_header":false,"_kad_post_footer":false,"_kad_post_classname":""},"product_brand":[444],"product_cat":[291],"product_tag":[],"class_list":{"0":"post-7941","1":"product","2":"type-product","3":"status-publish","4":"has-post-thumbnail","6":"product_brand-andex","7":"product_cat-wyprzedaz","8":"product_shipping_class-drobnica","10":"first","11":"instock","12":"taxable","13":"shipping-taxable","14":"purchasable","15":"product-type-simple","16":"entry","17":"content-bg","18":"loop-entry"},"taxonomy_info":{"product_brand":[{"value":444,"label":"Andex"}],"product_cat":[{"value":291,"label":"Wyprzeda\u017c"}]},"featured_image_src_large":["https:\/\/e-systemygrzewcze.eu\/sklep\/wp-content\/uploads\/2025\/12\/Nowy-projekt-2025-12-16T154151.500.jpg",510,587,false],"author_info":[],"comment_info":"","_links":{"self":[{"href":"https:\/\/e-systemygrzewcze.eu\/sklep\/wp-json\/wp\/v2\/product\/7941","targetHints":{"allow":["GET"]}}],"collection":[{"href":"https:\/\/e-systemygrzewcze.eu\/sklep\/wp-json\/wp\/v2\/product"}],"about":[{"href":"https:\/\/e-systemygrzewcze.eu\/sklep\/wp-json\/wp\/v2\/types\/product"}],"wp:featuredmedia":[{"embeddable":true,"href":"https:\/\/e-systemygrzewcze.eu\/sklep\/wp-json\/wp\/v2\/media\/7942"}],"wp:attachment":[{"href":"https:\/\/e-systemygrzewcze.eu\/sklep\/wp-json\/wp\/v2\/media?parent=7941"}],"wp:term":[{"taxonomy":"product_brand","embeddable":true,"href":"https:\/\/e-systemygrzewcze.eu\/sklep\/wp-json\/wp\/v2\/product_brand?post=7941"},{"taxonomy":"product_cat","embeddable":true,"href":"https:\/\/e-systemygrzewcze.eu\/sklep\/wp-json\/wp\/v2\/product_cat?post=7941"},{"taxonomy":"product_tag","embeddable":true,"href":"https:\/\/e-systemygrzewcze.eu\/sklep\/wp-json\/wp\/v2\/product_tag?post=7941"}],"curies":[{"name":"wp","href":"https:\/\/api.w.org\/{rel}","templated":true}]}}