{"id":7442,"date":"2025-10-09T06:27:27","date_gmt":"2025-10-09T06:27:27","guid":{"rendered":"https:\/\/e-systemygrzewcze.eu\/sklep\/produkt\/plastbrno-odejscie-do-syfonu-meblowego-5-4\/"},"modified":"2026-04-09T06:05:56","modified_gmt":"2026-04-09T06:05:56","slug":"plastbrno-odejscie-do-syfonu-meblowego-5-4","status":"publish","type":"product","link":"https:\/\/e-systemygrzewcze.eu\/sklep\/produkt\/plastbrno-odejscie-do-syfonu-meblowego-5-4\/","title":{"rendered":"PLASTBRNO Odej\u015bcie do syfonu meblowego 5\/4&#8243; ETT1100"},"content":{"rendered":"","protected":false},"excerpt":{"rendered":"<p><strong>PLASTBRNO Odej\u015bcie do syfonu meblowego 5\/4&#8243; ETT1100 \u2013 element przy\u0142\u0105czeniowy do syfon\u00f3w meblowych, wykonany z odpornego tworzywa, zapewniaj\u0105cy szczelne i trwa\u0142e po\u0142\u0105czenie z instalacj\u0105 odp\u0142ywow\u0105.<\/strong><\/p>\n","protected":false},"featured_media":7447,"template":"","meta":{"_kad_blocks_custom_css":"","_kad_blocks_head_custom_js":"","_kad_blocks_body_custom_js":"","_kad_blocks_footer_custom_js":"","_kad_post_transparent":"default","_kad_post_title":"","_kad_post_layout":"default","_kad_post_sidebar_id":"","_kad_post_content_style":"default","_kad_post_vertical_padding":"default","_kad_post_feature":"","_kad_post_feature_position":"","_kad_post_header":false,"_kad_post_footer":false,"_kad_post_classname":""},"product_brand":[434],"product_cat":[302],"product_tag":[],"class_list":{"0":"post-7442","1":"product","2":"type-product","3":"status-publish","4":"has-post-thumbnail","6":"product_brand-plastbrno","7":"product_cat-syfony","8":"product_shipping_class-drobnica","10":"first","11":"instock","12":"taxable","13":"shipping-taxable","14":"purchasable","15":"product-type-simple","16":"entry","17":"content-bg","18":"loop-entry"},"taxonomy_info":{"product_brand":[{"value":434,"label":"PLASTBRNO"}],"product_cat":[{"value":302,"label":"Syfony"}]},"featured_image_src_large":["https:\/\/e-systemygrzewcze.eu\/sklep\/wp-content\/uploads\/2025\/10\/Nowy-projekt-2025-10-09T085809.841.jpg",510,578,false],"author_info":[],"comment_info":"","_links":{"self":[{"href":"https:\/\/e-systemygrzewcze.eu\/sklep\/wp-json\/wp\/v2\/product\/7442","targetHints":{"allow":["GET"]}}],"collection":[{"href":"https:\/\/e-systemygrzewcze.eu\/sklep\/wp-json\/wp\/v2\/product"}],"about":[{"href":"https:\/\/e-systemygrzewcze.eu\/sklep\/wp-json\/wp\/v2\/types\/product"}],"wp:featuredmedia":[{"embeddable":true,"href":"https:\/\/e-systemygrzewcze.eu\/sklep\/wp-json\/wp\/v2\/media\/7447"}],"wp:attachment":[{"href":"https:\/\/e-systemygrzewcze.eu\/sklep\/wp-json\/wp\/v2\/media?parent=7442"}],"wp:term":[{"taxonomy":"product_brand","embeddable":true,"href":"https:\/\/e-systemygrzewcze.eu\/sklep\/wp-json\/wp\/v2\/product_brand?post=7442"},{"taxonomy":"product_cat","embeddable":true,"href":"https:\/\/e-systemygrzewcze.eu\/sklep\/wp-json\/wp\/v2\/product_cat?post=7442"},{"taxonomy":"product_tag","embeddable":true,"href":"https:\/\/e-systemygrzewcze.eu\/sklep\/wp-json\/wp\/v2\/product_tag?post=7442"}],"curies":[{"name":"wp","href":"https:\/\/api.w.org\/{rel}","templated":true}]}}