{"id":7441,"date":"2025-10-09T06:26:37","date_gmt":"2025-10-09T06:26:37","guid":{"rendered":"https:\/\/e-systemygrzewcze.eu\/sklep\/produkt\/plastbrno-syfon-brodzikowy-niski-90-ewxn944\/"},"modified":"2026-04-09T06:06:05","modified_gmt":"2026-04-09T06:06:05","slug":"plastbrno-syfon-brodzikowy-niski-90-ewxn944","status":"publish","type":"product","link":"https:\/\/e-systemygrzewcze.eu\/sklep\/produkt\/plastbrno-syfon-brodzikowy-niski-90-ewxn944\/","title":{"rendered":"PLASTBRNO Syfon brodzikowy niski 90 EWXN944"},"content":{"rendered":"","protected":false},"excerpt":{"rendered":"<p><strong>PLASTBRNO Syfon brodzikowy niski 90 EWXN944 \u2013 kompaktowy syfon do brodzik\u00f3w z odp\u0142ywem 90 mm. Wykonany z trwa\u0142ego tworzywa, zapewnia szybki odp\u0142yw wody i \u0142atwy monta\u017c w niskich przestrzeniach.<\/strong><\/p>\n","protected":false},"featured_media":7438,"template":"","meta":{"_kad_blocks_custom_css":"","_kad_blocks_head_custom_js":"","_kad_blocks_body_custom_js":"","_kad_blocks_footer_custom_js":"","_kad_post_transparent":"default","_kad_post_title":"","_kad_post_layout":"default","_kad_post_sidebar_id":"","_kad_post_content_style":"default","_kad_post_vertical_padding":"default","_kad_post_feature":"","_kad_post_feature_position":"","_kad_post_header":false,"_kad_post_footer":false,"_kad_post_classname":""},"product_brand":[434],"product_cat":[302],"product_tag":[],"class_list":{"0":"post-7441","1":"product","2":"type-product","3":"status-publish","4":"has-post-thumbnail","6":"product_brand-plastbrno","7":"product_cat-syfony","8":"product_shipping_class-drobnica","10":"first","11":"instock","12":"taxable","13":"shipping-taxable","14":"purchasable","15":"product-type-simple","16":"entry","17":"content-bg","18":"loop-entry"},"taxonomy_info":{"product_brand":[{"value":434,"label":"PLASTBRNO"}],"product_cat":[{"value":302,"label":"Syfony"}]},"featured_image_src_large":["https:\/\/e-systemygrzewcze.eu\/sklep\/wp-content\/uploads\/2025\/10\/Nowy-projekt-2025-10-07T140402.121.jpg",510,578,false],"author_info":[],"comment_info":"","_links":{"self":[{"href":"https:\/\/e-systemygrzewcze.eu\/sklep\/wp-json\/wp\/v2\/product\/7441","targetHints":{"allow":["GET"]}}],"collection":[{"href":"https:\/\/e-systemygrzewcze.eu\/sklep\/wp-json\/wp\/v2\/product"}],"about":[{"href":"https:\/\/e-systemygrzewcze.eu\/sklep\/wp-json\/wp\/v2\/types\/product"}],"wp:featuredmedia":[{"embeddable":true,"href":"https:\/\/e-systemygrzewcze.eu\/sklep\/wp-json\/wp\/v2\/media\/7438"}],"wp:attachment":[{"href":"https:\/\/e-systemygrzewcze.eu\/sklep\/wp-json\/wp\/v2\/media?parent=7441"}],"wp:term":[{"taxonomy":"product_brand","embeddable":true,"href":"https:\/\/e-systemygrzewcze.eu\/sklep\/wp-json\/wp\/v2\/product_brand?post=7441"},{"taxonomy":"product_cat","embeddable":true,"href":"https:\/\/e-systemygrzewcze.eu\/sklep\/wp-json\/wp\/v2\/product_cat?post=7441"},{"taxonomy":"product_tag","embeddable":true,"href":"https:\/\/e-systemygrzewcze.eu\/sklep\/wp-json\/wp\/v2\/product_tag?post=7441"}],"curies":[{"name":"wp","href":"https:\/\/api.w.org\/{rel}","templated":true}]}}