{"id":7436,"date":"2025-10-07T12:02:27","date_gmt":"2025-10-07T12:02:27","guid":{"rendered":"https:\/\/e-systemygrzewcze.eu\/sklep\/produkt\/plastbrno-syfon-brodzikowy-niski-90-ewnn942g\/"},"modified":"2026-02-12T13:35:36","modified_gmt":"2026-02-12T13:35:36","slug":"plastbrno-syfon-brodzikowy-niski-90-ewnn942g","status":"publish","type":"product","link":"https:\/\/e-systemygrzewcze.eu\/sklep\/produkt\/plastbrno-syfon-brodzikowy-niski-90-ewnn942g\/","title":{"rendered":"PLASTBRNO Syfon brodzikowy niski 90 EWNN942G"},"content":{"rendered":"<p>\u200bPlastbrno Syfon brodzikowy 90 niski 6 cm EWNN942G<\/p>\n<p>wysoko\u015b\u0107 6 cm<br \/>\nidealny do niskich brodzik\u00f3w prysznicowych z otworem odp\u0142ywowym 90<br \/>\npokrywa wykonana ze stali nierdzewnej<br \/>\ndu\u017ca wydajno\u015b\u0107 odp\u0142ywu &#8211; do\u00a066 l\/min<br \/>\nczyszczony &#8220;od g\u00f3ry &#8221;<br \/>\n\u0142uk odp\u0142ywowy 45 stopni<br \/>\n\u0142atwy monta\u017c<\/p>\n","protected":false},"excerpt":{"rendered":"<p><strong>PLASTBRNO Syfon brodzikowy niski 90 EWNN942G \u2013 niski syfon do brodzik\u00f3w wykonany z trwa\u0142ego tworzywa sztucznego. Zapewnia skuteczne odprowadzanie wody, \u0142atwy monta\u017c i ochron\u0119 przed nieprzyjemnymi zapachami.<\/strong><\/p>\n","protected":false},"featured_media":7438,"template":"","meta":{"_kad_blocks_custom_css":"","_kad_blocks_head_custom_js":"","_kad_blocks_body_custom_js":"","_kad_blocks_footer_custom_js":"","_kad_post_transparent":"default","_kad_post_title":"","_kad_post_layout":"default","_kad_post_sidebar_id":"","_kad_post_content_style":"default","_kad_post_vertical_padding":"default","_kad_post_feature":"","_kad_post_feature_position":"","_kad_post_header":false,"_kad_post_footer":false,"_kad_post_classname":""},"product_brand":[434],"product_cat":[302],"product_tag":[],"class_list":{"0":"post-7436","1":"product","2":"type-product","3":"status-publish","4":"has-post-thumbnail","6":"product_brand-plastbrno","7":"product_cat-syfony","8":"product_shipping_class-drobnica","10":"first","11":"instock","12":"taxable","13":"shipping-taxable","14":"purchasable","15":"product-type-simple","16":"entry","17":"content-bg","18":"loop-entry"},"taxonomy_info":{"product_brand":[{"value":434,"label":"PLASTBRNO"}],"product_cat":[{"value":302,"label":"Syfony"}]},"featured_image_src_large":["https:\/\/e-systemygrzewcze.eu\/sklep\/wp-content\/uploads\/2025\/10\/Nowy-projekt-2025-10-07T140402.121.jpg",510,578,false],"author_info":[],"comment_info":"","_links":{"self":[{"href":"https:\/\/e-systemygrzewcze.eu\/sklep\/wp-json\/wp\/v2\/product\/7436","targetHints":{"allow":["GET"]}}],"collection":[{"href":"https:\/\/e-systemygrzewcze.eu\/sklep\/wp-json\/wp\/v2\/product"}],"about":[{"href":"https:\/\/e-systemygrzewcze.eu\/sklep\/wp-json\/wp\/v2\/types\/product"}],"wp:featuredmedia":[{"embeddable":true,"href":"https:\/\/e-systemygrzewcze.eu\/sklep\/wp-json\/wp\/v2\/media\/7438"}],"wp:attachment":[{"href":"https:\/\/e-systemygrzewcze.eu\/sklep\/wp-json\/wp\/v2\/media?parent=7436"}],"wp:term":[{"taxonomy":"product_brand","embeddable":true,"href":"https:\/\/e-systemygrzewcze.eu\/sklep\/wp-json\/wp\/v2\/product_brand?post=7436"},{"taxonomy":"product_cat","embeddable":true,"href":"https:\/\/e-systemygrzewcze.eu\/sklep\/wp-json\/wp\/v2\/product_cat?post=7436"},{"taxonomy":"product_tag","embeddable":true,"href":"https:\/\/e-systemygrzewcze.eu\/sklep\/wp-json\/wp\/v2\/product_tag?post=7436"}],"curies":[{"name":"wp","href":"https:\/\/api.w.org\/{rel}","templated":true}]}}