{"id":7433,"date":"2025-10-07T11:55:28","date_gmt":"2025-10-07T11:55:28","guid":{"rendered":"https:\/\/e-systemygrzewcze.eu\/sklep\/produkt\/plastbrno-syfon-wannowy-klik-klak-mosiezny-evk0147\/"},"modified":"2026-04-09T06:06:20","modified_gmt":"2026-04-09T06:06:20","slug":"plastbrno-syfon-wannowy-klik-klak-mosiezny-evk0147","status":"publish","type":"product","link":"https:\/\/e-systemygrzewcze.eu\/sklep\/produkt\/plastbrno-syfon-wannowy-klik-klak-mosiezny-evk0147\/","title":{"rendered":"PLASTBRNO Syfon wannowy klik-klak mosi\u0119\u017cny EVK0147"},"content":{"rendered":"","protected":false},"excerpt":{"rendered":"<p><strong>PLASTBRNO Syfon wannowy klik-klak mosi\u0119\u017cny EVK0147 \u2013 elegancki i trwa\u0142y syfon wannowy wykonany z mosi\u0105dzu, wyposa\u017cony w mechanizm klik-klak. Umo\u017cliwia \u0142atwe otwieranie i zamykanie odp\u0142ywu, zapewnia szczelno\u015b\u0107 instalacji i estetyczne wyko\u0144czenie wanny.<\/strong><\/p>\n","protected":false},"featured_media":7435,"template":"","meta":{"_kad_blocks_custom_css":"","_kad_blocks_head_custom_js":"","_kad_blocks_body_custom_js":"","_kad_blocks_footer_custom_js":"","_kad_post_transparent":"default","_kad_post_title":"","_kad_post_layout":"default","_kad_post_sidebar_id":"","_kad_post_content_style":"default","_kad_post_vertical_padding":"default","_kad_post_feature":"","_kad_post_feature_position":"","_kad_post_header":false,"_kad_post_footer":false,"_kad_post_classname":""},"product_brand":[434],"product_cat":[302],"product_tag":[],"class_list":{"0":"post-7433","1":"product","2":"type-product","3":"status-publish","4":"has-post-thumbnail","6":"product_brand-plastbrno","7":"product_cat-syfony","8":"product_shipping_class-drobnica","10":"first","11":"instock","12":"taxable","13":"shipping-taxable","14":"purchasable","15":"product-type-simple","16":"entry","17":"content-bg","18":"loop-entry"},"taxonomy_info":{"product_brand":[{"value":434,"label":"PLASTBRNO"}],"product_cat":[{"value":302,"label":"Syfony"}]},"featured_image_src_large":["https:\/\/e-systemygrzewcze.eu\/sklep\/wp-content\/uploads\/2025\/10\/Nowy-projekt-2025-10-07T135713.633.jpg",510,578,false],"author_info":[],"comment_info":"","_links":{"self":[{"href":"https:\/\/e-systemygrzewcze.eu\/sklep\/wp-json\/wp\/v2\/product\/7433","targetHints":{"allow":["GET"]}}],"collection":[{"href":"https:\/\/e-systemygrzewcze.eu\/sklep\/wp-json\/wp\/v2\/product"}],"about":[{"href":"https:\/\/e-systemygrzewcze.eu\/sklep\/wp-json\/wp\/v2\/types\/product"}],"wp:featuredmedia":[{"embeddable":true,"href":"https:\/\/e-systemygrzewcze.eu\/sklep\/wp-json\/wp\/v2\/media\/7435"}],"wp:attachment":[{"href":"https:\/\/e-systemygrzewcze.eu\/sklep\/wp-json\/wp\/v2\/media?parent=7433"}],"wp:term":[{"taxonomy":"product_brand","embeddable":true,"href":"https:\/\/e-systemygrzewcze.eu\/sklep\/wp-json\/wp\/v2\/product_brand?post=7433"},{"taxonomy":"product_cat","embeddable":true,"href":"https:\/\/e-systemygrzewcze.eu\/sklep\/wp-json\/wp\/v2\/product_cat?post=7433"},{"taxonomy":"product_tag","embeddable":true,"href":"https:\/\/e-systemygrzewcze.eu\/sklep\/wp-json\/wp\/v2\/product_tag?post=7433"}],"curies":[{"name":"wp","href":"https:\/\/api.w.org\/{rel}","templated":true}]}}