{"id":7378,"date":"2025-10-04T10:28:23","date_gmt":"2025-10-04T10:28:23","guid":{"rendered":"https:\/\/e-systemygrzewcze.eu\/sklep\/produkt\/podstawa-gumowa-z-szyna-l-600mm\/"},"modified":"2026-04-02T08:52:06","modified_gmt":"2026-04-02T08:52:06","slug":"podstawa-gumowa-z-szyna-l-600mm","status":"publish","type":"product","link":"https:\/\/e-systemygrzewcze.eu\/sklep\/produkt\/podstawa-gumowa-z-szyna-l-600mm\/","title":{"rendered":"Podstawa gumowa z szyn\u0105 L-600mm"},"content":{"rendered":"","protected":false},"excerpt":{"rendered":"<p><strong>Podstawa gumowa z szyn\u0105 L-600mm \u2013 stabilna podstawa monta\u017cowa wykonana z odpornej na warunki atmosferyczne gumy. Wyposa\u017cona w szyn\u0119 stalow\u0105, umo\u017cliwia szybki i pewny monta\u017c jednostek klimatyzacyjnych, pomp ciep\u0142a czy urz\u0105dze\u0144 technicznych.<\/strong><\/p>\n","protected":false},"featured_media":7379,"template":"","meta":{"_kad_blocks_custom_css":"","_kad_blocks_head_custom_js":"","_kad_blocks_body_custom_js":"","_kad_blocks_footer_custom_js":"","_kad_post_transparent":"default","_kad_post_title":"","_kad_post_layout":"default","_kad_post_sidebar_id":"","_kad_post_content_style":"default","_kad_post_vertical_padding":"default","_kad_post_feature":"","_kad_post_feature_position":"","_kad_post_header":false,"_kad_post_footer":false,"_kad_post_classname":""},"product_brand":[],"product_cat":[346],"product_tag":[],"class_list":{"0":"post-7378","1":"product","2":"type-product","3":"status-publish","4":"has-post-thumbnail","6":"product_cat-akcesoria-klimatyzacja","7":"product_shipping_class-drobnica","9":"first","10":"instock","11":"taxable","12":"shipping-taxable","13":"purchasable","14":"product-type-simple","15":"entry","16":"content-bg","17":"loop-entry"},"taxonomy_info":{"product_cat":[{"value":346,"label":"Akcesoria"}]},"featured_image_src_large":["https:\/\/e-systemygrzewcze.eu\/sklep\/wp-content\/uploads\/2025\/10\/Nowy-projekt-2025-10-04T122945.803.jpg",510,578,false],"author_info":[],"comment_info":"","_links":{"self":[{"href":"https:\/\/e-systemygrzewcze.eu\/sklep\/wp-json\/wp\/v2\/product\/7378","targetHints":{"allow":["GET"]}}],"collection":[{"href":"https:\/\/e-systemygrzewcze.eu\/sklep\/wp-json\/wp\/v2\/product"}],"about":[{"href":"https:\/\/e-systemygrzewcze.eu\/sklep\/wp-json\/wp\/v2\/types\/product"}],"wp:featuredmedia":[{"embeddable":true,"href":"https:\/\/e-systemygrzewcze.eu\/sklep\/wp-json\/wp\/v2\/media\/7379"}],"wp:attachment":[{"href":"https:\/\/e-systemygrzewcze.eu\/sklep\/wp-json\/wp\/v2\/media?parent=7378"}],"wp:term":[{"taxonomy":"product_brand","embeddable":true,"href":"https:\/\/e-systemygrzewcze.eu\/sklep\/wp-json\/wp\/v2\/product_brand?post=7378"},{"taxonomy":"product_cat","embeddable":true,"href":"https:\/\/e-systemygrzewcze.eu\/sklep\/wp-json\/wp\/v2\/product_cat?post=7378"},{"taxonomy":"product_tag","embeddable":true,"href":"https:\/\/e-systemygrzewcze.eu\/sklep\/wp-json\/wp\/v2\/product_tag?post=7378"}],"curies":[{"name":"wp","href":"https:\/\/api.w.org\/{rel}","templated":true}]}}