{"id":7372,"date":"2025-10-04T10:16:50","date_gmt":"2025-10-04T10:16:50","guid":{"rendered":"https:\/\/e-systemygrzewcze.eu\/sklep\/produkt\/nic-uszczelniajaca-do-gwintow-50\/"},"modified":"2026-04-07T05:52:16","modified_gmt":"2026-04-07T05:52:16","slug":"nic-uszczelniajaca-do-gwintow-50","status":"publish","type":"product","link":"https:\/\/e-systemygrzewcze.eu\/sklep\/produkt\/nic-uszczelniajaca-do-gwintow-50\/","title":{"rendered":"LOCTITE Ni\u0107 uszczelniaj\u0105ca do gwint\u00f3w 50m"},"content":{"rendered":"<h2 data-start=\"99\" data-end=\"153\">\ud83e\uddf5 LOCTITE 55 \u2013 ni\u0107 do uszczelniania gwint\u00f3w 50 m<\/h2>\n<p data-start=\"155\" data-end=\"429\"><strong data-start=\"155\" data-end=\"170\">LOCTITE\u00ae 55<\/strong> to profesjonalna ni\u0107 przeznaczona do <strong data-start=\"208\" data-end=\"262\">zabezpieczania i uszczelniania po\u0142\u0105cze\u0144 gwintowych<\/strong> w metalowych i plastikowych instalacjach rurowych. Nie utwardza si\u0119, dlatego zapewnia <strong data-start=\"349\" data-end=\"403\">natychmiastowe, szybkie i niezawodne uszczelnienie<\/strong> ju\u017c w momencie monta\u017cu.<\/p>\n<p data-start=\"431\" data-end=\"569\">Produkt posiada <strong data-start=\"447\" data-end=\"472\">dopuszczenie DVGW\/KTW<\/strong> do stosowania w instalacjach gazowych oraz z wod\u0105 pitn\u0105, a tak\u017ce <strong data-start=\"538\" data-end=\"568\">atest NSF\/ANSI Standard 61<\/strong>.<\/p>\n<hr data-start=\"571\" data-end=\"574\" \/>\n<h2 data-start=\"576\" data-end=\"595\">\u2699\ufe0f W\u0142a\u015bciwo\u015bci<\/h2>\n<ul data-start=\"597\" data-end=\"791\">\n<li data-start=\"597\" data-end=\"629\">\n<p data-start=\"599\" data-end=\"629\">Ni\u0107 do uszczelniania gwint\u00f3w<\/p>\n<\/li>\n<li data-start=\"630\" data-end=\"679\">\n<p data-start=\"632\" data-end=\"679\">Natychmiastowe uszczelnienie zaraz po monta\u017cu<\/p>\n<\/li>\n<li data-start=\"680\" data-end=\"747\">\n<p data-start=\"682\" data-end=\"747\">Umo\u017cliwia <strong data-start=\"692\" data-end=\"722\">repozycjonowanie element\u00f3w<\/strong> bez utraty szczelno\u015bci<\/p>\n<\/li>\n<li data-start=\"748\" data-end=\"791\">\n<p data-start=\"750\" data-end=\"791\">Do instalacji metalowych i plastikowych<\/p>\n<\/li>\n<\/ul>\n<hr data-start=\"793\" data-end=\"796\" \/>\n<h2 data-start=\"798\" data-end=\"813\">\u2705 Korzy\u015bci<\/h2>\n<ul data-start=\"815\" data-end=\"1175\">\n<li data-start=\"815\" data-end=\"902\">\n<p data-start=\"817\" data-end=\"902\">Uszczelniacz <strong data-start=\"830\" data-end=\"855\">og\u00f3lnego zastosowania<\/strong> do z\u0142\u0105czy gwintowych w instalacjach rurowych<\/p>\n<\/li>\n<li data-start=\"903\" data-end=\"927\">\n<p data-start=\"905\" data-end=\"927\"><strong data-start=\"905\" data-end=\"925\">Nie utwardza si\u0119<\/strong><\/p>\n<\/li>\n<li data-start=\"928\" data-end=\"994\">\n<p data-start=\"930\" data-end=\"994\">Uszczelnienie pod <strong data-start=\"948\" data-end=\"992\">pe\u0142nym ci\u015bnieniem natychmiast po monta\u017cu<\/strong><\/p>\n<\/li>\n<li data-start=\"995\" data-end=\"1044\">\n<p data-start=\"997\" data-end=\"1044\"><strong data-start=\"997\" data-end=\"1028\">Szybkie, \u0142atwe i niezawodne<\/strong> uszczelnienie<\/p>\n<\/li>\n<li data-start=\"1045\" data-end=\"1111\">\n<p data-start=\"1047\" data-end=\"1111\">Dopuszczenie <strong data-start=\"1060\" data-end=\"1072\">DVGW\/KTW<\/strong> do instalacji gazowych i wody pitnej<\/p>\n<\/li>\n<li data-start=\"1112\" data-end=\"1175\">\n<p data-start=\"1114\" data-end=\"1175\">Testowany zgodnie z <strong data-start=\"1134\" data-end=\"1156\">EN 751-2 Class ARp<\/strong> oraz <strong data-start=\"1162\" data-end=\"1175\">DIN 30660<\/strong><\/p>\n<\/li>\n<\/ul>\n","protected":false},"excerpt":{"rendered":"<p><strong>Ni\u0107 uszczelniaj\u0105ca do gwint\u00f3w 50m to trwa\u0142y i \u0142atwy w u\u017cyciu materia\u0142 do uszczelniania po\u0142\u0105cze\u0144 gwintowanych w instalacjach wodnych, gazowych i grzewczych.<\/strong><\/p>\n","protected":false},"featured_media":7377,"template":"","meta":{"_kad_blocks_custom_css":"","_kad_blocks_head_custom_js":"","_kad_blocks_body_custom_js":"","_kad_blocks_footer_custom_js":"","_kad_post_transparent":"default","_kad_post_title":"","_kad_post_layout":"default","_kad_post_sidebar_id":"","_kad_post_content_style":"default","_kad_post_vertical_padding":"default","_kad_post_feature":"","_kad_post_feature_position":"","_kad_post_header":false,"_kad_post_footer":false,"_kad_post_classname":""},"product_brand":[438],"product_cat":[327],"product_tag":[],"class_list":{"0":"post-7372","1":"product","2":"type-product","3":"status-publish","4":"has-post-thumbnail","6":"product_brand-loctite","7":"product_cat-pianki-silikony-uszczelniacze","8":"product_shipping_class-drobnica","10":"first","11":"instock","12":"taxable","13":"shipping-taxable","14":"purchasable","15":"product-type-simple","16":"entry","17":"content-bg","18":"loop-entry"},"taxonomy_info":{"product_brand":[{"value":438,"label":"Loctite"}],"product_cat":[{"value":327,"label":"Pianki\/Silikony\/Uszczelniacze"}]},"featured_image_src_large":["https:\/\/e-systemygrzewcze.eu\/sklep\/wp-content\/uploads\/2025\/10\/Nowy-projekt-2025-10-04T122234.716.jpg",510,578,false],"author_info":[],"comment_info":"","_links":{"self":[{"href":"https:\/\/e-systemygrzewcze.eu\/sklep\/wp-json\/wp\/v2\/product\/7372","targetHints":{"allow":["GET"]}}],"collection":[{"href":"https:\/\/e-systemygrzewcze.eu\/sklep\/wp-json\/wp\/v2\/product"}],"about":[{"href":"https:\/\/e-systemygrzewcze.eu\/sklep\/wp-json\/wp\/v2\/types\/product"}],"wp:featuredmedia":[{"embeddable":true,"href":"https:\/\/e-systemygrzewcze.eu\/sklep\/wp-json\/wp\/v2\/media\/7377"}],"wp:attachment":[{"href":"https:\/\/e-systemygrzewcze.eu\/sklep\/wp-json\/wp\/v2\/media?parent=7372"}],"wp:term":[{"taxonomy":"product_brand","embeddable":true,"href":"https:\/\/e-systemygrzewcze.eu\/sklep\/wp-json\/wp\/v2\/product_brand?post=7372"},{"taxonomy":"product_cat","embeddable":true,"href":"https:\/\/e-systemygrzewcze.eu\/sklep\/wp-json\/wp\/v2\/product_cat?post=7372"},{"taxonomy":"product_tag","embeddable":true,"href":"https:\/\/e-systemygrzewcze.eu\/sklep\/wp-json\/wp\/v2\/product_tag?post=7372"}],"curies":[{"name":"wp","href":"https:\/\/api.w.org\/{rel}","templated":true}]}}