{"id":7371,"date":"2025-10-04T10:16:46","date_gmt":"2025-10-04T10:16:46","guid":{"rendered":"https:\/\/e-systemygrzewcze.eu\/sklep\/produkt\/nic-uszczelniajaca-do-gwintow-160\/"},"modified":"2026-04-07T05:52:39","modified_gmt":"2026-04-07T05:52:39","slug":"nic-uszczelniajaca-do-gwintow-160","status":"publish","type":"product","link":"https:\/\/e-systemygrzewcze.eu\/sklep\/produkt\/nic-uszczelniajaca-do-gwintow-160\/","title":{"rendered":"LOCTITE Ni\u0107 uszczelniaj\u0105ca do gwint\u00f3w 160m"},"content":{"rendered":"<h2 data-start=\"112\" data-end=\"159\">\ud83e\uddf5 LOCTITE 55 \u2013 ni\u0107 do uszczelniania gwint\u00f3w 160m<\/h2>\n<p data-start=\"161\" data-end=\"389\"><strong data-start=\"161\" data-end=\"175\">LOCTITE 55<\/strong> zosta\u0142 stworzony do zabezpieczania i uszczelniania po\u0142\u0105cze\u0144 gwintowych w metalowych i plastikowych instalacjach rurowych. Nie utwardza si\u0119, zapewnia <strong data-start=\"325\" data-end=\"386\">natychmiastowe, szybkie, \u0142atwe i niezawodne uszczelnienie<\/strong>.<\/p>\n<p data-start=\"391\" data-end=\"523\">Produkt posiada <strong data-start=\"407\" data-end=\"432\">dopuszczenie DVGW\/KTW<\/strong> do stosowania w instalacjach gazowych i z wod\u0105 pitn\u0105 oraz <strong data-start=\"491\" data-end=\"522\">atest NSF\/ANSI, Standard 61<\/strong>.<\/p>\n<hr data-start=\"525\" data-end=\"528\" \/>\n<h2 data-start=\"530\" data-end=\"555\">\u2705 W\u0142a\u015bciwo\u015bci i zalety<\/h2>\n<ul data-start=\"557\" data-end=\"1048\">\n<li data-start=\"557\" data-end=\"640\">\n<p data-start=\"559\" data-end=\"640\">Uszczelniacz og\u00f3lnego zastosowania do z\u0142\u0105czy gwintowych w instalacjach rurowych<\/p>\n<\/li>\n<li data-start=\"641\" data-end=\"724\">\n<p data-start=\"643\" data-end=\"724\">Nie utwardza si\u0119 \u2013 natychmiastowe uszczelnienie nast\u0119puje pod pe\u0142nym ci\u015bnieniem<\/p>\n<\/li>\n<li data-start=\"725\" data-end=\"770\">\n<p data-start=\"727\" data-end=\"770\">Szybkie, \u0142atwe i niezawodne uszczelnienie<\/p>\n<\/li>\n<li data-start=\"771\" data-end=\"854\">\n<p data-start=\"773\" data-end=\"854\">Dopuszczenie <strong data-start=\"786\" data-end=\"793\">WRC<\/strong>, spe\u0142nia wymogi normy <strong data-start=\"816\" data-end=\"827\">BS 6920<\/strong> dla wody pitnej: 0808533<\/p>\n<\/li>\n<li data-start=\"855\" data-end=\"945\">\n<p data-start=\"857\" data-end=\"945\">Posiada dopuszczenie <strong data-start=\"878\" data-end=\"890\">DVGW\/KTW<\/strong> do stosowania w instalacjach gazowych i z wod\u0105 pitn\u0105<\/p>\n<\/li>\n<li data-start=\"946\" data-end=\"1011\">\n<p data-start=\"948\" data-end=\"1011\">Testowany zgodnie z <strong data-start=\"968\" data-end=\"990\">EN 751-2 Class ARp<\/strong> oraz <strong data-start=\"996\" data-end=\"1009\">DIN 30660<\/strong><\/p>\n<\/li>\n<li data-start=\"1012\" data-end=\"1048\">\n<p data-start=\"1014\" data-end=\"1048\">Zgodny z <strong data-start=\"1023\" data-end=\"1048\">NSF\/ANSI, Standard 61<\/strong><\/p>\n<\/li>\n<\/ul>\n<hr data-start=\"1050\" data-end=\"1053\" \/>\n<h2 data-start=\"1055\" data-end=\"1076\">\u2699\ufe0f Dane techniczne<\/h2>\n<ul data-start=\"1078\" data-end=\"1245\">\n<li data-start=\"1078\" data-end=\"1098\">\n<p data-start=\"1080\" data-end=\"1098\">Kolor: <strong data-start=\"1087\" data-end=\"1096\">bia\u0142y<\/strong><\/p>\n<\/li>\n<li data-start=\"1099\" data-end=\"1138\">\n<p data-start=\"1101\" data-end=\"1138\">Maksymalna \u015brednica gwintu: <strong data-start=\"1129\" data-end=\"1136\">R4&#8243;<\/strong><\/p>\n<\/li>\n<li data-start=\"1139\" data-end=\"1187\">\n<p data-start=\"1141\" data-end=\"1187\">Zakres temperatur pracy: <strong data-start=\"1166\" data-end=\"1185\">-55\u00b0C do +130\u00b0C<\/strong><\/p>\n<\/li>\n<li data-start=\"1188\" data-end=\"1218\">\n<p data-start=\"1190\" data-end=\"1218\">Atesty: <strong data-start=\"1198\" data-end=\"1216\">DVGW, KTW, NSF<\/strong><\/p>\n<\/li>\n<li data-start=\"1219\" data-end=\"1245\">\n<p data-start=\"1221\" data-end=\"1245\">Produkt <strong data-start=\"1229\" data-end=\"1245\">tiksotropowy<\/strong><\/p>\n<\/li>\n<\/ul>\n<hr data-start=\"1247\" data-end=\"1250\" \/>\n<h2 data-start=\"1252\" data-end=\"1270\">\ud83d\udd27 Zastosowanie<\/h2>\n<ul data-start=\"1272\" data-end=\"1427\">\n<li data-start=\"1272\" data-end=\"1296\">\n<p data-start=\"1274\" data-end=\"1296\">Do cz\u0119\u015bci metalowych<\/p>\n<\/li>\n<li data-start=\"1297\" data-end=\"1355\">\n<p data-start=\"1299\" data-end=\"1355\">Do cz\u0119\u015bci metalowych i wykonanych z tworzyw sztucznych<\/p>\n<\/li>\n<li data-start=\"1356\" data-end=\"1401\">\n<p data-start=\"1358\" data-end=\"1401\">Do cz\u0119\u015bci wykonanych z tworzyw sztucznych<\/p>\n<\/li>\n<li data-start=\"1402\" data-end=\"1427\">\n<p data-start=\"1404\" data-end=\"1427\">Uszczelnianie gwint\u00f3w<\/p>\n<\/li>\n<\/ul>\n","protected":false},"excerpt":{"rendered":"<p><strong>Ni\u0107 uszczelniaj\u0105ca do gwint\u00f3w 160 to trwa\u0142y i \u0142atwy w u\u017cyciu materia\u0142 do uszczelniania po\u0142\u0105cze\u0144 gwintowanych w instalacjach wodnych, gazowych i grzewczych.<\/strong><\/p>\n","protected":false},"featured_media":7374,"template":"","meta":{"_kad_blocks_custom_css":"","_kad_blocks_head_custom_js":"","_kad_blocks_body_custom_js":"","_kad_blocks_footer_custom_js":"","_kad_post_transparent":"default","_kad_post_title":"","_kad_post_layout":"default","_kad_post_sidebar_id":"","_kad_post_content_style":"default","_kad_post_vertical_padding":"default","_kad_post_feature":"","_kad_post_feature_position":"","_kad_post_header":false,"_kad_post_footer":false,"_kad_post_classname":""},"product_brand":[438],"product_cat":[327],"product_tag":[],"class_list":{"0":"post-7371","1":"product","2":"type-product","3":"status-publish","4":"has-post-thumbnail","6":"product_brand-loctite","7":"product_cat-pianki-silikony-uszczelniacze","8":"product_shipping_class-drobnica","10":"first","11":"instock","12":"taxable","13":"shipping-taxable","14":"purchasable","15":"product-type-simple","16":"entry","17":"content-bg","18":"loop-entry"},"taxonomy_info":{"product_brand":[{"value":438,"label":"Loctite"}],"product_cat":[{"value":327,"label":"Pianki\/Silikony\/Uszczelniacze"}]},"featured_image_src_large":["https:\/\/e-systemygrzewcze.eu\/sklep\/wp-content\/uploads\/2025\/10\/Nowy-projekt-2025-10-04T121805.689.jpg",510,578,false],"author_info":[],"comment_info":"","_links":{"self":[{"href":"https:\/\/e-systemygrzewcze.eu\/sklep\/wp-json\/wp\/v2\/product\/7371","targetHints":{"allow":["GET"]}}],"collection":[{"href":"https:\/\/e-systemygrzewcze.eu\/sklep\/wp-json\/wp\/v2\/product"}],"about":[{"href":"https:\/\/e-systemygrzewcze.eu\/sklep\/wp-json\/wp\/v2\/types\/product"}],"wp:featuredmedia":[{"embeddable":true,"href":"https:\/\/e-systemygrzewcze.eu\/sklep\/wp-json\/wp\/v2\/media\/7374"}],"wp:attachment":[{"href":"https:\/\/e-systemygrzewcze.eu\/sklep\/wp-json\/wp\/v2\/media?parent=7371"}],"wp:term":[{"taxonomy":"product_brand","embeddable":true,"href":"https:\/\/e-systemygrzewcze.eu\/sklep\/wp-json\/wp\/v2\/product_brand?post=7371"},{"taxonomy":"product_cat","embeddable":true,"href":"https:\/\/e-systemygrzewcze.eu\/sklep\/wp-json\/wp\/v2\/product_cat?post=7371"},{"taxonomy":"product_tag","embeddable":true,"href":"https:\/\/e-systemygrzewcze.eu\/sklep\/wp-json\/wp\/v2\/product_tag?post=7371"}],"curies":[{"name":"wp","href":"https:\/\/api.w.org\/{rel}","templated":true}]}}