{"id":7329,"date":"2025-10-03T07:31:48","date_gmt":"2025-10-03T07:31:48","guid":{"rendered":"https:\/\/e-systemygrzewcze.eu\/sklep\/produkt\/konektor-zlacze-mc4-zenskie-4-6mm2\/"},"modified":"2026-03-31T06:32:16","modified_gmt":"2026-03-31T06:32:16","slug":"konektor-zlacze-mc4-zenskie-4-6mm2","status":"publish","type":"product","link":"https:\/\/e-systemygrzewcze.eu\/sklep\/produkt\/konektor-zlacze-mc4-zenskie-4-6mm2\/","title":{"rendered":"Konektor z\u0142\u0105cze MC4 \u017ce\u0144skie 4\/6mm2"},"content":{"rendered":"","protected":false},"excerpt":{"rendered":"<p><strong>Konektor MC4 \u017ce\u0144ski przeznaczony do przewod\u00f3w solarnych o przekroju 4 mm\u00b2 i 6 mm\u00b2. Wykonany z trwa\u0142ych materia\u0142\u00f3w odpornych na promieniowanie UV oraz warunki atmosferyczne. Gwarantuje bezpieczne, szczelne i stabilne po\u0142\u0105czenie w instalacjach fotowoltaicznych. Kompatybilny ze standardowymi z\u0142\u0105czami MC4.<\/strong><\/p>\n","protected":false},"featured_media":7394,"template":"","meta":{"_kad_blocks_custom_css":"","_kad_blocks_head_custom_js":"","_kad_blocks_body_custom_js":"","_kad_blocks_footer_custom_js":"","_kad_post_transparent":"default","_kad_post_title":"","_kad_post_layout":"default","_kad_post_sidebar_id":"","_kad_post_content_style":"default","_kad_post_vertical_padding":"default","_kad_post_feature":"","_kad_post_feature_position":"","_kad_post_header":false,"_kad_post_footer":false,"_kad_post_classname":""},"product_brand":[],"product_cat":[250],"product_tag":[],"class_list":{"0":"post-7329","1":"product","2":"type-product","3":"status-publish","4":"has-post-thumbnail","6":"product_cat-akcesoria-fotowoltaika","7":"product_shipping_class-drobnica","9":"first","10":"instock","11":"taxable","12":"shipping-taxable","13":"purchasable","14":"product-type-simple","15":"entry","16":"content-bg","17":"loop-entry"},"taxonomy_info":{"product_cat":[{"value":250,"label":"Akcesoria elektryczne"}]},"featured_image_src_large":["https:\/\/e-systemygrzewcze.eu\/sklep\/wp-content\/uploads\/2025\/10\/Nowy-projekt-2025-10-06T083755.567.jpg",510,587,false],"author_info":[],"comment_info":"","_links":{"self":[{"href":"https:\/\/e-systemygrzewcze.eu\/sklep\/wp-json\/wp\/v2\/product\/7329","targetHints":{"allow":["GET"]}}],"collection":[{"href":"https:\/\/e-systemygrzewcze.eu\/sklep\/wp-json\/wp\/v2\/product"}],"about":[{"href":"https:\/\/e-systemygrzewcze.eu\/sklep\/wp-json\/wp\/v2\/types\/product"}],"wp:featuredmedia":[{"embeddable":true,"href":"https:\/\/e-systemygrzewcze.eu\/sklep\/wp-json\/wp\/v2\/media\/7394"}],"wp:attachment":[{"href":"https:\/\/e-systemygrzewcze.eu\/sklep\/wp-json\/wp\/v2\/media?parent=7329"}],"wp:term":[{"taxonomy":"product_brand","embeddable":true,"href":"https:\/\/e-systemygrzewcze.eu\/sklep\/wp-json\/wp\/v2\/product_brand?post=7329"},{"taxonomy":"product_cat","embeddable":true,"href":"https:\/\/e-systemygrzewcze.eu\/sklep\/wp-json\/wp\/v2\/product_cat?post=7329"},{"taxonomy":"product_tag","embeddable":true,"href":"https:\/\/e-systemygrzewcze.eu\/sklep\/wp-json\/wp\/v2\/product_tag?post=7329"}],"curies":[{"name":"wp","href":"https:\/\/api.w.org\/{rel}","templated":true}]}}