{"id":7326,"date":"2025-10-03T07:12:43","date_gmt":"2025-10-03T07:12:43","guid":{"rendered":"https:\/\/e-systemygrzewcze.eu\/sklep\/produkt\/syfon-butelkowy-do-umywalki-5-4-eu0n332\/"},"modified":"2026-04-09T06:06:39","modified_gmt":"2026-04-09T06:06:39","slug":"syfon-butelkowy-do-umywalki-5-4-eu0n332","status":"publish","type":"product","link":"https:\/\/e-systemygrzewcze.eu\/sklep\/produkt\/syfon-butelkowy-do-umywalki-5-4-eu0n332\/","title":{"rendered":"Syfon butelkowy do umywalki 5\/4 EU0N332"},"content":{"rendered":"","protected":false},"excerpt":{"rendered":"<p><strong>Syfon butelkowy do umywalki 5\/4 EU0N332 \u2013 solidny i estetyczny syfon butelkowy przeznaczony do monta\u017cu pod umywalk\u0105. Wykonany z trwa\u0142ego tworzywa, zapewnia skuteczne odprowadzanie wody oraz ochron\u0119 przed wydostawaniem si\u0119 nieprzyjemnych zapach\u00f3w z kanalizacji. Prosty monta\u017c i \u0142atwa konserwacja.<\/strong><\/p>\n","protected":false},"featured_media":7327,"template":"","meta":{"_kad_blocks_custom_css":"","_kad_blocks_head_custom_js":"","_kad_blocks_body_custom_js":"","_kad_blocks_footer_custom_js":"","_kad_post_transparent":"default","_kad_post_title":"","_kad_post_layout":"default","_kad_post_sidebar_id":"","_kad_post_content_style":"default","_kad_post_vertical_padding":"default","_kad_post_feature":"","_kad_post_feature_position":"","_kad_post_header":false,"_kad_post_footer":false,"_kad_post_classname":""},"product_brand":[434],"product_cat":[302],"product_tag":[],"class_list":{"0":"post-7326","1":"product","2":"type-product","3":"status-publish","4":"has-post-thumbnail","6":"product_brand-plastbrno","7":"product_cat-syfony","8":"product_shipping_class-drobnica","10":"first","11":"instock","12":"taxable","13":"shipping-taxable","14":"purchasable","15":"product-type-simple","16":"entry","17":"content-bg","18":"loop-entry"},"taxonomy_info":{"product_brand":[{"value":434,"label":"PLASTBRNO"}],"product_cat":[{"value":302,"label":"Syfony"}]},"featured_image_src_large":["https:\/\/e-systemygrzewcze.eu\/sklep\/wp-content\/uploads\/2025\/10\/Nowy-projekt-2025-10-03T091408.976.jpg",510,578,false],"author_info":[],"comment_info":"","_links":{"self":[{"href":"https:\/\/e-systemygrzewcze.eu\/sklep\/wp-json\/wp\/v2\/product\/7326","targetHints":{"allow":["GET"]}}],"collection":[{"href":"https:\/\/e-systemygrzewcze.eu\/sklep\/wp-json\/wp\/v2\/product"}],"about":[{"href":"https:\/\/e-systemygrzewcze.eu\/sklep\/wp-json\/wp\/v2\/types\/product"}],"wp:featuredmedia":[{"embeddable":true,"href":"https:\/\/e-systemygrzewcze.eu\/sklep\/wp-json\/wp\/v2\/media\/7327"}],"wp:attachment":[{"href":"https:\/\/e-systemygrzewcze.eu\/sklep\/wp-json\/wp\/v2\/media?parent=7326"}],"wp:term":[{"taxonomy":"product_brand","embeddable":true,"href":"https:\/\/e-systemygrzewcze.eu\/sklep\/wp-json\/wp\/v2\/product_brand?post=7326"},{"taxonomy":"product_cat","embeddable":true,"href":"https:\/\/e-systemygrzewcze.eu\/sklep\/wp-json\/wp\/v2\/product_cat?post=7326"},{"taxonomy":"product_tag","embeddable":true,"href":"https:\/\/e-systemygrzewcze.eu\/sklep\/wp-json\/wp\/v2\/product_tag?post=7326"}],"curies":[{"name":"wp","href":"https:\/\/api.w.org\/{rel}","templated":true}]}}