{"id":7313,"date":"2025-10-03T06:15:39","date_gmt":"2025-10-03T06:15:39","guid":{"rendered":"https:\/\/e-systemygrzewcze.eu\/sklep\/produkt\/uszczelka-wygluszajaca-do-wc\/"},"modified":"2026-04-09T06:06:59","modified_gmt":"2026-04-09T06:06:59","slug":"uszczelka-wygluszajaca-do-wc","status":"publish","type":"product","link":"https:\/\/e-systemygrzewcze.eu\/sklep\/produkt\/uszczelka-wygluszajaca-do-wc\/","title":{"rendered":"Uszczelka wyg\u0142uszaj\u0105ca do wc"},"content":{"rendered":"","protected":false},"excerpt":{"rendered":"<p><strong>Uszczelka wyg\u0142uszaj\u0105ca do WC \u2013 element monta\u017cowy stosowany przy instalacji miski ust\u0119powej. Skutecznie t\u0142umi ha\u0142as powstaj\u0105cy podczas u\u017cytkowania toalety oraz zapewnia szczelne i stabilne po\u0142\u0105czenie mi\u0119dzy misk\u0105 a \u015bcian\u0105 lub pod\u0142o\u017cem.<\/strong><\/p>\n","protected":false},"featured_media":7314,"template":"","meta":{"_kad_blocks_custom_css":"","_kad_blocks_head_custom_js":"","_kad_blocks_body_custom_js":"","_kad_blocks_footer_custom_js":"","_kad_post_transparent":"default","_kad_post_title":"","_kad_post_layout":"default","_kad_post_sidebar_id":"","_kad_post_content_style":"default","_kad_post_vertical_padding":"default","_kad_post_feature":"","_kad_post_feature_position":"","_kad_post_header":false,"_kad_post_footer":false,"_kad_post_classname":""},"product_brand":[],"product_cat":[303],"product_tag":[],"class_list":{"0":"post-7313","1":"product","2":"type-product","3":"status-publish","4":"has-post-thumbnail","6":"product_cat-czesci-zamienne-stelazy","7":"product_shipping_class-drobnica","9":"first","10":"instock","11":"taxable","12":"shipping-taxable","13":"purchasable","14":"product-type-simple","15":"entry","16":"content-bg","17":"loop-entry"},"taxonomy_info":{"product_cat":[{"value":303,"label":"Cz\u0119\u015bci zamienne stela\u017cy podtynkowych"}]},"featured_image_src_large":["https:\/\/e-systemygrzewcze.eu\/sklep\/wp-content\/uploads\/2025\/10\/Nowy-projekt-2025-10-03T081926.322.jpg",510,578,false],"author_info":[],"comment_info":"","_links":{"self":[{"href":"https:\/\/e-systemygrzewcze.eu\/sklep\/wp-json\/wp\/v2\/product\/7313","targetHints":{"allow":["GET"]}}],"collection":[{"href":"https:\/\/e-systemygrzewcze.eu\/sklep\/wp-json\/wp\/v2\/product"}],"about":[{"href":"https:\/\/e-systemygrzewcze.eu\/sklep\/wp-json\/wp\/v2\/types\/product"}],"wp:featuredmedia":[{"embeddable":true,"href":"https:\/\/e-systemygrzewcze.eu\/sklep\/wp-json\/wp\/v2\/media\/7314"}],"wp:attachment":[{"href":"https:\/\/e-systemygrzewcze.eu\/sklep\/wp-json\/wp\/v2\/media?parent=7313"}],"wp:term":[{"taxonomy":"product_brand","embeddable":true,"href":"https:\/\/e-systemygrzewcze.eu\/sklep\/wp-json\/wp\/v2\/product_brand?post=7313"},{"taxonomy":"product_cat","embeddable":true,"href":"https:\/\/e-systemygrzewcze.eu\/sklep\/wp-json\/wp\/v2\/product_cat?post=7313"},{"taxonomy":"product_tag","embeddable":true,"href":"https:\/\/e-systemygrzewcze.eu\/sklep\/wp-json\/wp\/v2\/product_tag?post=7313"}],"curies":[{"name":"wp","href":"https:\/\/api.w.org\/{rel}","templated":true}]}}