{"id":7295,"date":"2025-10-01T14:20:33","date_gmt":"2025-10-01T14:20:33","guid":{"rendered":"https:\/\/e-systemygrzewcze.eu\/sklep\/produkt\/tuleja-czujnika-1-2-l-50mm\/"},"modified":"2026-03-09T15:19:00","modified_gmt":"2026-03-09T15:19:00","slug":"tuleja-czujnika-1-2-l-50mm","status":"publish","type":"product","link":"https:\/\/e-systemygrzewcze.eu\/sklep\/produkt\/tuleja-czujnika-1-2-l-50mm\/","title":{"rendered":"Tuleja czujnika 1\/2&#8243; L-50mm"},"content":{"rendered":"","protected":false},"excerpt":{"rendered":"<p><strong>Tuleja czujnika 1\/2&#8243; L-50mm \u2013 mosi\u0119\u017cna tuleja ochronna o d\u0142ugo\u015bci 50 mm, przeznaczona do monta\u017cu czujnik\u00f3w temperatury w instalacjach grzewczych i hydraulicznych. Zapewnia szczelno\u015b\u0107, trwa\u0142o\u015b\u0107 i \u0142atwy monta\u017c.<\/strong><\/p>\n","protected":false},"featured_media":7298,"template":"","meta":{"_kad_blocks_custom_css":"","_kad_blocks_head_custom_js":"","_kad_blocks_body_custom_js":"","_kad_blocks_footer_custom_js":"","_kad_post_transparent":"default","_kad_post_title":"","_kad_post_layout":"default","_kad_post_sidebar_id":"","_kad_post_content_style":"default","_kad_post_vertical_padding":"default","_kad_post_feature":"","_kad_post_feature_position":"","_kad_post_header":false,"_kad_post_footer":false,"_kad_post_classname":""},"product_brand":[],"product_cat":[316],"product_tag":[],"class_list":{"0":"post-7295","1":"product","2":"type-product","3":"status-publish","4":"has-post-thumbnail","6":"product_cat-akcesoria-do-zbiornikow","7":"product_shipping_class-drobnica","9":"first","10":"instock","11":"taxable","12":"shipping-taxable","13":"purchasable","14":"product-type-simple","15":"entry","16":"content-bg","17":"loop-entry"},"taxonomy_info":{"product_cat":[{"value":316,"label":"Akcesoria do zbiornik\u00f3w"}]},"featured_image_src_large":["https:\/\/e-systemygrzewcze.eu\/sklep\/wp-content\/uploads\/2025\/10\/Nowy-projekt-2025-10-01T162226.581.jpg",510,578,false],"author_info":[],"comment_info":"","_links":{"self":[{"href":"https:\/\/e-systemygrzewcze.eu\/sklep\/wp-json\/wp\/v2\/product\/7295","targetHints":{"allow":["GET"]}}],"collection":[{"href":"https:\/\/e-systemygrzewcze.eu\/sklep\/wp-json\/wp\/v2\/product"}],"about":[{"href":"https:\/\/e-systemygrzewcze.eu\/sklep\/wp-json\/wp\/v2\/types\/product"}],"wp:featuredmedia":[{"embeddable":true,"href":"https:\/\/e-systemygrzewcze.eu\/sklep\/wp-json\/wp\/v2\/media\/7298"}],"wp:attachment":[{"href":"https:\/\/e-systemygrzewcze.eu\/sklep\/wp-json\/wp\/v2\/media?parent=7295"}],"wp:term":[{"taxonomy":"product_brand","embeddable":true,"href":"https:\/\/e-systemygrzewcze.eu\/sklep\/wp-json\/wp\/v2\/product_brand?post=7295"},{"taxonomy":"product_cat","embeddable":true,"href":"https:\/\/e-systemygrzewcze.eu\/sklep\/wp-json\/wp\/v2\/product_cat?post=7295"},{"taxonomy":"product_tag","embeddable":true,"href":"https:\/\/e-systemygrzewcze.eu\/sklep\/wp-json\/wp\/v2\/product_tag?post=7295"}],"curies":[{"name":"wp","href":"https:\/\/api.w.org\/{rel}","templated":true}]}}