{"id":7271,"date":"2025-09-27T10:26:34","date_gmt":"2025-09-27T10:26:34","guid":{"rendered":"https:\/\/e-systemygrzewcze.eu\/sklep\/produkt\/syfon-do-odprowadzania-popluczyn-od-zmiekczacza-bwt\/"},"modified":"2026-03-31T09:16:50","modified_gmt":"2026-03-31T09:16:50","slug":"syfon-do-odprowadzania-popluczyn-od-zmiekczacza-bwt","status":"publish","type":"product","link":"https:\/\/e-systemygrzewcze.eu\/sklep\/produkt\/syfon-do-odprowadzania-popluczyn-od-zmiekczacza-bwt\/","title":{"rendered":"Syfon do odprowadzania pop\u0142uczyn od zmi\u0119kczacza BWT"},"content":{"rendered":"<div id=\"row-1767531580\" class=\"row\">\n<div id=\"col-861582588\" class=\"col small-12 large-12\">\n<div class=\"col-inner\">\n<h2 data-start=\"220\" data-end=\"277\">Syfon do odprowadzania pop\u0142uczyn od zmi\u0119kczacza \ud83d\udca7<\/h2>\n<p>Profesjonalny syfon BWT do odprowadzania pop\u0142uczyn do kanalizacji po regeneracji z\u0142\u00f3\u017c w zmi\u0119kczaczach wody lub innych urz\u0105dzeniach uzdatniaj\u0105cych wod\u0119. Wykonany z wytrzyma\u0142ego, bia\u0142ego tworzywa sztucznego, umo\u017cliwia pod\u0142\u0105czenie dw\u00f3ch przewod\u00f3w: 1\/2 cala oraz 3\/4 cala. Jeden przew\u00f3d s\u0142u\u017cy do odprowadzania pop\u0142uczyn regeneracyjnych z procesu p\u0142ukania z\u0142o\u017ca w zmi\u0119kczaczu, a drugi stanowi przelew awaryjny w przypadku awarii odci\u0119cia wody p\u0142ywakiem.<br \/>\nOdprowadzanie pop\u0142uczyn odbywa si\u0119 przy\u0142\u0105czem dolnym DN40 (\u015brednica 40\u202fmm), z mo\u017cliwo\u015bci\u0105 zastosowania redukcji do standard\u00f3w polskich DN32 lub DN50.<\/p>\n<h2 data-start=\"907\" data-end=\"930\">\u2b50 <strong data-start=\"909\" data-end=\"928\">Zalety produktu<\/strong><\/h2>\n<ul data-start=\"931\" data-end=\"1145\">\n<li data-start=\"931\" data-end=\"983\">\n<p data-start=\"933\" data-end=\"983\">Solidne wykonanie z trwa\u0142ego tworzywa sztucznego<\/p>\n<\/li>\n<li data-start=\"984\" data-end=\"1057\">\n<p data-start=\"986\" data-end=\"1057\">Mo\u017cliwo\u015b\u0107 pod\u0142\u0105czenia dw\u00f3ch przewod\u00f3w (pop\u0142uczyny + przelew awaryjny)<\/p>\n<\/li>\n<li data-start=\"1058\" data-end=\"1108\">\n<p data-start=\"1060\" data-end=\"1108\">Pasuje do wi\u0119kszo\u015bci domowych zmi\u0119kczaczy wody<\/p>\n<\/li>\n<li data-start=\"1109\" data-end=\"1145\">\n<p data-start=\"1111\" data-end=\"1145\">\u0141atwy monta\u017c i bezawaryjna praca<\/p>\n<\/li>\n<\/ul>\n<h2 data-start=\"1147\" data-end=\"1168\">\u2699\ufe0f <strong data-start=\"1150\" data-end=\"1166\">Zastosowanie<\/strong><\/h2>\n<ul data-start=\"1169\" data-end=\"1320\">\n<li data-start=\"1169\" data-end=\"1215\">\n<p data-start=\"1171\" data-end=\"1215\">Odprowadzanie pop\u0142uczyn z zmi\u0119kczaczy wody<\/p>\n<\/li>\n<li data-start=\"1216\" data-end=\"1252\">\n<p data-start=\"1218\" data-end=\"1252\">Instalacje domowe i ma\u0142e obiekty<\/p>\n<\/li>\n<li data-start=\"1253\" data-end=\"1320\">\n<p data-start=\"1255\" data-end=\"1320\">Ochrona systemu przed zalaniem w przypadku awarii odci\u0119cia wody<\/p>\n<\/li>\n<\/ul>\n<\/div>\n<\/div>\n<\/div>\n","protected":false},"excerpt":{"rendered":"<p><strong>Syfon do odprowadzania pop\u0142uczyn BWT to niezawodne rozwi\u0105zanie do zmi\u0119kczaczy wody, kt\u00f3re zapewnia bezpieczne i higieniczne odprowadzanie wody po regeneracji z\u0142\u00f3\u017c. Solidna konstrukcja i mo\u017cliwo\u015b\u0107 pod\u0142\u0105czenia przelewu awaryjnego gwarantuj\u0105 komfort i bezpiecze\u0144stwo u\u017cytkowania instalacji wodnej.<\/strong><\/p>\n","protected":false},"featured_media":7272,"template":"","meta":{"_kad_blocks_custom_css":"","_kad_blocks_head_custom_js":"","_kad_blocks_body_custom_js":"","_kad_blocks_footer_custom_js":"","_kad_post_transparent":"default","_kad_post_title":"","_kad_post_layout":"default","_kad_post_sidebar_id":"","_kad_post_content_style":"default","_kad_post_vertical_padding":"default","_kad_post_feature":"","_kad_post_feature_position":"","_kad_post_header":false,"_kad_post_footer":false,"_kad_post_classname":""},"product_brand":[],"product_cat":[229],"product_tag":[],"class_list":{"0":"post-7271","1":"product","2":"type-product","3":"status-publish","4":"has-post-thumbnail","6":"product_cat-akcesoria-zmiekczanie-wody","7":"product_shipping_class-drobnica","9":"first","10":"instock","11":"taxable","12":"shipping-taxable","13":"purchasable","14":"product-type-simple","15":"entry","16":"content-bg","17":"loop-entry"},"taxonomy_info":{"product_cat":[{"value":229,"label":"Akcesoria"}]},"featured_image_src_large":["https:\/\/e-systemygrzewcze.eu\/sklep\/wp-content\/uploads\/2025\/09\/Nowy-projekt-2025-09-27T122726.372.jpg",510,578,false],"author_info":[],"comment_info":"","_links":{"self":[{"href":"https:\/\/e-systemygrzewcze.eu\/sklep\/wp-json\/wp\/v2\/product\/7271","targetHints":{"allow":["GET"]}}],"collection":[{"href":"https:\/\/e-systemygrzewcze.eu\/sklep\/wp-json\/wp\/v2\/product"}],"about":[{"href":"https:\/\/e-systemygrzewcze.eu\/sklep\/wp-json\/wp\/v2\/types\/product"}],"wp:featuredmedia":[{"embeddable":true,"href":"https:\/\/e-systemygrzewcze.eu\/sklep\/wp-json\/wp\/v2\/media\/7272"}],"wp:attachment":[{"href":"https:\/\/e-systemygrzewcze.eu\/sklep\/wp-json\/wp\/v2\/media?parent=7271"}],"wp:term":[{"taxonomy":"product_brand","embeddable":true,"href":"https:\/\/e-systemygrzewcze.eu\/sklep\/wp-json\/wp\/v2\/product_brand?post=7271"},{"taxonomy":"product_cat","embeddable":true,"href":"https:\/\/e-systemygrzewcze.eu\/sklep\/wp-json\/wp\/v2\/product_cat?post=7271"},{"taxonomy":"product_tag","embeddable":true,"href":"https:\/\/e-systemygrzewcze.eu\/sklep\/wp-json\/wp\/v2\/product_tag?post=7271"}],"curies":[{"name":"wp","href":"https:\/\/api.w.org\/{rel}","templated":true}]}}