{"id":7235,"date":"2025-09-27T08:20:31","date_gmt":"2025-09-27T08:20:31","guid":{"rendered":"https:\/\/e-systemygrzewcze.eu\/sklep\/produkt\/kolano-czarne-stale-trzyczesciowe-90-105\/"},"modified":"2026-03-18T08:02:15","modified_gmt":"2026-03-18T08:02:15","slug":"kolano-czarne-stale-trzyczesciowe-90-105","status":"publish","type":"product","link":"https:\/\/e-systemygrzewcze.eu\/sklep\/produkt\/kolano-czarne-stale-trzyczesciowe-90-105\/","title":{"rendered":"Kolano czarne sta\u0142e trzycz\u0119\u015bciowe 90\u00b0 105"},"content":{"rendered":"","protected":false},"excerpt":{"rendered":"<p><strong>Kolano czarne sta\u0142e trzycz\u0119\u015bciowe 90\u00b0 105 \u2013 trwa\u0142e, stalowe kolano kominowe o \u015brednicy 105 mm i k\u0105cie 90\u00b0, wykonane w konstrukcji tr\u00f3jcz\u0119\u015bciowej. Umo\u017cliwia pewne i szczelne po\u0142\u0105czenie element\u00f3w systemu kominowego, odporne na wysokie temperatury.<\/strong><\/p>\n","protected":false},"featured_media":7241,"template":"","meta":{"_kad_blocks_custom_css":"","_kad_blocks_head_custom_js":"","_kad_blocks_body_custom_js":"","_kad_blocks_footer_custom_js":"","_kad_post_transparent":"default","_kad_post_title":"","_kad_post_layout":"default","_kad_post_sidebar_id":"","_kad_post_content_style":"default","_kad_post_vertical_padding":"default","_kad_post_feature":"","_kad_post_feature_position":"","_kad_post_header":false,"_kad_post_footer":false,"_kad_post_classname":""},"product_brand":[],"product_cat":[307],"product_tag":[],"class_list":{"0":"post-7235","1":"product","2":"type-product","3":"status-publish","4":"has-post-thumbnail","6":"product_cat-kominy-do-kotlow-stalopalnych","7":"product_shipping_class-drobnica","9":"first","10":"instock","11":"taxable","12":"shipping-taxable","13":"purchasable","14":"product-type-simple","15":"entry","16":"content-bg","17":"loop-entry"},"taxonomy_info":{"product_cat":[{"value":307,"label":"Kominy do kot\u0142\u00f3w sta\u0142opalnych"}]},"featured_image_src_large":["https:\/\/e-systemygrzewcze.eu\/sklep\/wp-content\/uploads\/2025\/09\/Nowy-projekt-2025-09-27T103031.051.jpg",510,578,false],"author_info":[],"comment_info":"","_links":{"self":[{"href":"https:\/\/e-systemygrzewcze.eu\/sklep\/wp-json\/wp\/v2\/product\/7235","targetHints":{"allow":["GET"]}}],"collection":[{"href":"https:\/\/e-systemygrzewcze.eu\/sklep\/wp-json\/wp\/v2\/product"}],"about":[{"href":"https:\/\/e-systemygrzewcze.eu\/sklep\/wp-json\/wp\/v2\/types\/product"}],"wp:featuredmedia":[{"embeddable":true,"href":"https:\/\/e-systemygrzewcze.eu\/sklep\/wp-json\/wp\/v2\/media\/7241"}],"wp:attachment":[{"href":"https:\/\/e-systemygrzewcze.eu\/sklep\/wp-json\/wp\/v2\/media?parent=7235"}],"wp:term":[{"taxonomy":"product_brand","embeddable":true,"href":"https:\/\/e-systemygrzewcze.eu\/sklep\/wp-json\/wp\/v2\/product_brand?post=7235"},{"taxonomy":"product_cat","embeddable":true,"href":"https:\/\/e-systemygrzewcze.eu\/sklep\/wp-json\/wp\/v2\/product_cat?post=7235"},{"taxonomy":"product_tag","embeddable":true,"href":"https:\/\/e-systemygrzewcze.eu\/sklep\/wp-json\/wp\/v2\/product_tag?post=7235"}],"curies":[{"name":"wp","href":"https:\/\/api.w.org\/{rel}","templated":true}]}}